{"id":2673,"date":"2022-01-07T12:01:19","date_gmt":"2022-01-07T11:01:19","guid":{"rendered":"https:\/\/24seven-assistance.com\/abschnitt-beratung-und-kontakt\/"},"modified":"2023-05-03T20:26:01","modified_gmt":"2023-05-03T18:26:01","slug":"abschnitt-beratung-und-kontakt","status":"publish","type":"page","link":"https:\/\/24seven-assistance.com\/hu\/abschnitt-beratung-und-kontakt\/","title":{"rendered":"Abschnitt Beratung und Kontakt"},"content":{"rendered":"\n<style type=\"text\/css\" data-created_by=\"avia_inline_auto\" id=\"style-css-av-kxeqeg5s-cfc1772456038085fde1cda236229ea9\">\n.avia-section.av-kxeqeg5s-cfc1772456038085fde1cda236229ea9{\nbackground-repeat:no-repeat;\nbackground-image:url(https:\/\/24seven-assistance.com\/wp-content\/uploads\/2022\/01\/Beratung-24-7-Assistance-Europa.jpg);\nbackground-position:0% 50%;\nbackground-attachment:scroll;\n}\n<\/style>\n<div id='beratung'  class='avia-section av-kxeqeg5s-cfc1772456038085fde1cda236229ea9 main_color avia-section-no-padding avia-no-border-styling  avia-builder-el-0  avia-builder-el-no-sibling  avia-bg-style-scroll container_wrap sidebar_right'  data-section-bg-repeat='no-repeat'><div class='container av-section-cont-open' ><main  role=\"main\" itemprop=\"mainContentOfPage\"  class='template-page content  av-content-small alpha units'><div class='post-entry post-entry-type-page post-entry-2673'><div class='entry-content-wrapper clearfix'>\n\n<style type=\"text\/css\" data-created_by=\"avia_inline_auto\" id=\"style-css-av-kcmi2-928de44fbff80a120278a11c16a394fb\">\n#top .hr.hr-invisible.av-kcmi2-928de44fbff80a120278a11c16a394fb{\nheight:100px;\n}\n<\/style>\n<div  class='hr av-kcmi2-928de44fbff80a120278a11c16a394fb hr-invisible  avia-builder-el-1  el_before_av_one_fifth  avia-builder-el-first '><span class='hr-inner '><span class=\"hr-inner-style\"><\/span><\/span><\/div>\n<div  class='flex_column av-kxer1fhc-b79467e6aa0d46d7d152c743a64587a8 av_one_fifth  avia-builder-el-2  el_after_av_hr  el_before_av_three_fifth  first no_margin flex_column_div  '     ><\/div><div  class='flex_column av-fiyyi-d6d6b983a708fbb874e2386b279ff42f av_three_fifth  avia-builder-el-3  el_after_av_one_fifth  el_before_av_one_fifth  no_margin flex_column_div  '     ><p>\n<style type=\"text\/css\" data-created_by=\"avia_inline_auto\" id=\"style-css-av-kxeqkcun-305c608822598613b546a561266740b7\">\n#top .av-special-heading.av-kxeqkcun-305c608822598613b546a561266740b7{\npadding-bottom:10px;\n}\nbody .av-special-heading.av-kxeqkcun-305c608822598613b546a561266740b7 .av-special-heading-tag .heading-char{\nfont-size:25px;\n}\n.av-special-heading.av-kxeqkcun-305c608822598613b546a561266740b7 .av-subheading{\nfont-size:15px;\n}\n<\/style>\n<div  class='av-special-heading av-kxeqkcun-305c608822598613b546a561266740b7 av-special-heading-h2 blockquote modern-quote modern-centered  avia-builder-el-4  el_before_av_textblock  avia-builder-el-first '><h2 class='av-special-heading-tag '  itemprop=\"headline\"  >Kapcsolatfelv\u00e9tel <span class='special_amp'>&amp;<\/span> Tan\u00e1csad\u00e1s<\/h2><div class=\"special-heading-border\"><div class=\"special-heading-inner-border\"><\/div><\/div><\/div><br \/>\n<section  class='av_textblock_section av-kxeqksas-557a7a2fc027e2bb88681be88bde48aa '   itemscope=\"itemscope\" itemtype=\"https:\/\/schema.org\/CreativeWork\" ><div class='avia_textblock text-large-black'  itemprop=\"text\" ><p style=\"text-align: center;\"><span style=\"color: #000000;\">Ig\u00e9nybe venn\u00e9 a 24\/7 GmbH szolg\u00e1ltat\u00e1sait, de szeretne ehhez n\u00e9h\u00e1ny k\u00e9rd\u00e9st feltenni illetve szem\u00e9lyesen elbesz\u00e9lgetni koll\u00e9g\u00e1nkkal?<\/span><\/p>\n<p style=\"text-align: center;\"><span style=\"color: #000000;\">K\u00e9szs\u00e9ggel \u00e1llunk rendelkez\u00e9s\u00e9re!<\/span><\/p>\n<\/div><\/section><br \/>\n<div  class='avia-button-wrap av-kxeqnuwu-3d35160b6c0cc0e86f2b422aab9c87cf-wrap avia-button-center  avia-builder-el-6  el_after_av_textblock  avia-builder-el-last '><a href='https:\/\/24seven-assistance.com\/hu\/beratung-und-kontakt\/'  class='avia-button av-kxeqnuwu-3d35160b6c0cc0e86f2b422aab9c87cf av-link-btn avia-icon_select-yes-left-icon avia-size-small avia-position-center avia-color-theme-color-highlight'   aria-label=\"tan\u00e1csad\u00e1s\"><span class='avia_button_icon avia_button_icon_left avia-iconfont avia-font-fontello' data-av_icon='\ue800' data-av_iconfont='fontello' ><\/span><span class='avia_iconbox_title' >tan\u00e1csad\u00e1s<\/span><\/a><\/div><\/p><\/div><div  class='flex_column av-7yzai-3d473e0bb357f5ca4babdaad474b0b1b av_one_fifth  avia-builder-el-7  el_after_av_three_fifth  el_before_av_hr  no_margin flex_column_div  '     ><\/div>\n<style type=\"text\/css\" data-created_by=\"avia_inline_auto\" id=\"style-css-av-kxeqxq2h-4d042f88cd08f39c597d8fbac170c957\">\n#top .hr.hr-invisible.av-kxeqxq2h-4d042f88cd08f39c597d8fbac170c957{\nheight:100px;\n}\n<\/style>\n<div  class='hr av-kxeqxq2h-4d042f88cd08f39c597d8fbac170c957 hr-invisible  avia-builder-el-8  el_after_av_one_fifth  avia-builder-el-last '><span class='hr-inner '><span class=\"hr-inner-style\"><\/span><\/span><\/div>\n<\/div><\/div><\/main><!-- close content main element --><\/div><\/div><div id='after_section_1'  class='main_color av_default_container_wrap container_wrap sidebar_right'  ><div class='container av-section-cont-open' ><div class='template-page content  av-content-small alpha units'><div class='post-entry post-entry-type-page post-entry-2673'><div class='entry-content-wrapper clearfix'>\n","protected":false},"excerpt":{"rendered":"","protected":false},"author":1,"featured_media":0,"parent":0,"menu_order":0,"comment_status":"closed","ping_status":"closed","template":"","meta":{"inline_featured_image":false,"footnotes":""},"class_list":["post-2673","page","type-page","status-publish","hentry"],"_links":{"self":[{"href":"https:\/\/24seven-assistance.com\/hu\/wp-json\/wp\/v2\/pages\/2673","targetHints":{"allow":["GET"]}}],"collection":[{"href":"https:\/\/24seven-assistance.com\/hu\/wp-json\/wp\/v2\/pages"}],"about":[{"href":"https:\/\/24seven-assistance.com\/hu\/wp-json\/wp\/v2\/types\/page"}],"author":[{"embeddable":true,"href":"https:\/\/24seven-assistance.com\/hu\/wp-json\/wp\/v2\/users\/1"}],"replies":[{"embeddable":true,"href":"https:\/\/24seven-assistance.com\/hu\/wp-json\/wp\/v2\/comments?post=2673"}],"version-history":[{"count":0,"href":"https:\/\/24seven-assistance.com\/hu\/wp-json\/wp\/v2\/pages\/2673\/revisions"}],"wp:attachment":[{"href":"https:\/\/24seven-assistance.com\/hu\/wp-json\/wp\/v2\/media?parent=2673"}],"curies":[{"name":"wp","href":"https:\/\/api.w.org\/{rel}","templated":true}]}}