{"id":2676,"date":"2021-12-17T09:21:53","date_gmt":"2021-12-17T08:21:53","guid":{"rendered":"https:\/\/24seven-assistance.com\/assistance\/"},"modified":"2023-05-03T22:22:50","modified_gmt":"2023-05-03T20:22:50","slug":"assistance","status":"publish","type":"page","link":"https:\/\/24seven-assistance.com\/hu\/assistance\/","title":{"rendered":"Assistance"},"content":{"rendered":"\n<style type=\"text\/css\" data-created_by=\"avia_inline_auto\" id=\"style-css-av-kxa4r9c3-e153b595fcb1d96eca3e9383670cae3f\">\n.avia-section.av-kxa4r9c3-e153b595fcb1d96eca3e9383670cae3f{\nbackground-repeat:no-repeat;\nbackground-image:url(https:\/\/24seven-assistance.com\/wp-content\/uploads\/2022\/01\/Assistance-Netzwerk-Europa.jpg);\nbackground-position:50% 50%;\nbackground-attachment:scroll;\n}\n<\/style>\n<div id='av_section_1'  class='avia-section av-kxa4r9c3-e153b595fcb1d96eca3e9383670cae3f main_color avia-section-default avia-no-border-styling  avia-builder-el-0  el_before_av_section  avia-builder-el-first  avia-full-stretch avia-bg-style-scroll av-minimum-height av-minimum-height-40 av-height-percent  container_wrap sidebar_right'  data-section-bg-repeat='stretch' data-av_minimum_height_pc='40' data-av_min_height_opt='percent'><div class='container av-section-cont-open' ><main  role=\"main\" itemprop=\"mainContentOfPage\"  class='template-page content  av-content-small alpha units'><div class='post-entry post-entry-type-page post-entry-2676'><div class='entry-content-wrapper clearfix'>\n<div  class='flex_column av-kxej89kt-893680486796c402e306e7a3de25f9bc av_one_full  avia-builder-el-1  avia-builder-el-no-sibling  hl-over-img first flex_column_div  '     ><style type=\"text\/css\" data-created_by=\"avia_inline_auto\" id=\"style-css-av-kxac6u6f-7fcfcef79f3aa4059d9f0d6715023c7c\">\n#top .av-special-heading.av-kxac6u6f-7fcfcef79f3aa4059d9f0d6715023c7c{\npadding-bottom:10px;\n}\nbody .av-special-heading.av-kxac6u6f-7fcfcef79f3aa4059d9f0d6715023c7c .av-special-heading-tag .heading-char{\nfont-size:25px;\n}\n.av-special-heading.av-kxac6u6f-7fcfcef79f3aa4059d9f0d6715023c7c .av-subheading{\nfont-size:15px;\n}\n<\/style>\n<div  class='av-special-heading av-kxac6u6f-7fcfcef79f3aa4059d9f0d6715023c7c av-special-heading-h3 blockquote modern-quote modern-centered  avia-builder-el-2  avia-builder-el-no-sibling '><h3 class='av-special-heading-tag '  itemprop=\"headline\"  >Szak\u00e9rtelemmel bel- \u00e9s k\u00fclf\u00f6ld\u00f6n egyar\u00e1nt<\/h3><div class=\"special-heading-border\"><div class=\"special-heading-inner-border\"><\/div><\/div><\/div><\/div><\/div><\/div><\/main><!-- close content main element --><\/div><\/div><div id='av_section_2'  class='avia-section av-kxa8o8jg-6c536374e34c3585c7457f0f52227458 main_color avia-section-no-padding avia-no-border-styling  avia-builder-el-3  el_after_av_section  el_before_av_section  inner-content first-content-overlay avia-bg-style-scroll container_wrap sidebar_right'  ><div class='container av-section-cont-open' ><div class='template-page content  av-content-small alpha units'><div class='post-entry post-entry-type-page post-entry-2676'><div class='entry-content-wrapper clearfix'>\n\n<style type=\"text\/css\" data-created_by=\"avia_inline_auto\" id=\"style-css-av-ky4a1pb8-ebb0db7d64c9973de7aee1deaff476db\">\n#top .hr.av-ky4a1pb8-ebb0db7d64c9973de7aee1deaff476db{\nmargin-top:57px;\nmargin-bottom:18px;\n}\n.hr.av-ky4a1pb8-ebb0db7d64c9973de7aee1deaff476db .hr-inner{\nwidth:100%;\nborder-color:#bfbbba;\n}\n<\/style>\n<div  class='hr av-ky4a1pb8-ebb0db7d64c9973de7aee1deaff476db hr-custom  avia-builder-el-4  el_before_av_textblock  avia-builder-el-first  hr-center hr-icon-no'><span class='hr-inner inner-border-av-border-thin'><span class=\"hr-inner-style\"><\/span><\/span><\/div>\n<section  class='av_textblock_section av-kxaccxwc-29c9ccbaa3e24e23e7ea339f9b034995 '   itemscope=\"itemscope\" itemtype=\"https:\/\/schema.org\/CreativeWork\" ><div class='avia_textblock text-large'  itemprop=\"text\" ><h6>Assistance<\/h6>\n<h2>40.000 szerz\u0151d\u00e9ses partnerb\u0151l \u00e1ll\u00f3 szerv\u00edzh\u00e1l\u00f3zat Eur\u00f3pa szerte<\/h2>\n<p>Eg\u00e9sz Eur\u00f3p\u00e1ban el\u00e9rhet\u0151 assistance szolg\u00e1ltat\u00e1saink keret\u00e9n bel\u00fcl kamionok, teheraut\u00f3k, ut\u00e1nfut\u00f3k, p\u00f3tkocsik, buszok, kistehereaut\u00f3k vagy ak\u00e1r\u00a0 mez\u0151gazdas\u00e1gi illetve \u00e9p\u00edt\u0151ipari munkag\u00e9pek r\u00e9sz\u00e9re k\u00edn\u00e1lunk a nap 24 \u00f3r\u00e1j\u00e1ban seg\u00e9lyh\u00edv\u00f3 szolg\u00e1ltat\u00e1st.<br \/>\nA j\u00e1rm\u0171vek m\u0171szaki ment\u00e9se sor\u00e1n fedezetet ny\u00fajt\u00f3 el\u0151re megv\u00e1lthat\u00f3 aj\u00e1nlatok, mobilit\u00e1s csomagok \u00e9s prepaid fizet\u00e9si megold\u00e1sok teszik teljess\u00e9 a j\u00e1rm\u0171 gy\u00e1rt\u00f3knak (OEM-ek) \u00e9s flotta \u00fczemeltet\u0151knek k\u00edn\u00e1lt szolg\u00e1ltat\u00e1si palett\u00e1t.<\/p>\n<p>A 24\/7 ASSISTANCE Eur\u00f3pa szerte 40.000 szerz\u0151d\u00f6tt partnerb\u0151l \u00e1ll\u00f3 szerv\u00edzh\u00e1l\u00f3zattal rendelkezik, \u00e9s nagy n\u00f6veked\u00e9si potenci\u00e1llal b\u00edr\u00f3 mobilit\u00e1s szolg\u00e1ltat\u00f3k\u00e9nt a h\u00e1l\u00f3zat tov\u00e1bbi min\u0151s\u00e9gi ki\u00e9p\u00edt\u00e9s\u00e9n dolgozik a hat\u00e9konys\u00e1g, korszer\u0171s\u00e9g \u00e9s specializ\u00e1ci\u00f3 jegy\u00e9ben \u00e9s nemzetk\u00f6zi viszonylatban.<\/p>\n<\/div><\/section>\n<\/div><\/div><\/div><!-- close content main div --><\/div><\/div><div id='av_section_3'  class='avia-section av-26jdql-8b0904dfa9ce26a8697934be1e639cfa main_color avia-section-no-padding avia-no-border-styling  avia-builder-el-6  el_after_av_section  avia-builder-el-last  inner-content avia-bg-style-scroll container_wrap sidebar_right'  ><div class='container av-section-cont-open' ><div class='template-page content  av-content-small alpha units'><div class='post-entry post-entry-type-page post-entry-2676'><div class='entry-content-wrapper clearfix'>\n<div  class='flex_column av-21hhwd-92155ef776703401ee4412c7ec7cc288 av_one_half  avia-builder-el-7  el_before_av_one_half  avia-builder-el-first  first av-break-at-tablet flex_column_div  '     ><style type=\"text\/css\" data-created_by=\"avia_inline_auto\" id=\"style-css-av-kxad24eq-2cdde8c8c7acb4aa87d41f07879b1118\">\n.avia-image-container.av-kxad24eq-2cdde8c8c7acb4aa87d41f07879b1118 img.avia_image{\nbox-shadow:none;\n}\n.avia-image-container.av-kxad24eq-2cdde8c8c7acb4aa87d41f07879b1118 .av-image-caption-overlay-center{\ncolor:#ffffff;\n}\n<\/style>\n<div  class='avia-image-container av-kxad24eq-2cdde8c8c7acb4aa87d41f07879b1118 av-styling-no-styling avia-align-center  avia-builder-el-8  avia-builder-el-no-sibling  img-border'   itemprop=\"image\" itemscope=\"itemscope\" itemtype=\"https:\/\/schema.org\/ImageObject\" ><div class=\"avia-image-container-inner\"><div class=\"avia-image-overlay-wrap\"><img decoding=\"async\" fetchpriority=\"high\" class='wp-image-2632 avia-img-lazy-loading-not-2632 avia_image ' src=\"https:\/\/24seven-assistance.com\/wp-content\/uploads\/2021\/12\/Mobility-Pannenhilfe.jpg\" alt='' title='Mobility-Pannenhilfe'  height=\"550\" width=\"550\"  itemprop=\"thumbnailUrl\" srcset=\"https:\/\/24seven-assistance.com\/wp-content\/uploads\/2021\/12\/Mobility-Pannenhilfe.jpg 550w, https:\/\/24seven-assistance.com\/wp-content\/uploads\/2021\/12\/Mobility-Pannenhilfe-300x300.jpg 300w, https:\/\/24seven-assistance.com\/wp-content\/uploads\/2021\/12\/Mobility-Pannenhilfe-80x80.jpg 80w, https:\/\/24seven-assistance.com\/wp-content\/uploads\/2021\/12\/Mobility-Pannenhilfe-36x36.jpg 36w, https:\/\/24seven-assistance.com\/wp-content\/uploads\/2021\/12\/Mobility-Pannenhilfe-180x180.jpg 180w\" sizes=\"(max-width: 550px) 100vw, 550px\" \/><\/div><\/div><\/div><\/div><div  class='flex_column av-1vet7p-3307d7c27ff1290d34d441069bd345fd av_one_half  avia-builder-el-9  el_after_av_one_half  el_before_av_hr  mob-center av-break-at-tablet flex_column_div  '     ><p>\n<style type=\"text\/css\" data-created_by=\"avia_inline_auto\" id=\"style-css-av-kxadzr3u-f434f3269c26c73122e96387b22410c9\">\n#top .hr.hr-invisible.av-kxadzr3u-f434f3269c26c73122e96387b22410c9{\nheight:50px;\n}\n<\/style>\n<div  class='hr av-kxadzr3u-f434f3269c26c73122e96387b22410c9 hr-invisible  avia-builder-el-10  el_before_av_heading  avia-builder-el-first  av-small-hide av-mini-hide'><span class='hr-inner '><span class=\"hr-inner-style\"><\/span><\/span><\/div><br \/>\n\n<style type=\"text\/css\" data-created_by=\"avia_inline_auto\" id=\"style-css-av-kxad3bxq-b400a139250b08fb9cdecbe1d0346d9c\">\n#top .av-special-heading.av-kxad3bxq-b400a139250b08fb9cdecbe1d0346d9c{\npadding-bottom:10px;\n}\nbody .av-special-heading.av-kxad3bxq-b400a139250b08fb9cdecbe1d0346d9c .av-special-heading-tag .heading-char{\nfont-size:25px;\n}\n.av-special-heading.av-kxad3bxq-b400a139250b08fb9cdecbe1d0346d9c .av-subheading{\nfont-size:15px;\n}\n<\/style>\n<div  class='av-special-heading av-kxad3bxq-b400a139250b08fb9cdecbe1d0346d9c av-special-heading-h5 blockquote modern-quote  avia-builder-el-11  el_after_av_hr  el_before_av_textblock '><h5 class='av-special-heading-tag '  itemprop=\"headline\"  >Mobilit\u00e1s<\/h5><div class=\"special-heading-border\"><div class=\"special-heading-inner-border\"><\/div><\/div><\/div><br \/>\n<section  class='av_textblock_section av-kxad3m7u-4898a9a92116759f8b1e3e54f6625e45 '   itemscope=\"itemscope\" itemtype=\"https:\/\/schema.org\/CreativeWork\" ><div class='avia_textblock'  itemprop=\"text\" ><p>Mobilit\u00e1s csomagjainkkal m\u0171szaki seg\u00edts\u00e9get k\u00edn\u00e1lunk j\u00e1rm\u0171 gy\u00e1rt\u00f3k (OEM), v\u00e9gfelhaszn\u00e1l\u00f3k, leasingc\u00e9gek, biztos\u00edt\u00f3 t\u00e1rsas\u00e1gok r\u00e9sz\u00e9re illetve tov\u00e1bbi sokr\u00e9t\u0171 assistance szolg\u00e1ltat\u00e1st \u00fczemanyagk\u00e1rty\u00e1t k\u00edn\u00e1l\u00f3 t\u00e1rsas\u00e1goknak. Tudjon meg t\u00e9bbet az aj\u00e1nlatainkr\u00f3l.<\/p>\n<\/div><\/section><br \/>\n<div  class='avia-button-wrap av-kxad3s0w-f874eba8566aa4ba906675e86b479638-wrap avia-button-left  avia-builder-el-13  el_after_av_textblock  avia-builder-el-last '><a href='https:\/\/24seven-assistance.com\/hu\/assistance\/mobility\/'  class='avia-button av-kxad3s0w-f874eba8566aa4ba906675e86b479638 av-link-btn avia-icon_select-yes-left-icon avia-size-small avia-position-left avia-color-theme-color'   aria-label=\"Tov\u00e1bbi r\u00e9szletek\"><span class='avia_button_icon avia_button_icon_left avia-iconfont avia-font-fontello' data-av_icon='\ue800' data-av_iconfont='fontello' ><\/span><span class='avia_iconbox_title' >Tov\u00e1bbi r\u00e9szletek<\/span><\/a><\/div><\/p><\/div>\n<style type=\"text\/css\" data-created_by=\"avia_inline_auto\" id=\"style-css-av-kxae6q1d-0ab193e71af3d8ae0b914b0e60b4ce84\">\n#top .hr.hr-invisible.av-kxae6q1d-0ab193e71af3d8ae0b914b0e60b4ce84{\nheight:100px;\n}\n<\/style>\n<div  class='hr av-kxae6q1d-0ab193e71af3d8ae0b914b0e60b4ce84 hr-invisible  avia-builder-el-14  el_after_av_one_half  el_before_av_one_half '><span class='hr-inner '><span class=\"hr-inner-style\"><\/span><\/span><\/div>\n<div class='av-column-wrapper-individual av-break-at-tablet-flexwrapper av-mobile-columns-flex av-columns-reverse'><div  class='flex_column av-1p3j45-e8476fc1c5cc6f71527815942d934605 av_one_half  avia-builder-el-15  el_after_av_hr  el_before_av_one_half  mob-center first av-break-at-tablet flex_column_div  '     ><p>\n<style type=\"text\/css\" data-created_by=\"avia_inline_auto\" id=\"style-css-av-5xodh-8d5c4ed0f7702c0809f2d4fecac7bcad\">\n#top .hr.hr-invisible.av-5xodh-8d5c4ed0f7702c0809f2d4fecac7bcad{\nheight:50px;\n}\n<\/style>\n<div  class='hr av-5xodh-8d5c4ed0f7702c0809f2d4fecac7bcad hr-invisible  avia-builder-el-16  el_before_av_heading  avia-builder-el-first  av-small-hide av-mini-hide'><span class='hr-inner '><span class=\"hr-inner-style\"><\/span><\/span><\/div><br \/>\n\n<style type=\"text\/css\" data-created_by=\"avia_inline_auto\" id=\"style-css-av-kxae32ot-e23faf3e98d22322006530dccadbc299\">\n#top .av-special-heading.av-kxae32ot-e23faf3e98d22322006530dccadbc299{\npadding-bottom:10px;\n}\nbody .av-special-heading.av-kxae32ot-e23faf3e98d22322006530dccadbc299 .av-special-heading-tag .heading-char{\nfont-size:25px;\n}\n.av-special-heading.av-kxae32ot-e23faf3e98d22322006530dccadbc299 .av-subheading{\nfont-size:15px;\n}\n<\/style>\n<div  class='av-special-heading av-kxae32ot-e23faf3e98d22322006530dccadbc299 av-special-heading-h5 blockquote modern-quote  avia-builder-el-17  el_after_av_hr  el_before_av_textblock '><h5 class='av-special-heading-tag '  itemprop=\"headline\"  >Azonnali fizet\u00e9si lehet\u0151s\u00e9gek<\/h5><div class=\"special-heading-border\"><div class=\"special-heading-inner-border\"><\/div><\/div><\/div><br \/>\n<section  class='av_textblock_section av-kxae3edo-fa332f2e1cf3187832b85297a1ca8ca4 '   itemscope=\"itemscope\" itemtype=\"https:\/\/schema.org\/CreativeWork\" ><div class='avia_textblock'  itemprop=\"text\" ><p>A 24\/7 \u00e1ltal k\u00edn\u00e1lt fizet\u00e9si megold\u00e1sokkal \u00fcgyfeleink az \u00fan. &#8222;virtu\u00e1lis fizet\u00e9si fel\u00fclet&#8221;-en kereszt\u00fcl azonnal tudnak fizetni Eur\u00f3pa szerte ig\u00e9nybe vett (seg\u00e9ly-) szolg\u00e1ltat\u00e1sok\u00e9rt. A fizet\u00e9si folyamat\u00a0 mind\u00f6ssze n\u00e9h\u00e1ny perc alatt lezajlik. Sz\u00edvesen elk\u00fcldj\u00fck aj\u00e1nlatunkat.<\/p>\n<\/div><\/section><br \/>\n<div  class='avia-button-wrap av-1f14th-2222c136223c83f26ed6409ffd6ea59a-wrap avia-button-left  avia-builder-el-19  el_after_av_textblock  avia-builder-el-last '><a href='https:\/\/24seven-assistance.com\/hu\/assistance\/instant-payment\/'  class='avia-button av-1f14th-2222c136223c83f26ed6409ffd6ea59a av-link-btn avia-icon_select-yes-left-icon avia-size-small avia-position-left avia-color-theme-color'   aria-label=\"Tov\u00e1bbi r\u00e9szletek\"><span class='avia_button_icon avia_button_icon_left avia-iconfont avia-font-fontello' data-av_icon='\ue800' data-av_iconfont='fontello' ><\/span><span class='avia_iconbox_title' >Tov\u00e1bbi r\u00e9szletek<\/span><\/a><\/div><\/p><\/div><div  class='flex_column av-18iez1-2bbb86e438c481d9b1a715b196454fc4 av_one_half  avia-builder-el-20  el_after_av_one_half  el_before_av_hr  av-break-at-tablet flex_column_div  '     ><style type=\"text\/css\" data-created_by=\"avia_inline_auto\" id=\"style-css-av-148vyt-4b9276b88355b86e6129f515194b142b\">\n.avia-image-container.av-148vyt-4b9276b88355b86e6129f515194b142b img.avia_image{\nbox-shadow:none;\n}\n.avia-image-container.av-148vyt-4b9276b88355b86e6129f515194b142b .av-image-caption-overlay-center{\ncolor:#ffffff;\n}\n<\/style>\n<div  class='avia-image-container av-148vyt-4b9276b88355b86e6129f515194b142b av-styling-no-styling avia-align-center  avia-builder-el-21  avia-builder-el-no-sibling  img-border'   itemprop=\"image\" itemscope=\"itemscope\" itemtype=\"https:\/\/schema.org\/ImageObject\" ><div class=\"avia-image-container-inner\"><div class=\"avia-image-overlay-wrap\"><img decoding=\"async\" fetchpriority=\"high\" class='wp-image-2638 avia-img-lazy-loading-not-2638 avia_image ' src=\"https:\/\/24seven-assistance.com\/wp-content\/uploads\/2021\/12\/Instant-Payment-1.jpg\" alt='' title='Instant-Payment'  height=\"550\" width=\"550\"  itemprop=\"thumbnailUrl\" srcset=\"https:\/\/24seven-assistance.com\/wp-content\/uploads\/2021\/12\/Instant-Payment-1.jpg 550w, https:\/\/24seven-assistance.com\/wp-content\/uploads\/2021\/12\/Instant-Payment-1-300x300.jpg 300w, https:\/\/24seven-assistance.com\/wp-content\/uploads\/2021\/12\/Instant-Payment-1-80x80.jpg 80w, https:\/\/24seven-assistance.com\/wp-content\/uploads\/2021\/12\/Instant-Payment-1-36x36.jpg 36w, https:\/\/24seven-assistance.com\/wp-content\/uploads\/2021\/12\/Instant-Payment-1-180x180.jpg 180w\" sizes=\"(max-width: 550px) 100vw, 550px\" \/><\/div><\/div><\/div><\/div><\/div><!--close flex column wrapper. Autoclose: 1 -->\n<style type=\"text\/css\" data-created_by=\"avia_inline_auto\" id=\"style-css-av-kxae74b9-15682d2c9d85618e629b521265e1ad38\">\n#top .hr.hr-invisible.av-kxae74b9-15682d2c9d85618e629b521265e1ad38{\nheight:100px;\n}\n<\/style>\n<div  class='hr av-kxae74b9-15682d2c9d85618e629b521265e1ad38 hr-invisible  avia-builder-el-22  el_after_av_one_half  avia-builder-el-last '><span class='hr-inner '><span class=\"hr-inner-style\"><\/span><\/span><\/div>\n<\/div><\/div><\/div><!-- close content main div --><\/div><\/div><div id='after_section_3'  class='main_color av_default_container_wrap container_wrap sidebar_right'  ><div class='container av-section-cont-open' ><div class='template-page content  av-content-small alpha units'><div class='post-entry post-entry-type-page post-entry-2676'><div class='entry-content-wrapper clearfix'><\/p>\n","protected":false},"excerpt":{"rendered":"","protected":false},"author":1,"featured_media":0,"parent":0,"menu_order":0,"comment_status":"closed","ping_status":"closed","template":"","meta":{"inline_featured_image":false,"footnotes":""},"class_list":["post-2676","page","type-page","status-publish","hentry"],"_links":{"self":[{"href":"https:\/\/24seven-assistance.com\/hu\/wp-json\/wp\/v2\/pages\/2676","targetHints":{"allow":["GET"]}}],"collection":[{"href":"https:\/\/24seven-assistance.com\/hu\/wp-json\/wp\/v2\/pages"}],"about":[{"href":"https:\/\/24seven-assistance.com\/hu\/wp-json\/wp\/v2\/types\/page"}],"author":[{"embeddable":true,"href":"https:\/\/24seven-assistance.com\/hu\/wp-json\/wp\/v2\/users\/1"}],"replies":[{"embeddable":true,"href":"https:\/\/24seven-assistance.com\/hu\/wp-json\/wp\/v2\/comments?post=2676"}],"version-history":[{"count":0,"href":"https:\/\/24seven-assistance.com\/hu\/wp-json\/wp\/v2\/pages\/2676\/revisions"}],"wp:attachment":[{"href":"https:\/\/24seven-assistance.com\/hu\/wp-json\/wp\/v2\/media?parent=2676"}],"curies":[{"name":"wp","href":"https:\/\/api.w.org\/{rel}","templated":true}]}}