{"id":2684,"date":"2022-01-11T13:00:18","date_gmt":"2022-01-11T12:00:18","guid":{"rendered":"https:\/\/24seven-assistance.com\/assistance\/mobility\/pay-services-pakete\/"},"modified":"2025-05-21T11:46:26","modified_gmt":"2025-05-21T09:46:26","slug":"pay-services-pakete","status":"publish","type":"page","link":"https:\/\/24seven-assistance.com\/hu\/assistance\/mobility\/pay-services-pakete\/","title":{"rendered":"Pay-Services\/Pakete"},"content":{"rendered":"\n<style type=\"text\/css\" data-created_by=\"avia_inline_auto\" id=\"style-css-av-kxa4r9c3-cb454c59524ba52a326ff7164979996c\">\n.avia-section.av-kxa4r9c3-cb454c59524ba52a326ff7164979996c{\nbackground-repeat:no-repeat;\nbackground-image:url(https:\/\/24seven-assistance.com\/wp-content\/uploads\/2022\/01\/Pay-Services-24-7-Assistance.jpg);\nbackground-position:50% 50%;\nbackground-attachment:scroll;\n}\n<\/style>\n<div id='av_section_1'  class='avia-section av-kxa4r9c3-cb454c59524ba52a326ff7164979996c main_color avia-section-default avia-no-border-styling  avia-builder-el-0  el_before_av_section  avia-builder-el-first  avia-full-stretch avia-bg-style-scroll av-minimum-height av-minimum-height-40 av-height-percent  container_wrap sidebar_right'  data-section-bg-repeat='stretch' data-av_minimum_height_pc='40' data-av_min_height_opt='percent'><div class='container av-section-cont-open' ><main  role=\"main\" itemprop=\"mainContentOfPage\"  class='template-page content  av-content-small alpha units'><div class='post-entry post-entry-type-page post-entry-2684'><div class='entry-content-wrapper clearfix'>\n<div  class='flex_column av-kxej89kt-893680486796c402e306e7a3de25f9bc av_one_full  avia-builder-el-1  avia-builder-el-no-sibling  hl-over-img first flex_column_div  '     ><style type=\"text\/css\" data-created_by=\"avia_inline_auto\" id=\"style-css-av-kxac6u6f-c5f03b9eb200f0d584f3439e85f03ca4\">\n#top .av-special-heading.av-kxac6u6f-c5f03b9eb200f0d584f3439e85f03ca4{\npadding-bottom:10px;\n}\nbody .av-special-heading.av-kxac6u6f-c5f03b9eb200f0d584f3439e85f03ca4 .av-special-heading-tag .heading-char{\nfont-size:25px;\n}\n.av-special-heading.av-kxac6u6f-c5f03b9eb200f0d584f3439e85f03ca4 .av-subheading{\nfont-size:15px;\n}\n<\/style>\n<div  class='av-special-heading av-kxac6u6f-c5f03b9eb200f0d584f3439e85f03ca4 av-special-heading-h3 blockquote modern-quote modern-centered  avia-builder-el-2  avia-builder-el-no-sibling '><h3 class='av-special-heading-tag '  itemprop=\"headline\"  >Mobility first.<\/h3><div class=\"special-heading-border\"><div class=\"special-heading-inner-border\"><\/div><\/div><\/div><\/div>\n\n<\/div><\/div><\/main><!-- close content main element --><\/div><\/div><div id='av_section_2'  class='avia-section av-kxa8o8jg-6c536374e34c3585c7457f0f52227458 main_color avia-section-no-padding avia-no-border-styling  avia-builder-el-3  el_after_av_section  el_before_av_section  inner-content first-content-overlay avia-bg-style-scroll container_wrap sidebar_right'  ><div class='container av-section-cont-open' ><div class='template-page content  av-content-small alpha units'><div class='post-entry post-entry-type-page post-entry-2684'><div class='entry-content-wrapper clearfix'>\n\n<style type=\"text\/css\" data-created_by=\"avia_inline_auto\" id=\"style-css-av-ky4a1pb8-ebb0db7d64c9973de7aee1deaff476db\">\n#top .hr.av-ky4a1pb8-ebb0db7d64c9973de7aee1deaff476db{\nmargin-top:57px;\nmargin-bottom:18px;\n}\n.hr.av-ky4a1pb8-ebb0db7d64c9973de7aee1deaff476db .hr-inner{\nwidth:100%;\nborder-color:#bfbbba;\n}\n<\/style>\n<div  class='hr av-ky4a1pb8-ebb0db7d64c9973de7aee1deaff476db hr-custom  avia-builder-el-4  el_before_av_textblock  avia-builder-el-first  hr-center hr-icon-no'><span class='hr-inner inner-border-av-border-thin'><span class=\"hr-inner-style\"><\/span><\/span><\/div>\n<section  class='av_textblock_section av-kxaccxwc-29c9ccbaa3e24e23e7ea339f9b034995 '   itemscope=\"itemscope\" itemtype=\"https:\/\/schema.org\/CreativeWork\" ><div class='avia_textblock text-large'  itemprop=\"text\" ><h2>Unsere Assistance-Pakete<\/h2>\n<h5>Passende Mobilit\u00e4tsl\u00f6sungen f\u00fcr Ihren Fuhrpark<\/h5>\n<p>Mit unseren Assistance-Paketen bieten wir Ihnen ein H\u00f6chstma\u00df an europaweiter Mobilit\u00e4t, speziell und flexibel an Ihre individuellen Bed\u00fcrfnisse angepasst. Dass Sie Ihre Leistungszusage gegen\u00fcber Ihren Kunden jederzeit erf\u00fcllen k\u00f6nnen, das ist unser Leistungsversprechen an Sie.<\/p>\n<\/div><\/section>\n\n<\/div><\/div><\/div><!-- close content main div --><\/div><\/div><div id='av_section_3'  class='avia-section av-26jdql-8b0904dfa9ce26a8697934be1e639cfa main_color avia-section-no-padding avia-no-border-styling  avia-builder-el-6  el_after_av_section  el_before_av_section  inner-content avia-bg-style-scroll container_wrap sidebar_right'  ><div class='container av-section-cont-open' ><div class='template-page content  av-content-small alpha units'><div class='post-entry post-entry-type-page post-entry-2684'><div class='entry-content-wrapper clearfix'>\n<div  class='flex_column av-1vet7p-87189823909c77ebdef9283d5edebd2a av_one_half  avia-builder-el-7  el_before_av_hr  avia-builder-el-first  first flex_column_div  '     ><p>\n<style type=\"text\/css\" data-created_by=\"avia_inline_auto\" id=\"style-css-av-kxad3bxq-1e4d7e8941e8d040a7cd6fc529869047\">\n#top .av-special-heading.av-kxad3bxq-1e4d7e8941e8d040a7cd6fc529869047{\npadding-bottom:10px;\n}\nbody .av-special-heading.av-kxad3bxq-1e4d7e8941e8d040a7cd6fc529869047 .av-special-heading-tag .heading-char{\nfont-size:25px;\n}\n.av-special-heading.av-kxad3bxq-1e4d7e8941e8d040a7cd6fc529869047 .av-subheading{\nfont-size:15px;\n}\n<\/style>\n<div  class='av-special-heading av-kxad3bxq-1e4d7e8941e8d040a7cd6fc529869047 av-special-heading-h1 blockquote modern-quote  avia-builder-el-8  el_before_av_textblock  avia-builder-el-first '><h1 class='av-special-heading-tag '  itemprop=\"headline\"  >PAY-PER-USE und PAY-PER-YEAR<\/h1><div class=\"special-heading-border\"><div class=\"special-heading-inner-border\"><\/div><\/div><\/div><br \/>\n<section  class='av_textblock_section av-kxad3m7u-4898a9a92116759f8b1e3e54f6625e45 '   itemscope=\"itemscope\" itemtype=\"https:\/\/schema.org\/CreativeWork\" ><div class='avia_textblock'  itemprop=\"text\" ><p>Zur Auswahl stehen unsere Angebote \u201ePAY-PER-USE\u201c und \u201ePAY-PER-YEAR&#8221; die einzeln oder in Kombination f\u00fcr die Erf\u00fcllung Ihrer Mobilit\u00e4tsanforderungen genutzt werden k\u00f6nnen. Beide Varianten bieten Ihnen europaweite und markenunabh\u00e4ngige Assistanceleistungen f\u00fcr Truck, Trailer, Reifen oder Driver und stellen Ihre Mobilit\u00e4t rund um die Uhr sicher. Sie k\u00f6nnen \u00fcber das Online-Formular ein unverbindliches Beratungsgespr\u00e4ch mit uns vereinbaren. Wir freuen uns auf Ihre Kontaktaufnahme.<\/p>\n<\/div><\/section><br \/>\n<div  class='avia-button-wrap av-kxad3s0w-0b241cfb6483cf8bf6eb739e0e0f41cb-wrap avia-button-left  avia-builder-el-10  el_after_av_textblock  avia-builder-el-last '><a href='https:\/\/24seven-assistance.com\/hu\/beratung-und-kontakt\/'  class='avia-button av-kxad3s0w-0b241cfb6483cf8bf6eb739e0e0f41cb av-link-btn avia-icon_select-yes-left-icon avia-size-small avia-position-left avia-color-theme-color'   aria-label=\"Beratung anfordern\"><span class='avia_button_icon avia_button_icon_left avia-iconfont avia-font-fontello' data-av_icon='\ue800' data-av_iconfont='fontello' ><\/span><span class='avia_iconbox_title' >Beratung anfordern<\/span><\/a><\/div><\/p><\/div>\n<style type=\"text\/css\" data-created_by=\"avia_inline_auto\" id=\"style-css-av-kxae6q1d-8b6a2cb8177943cd75e68d0ee6202e1c\">\n#top .hr.hr-invisible.av-kxae6q1d-8b6a2cb8177943cd75e68d0ee6202e1c{\nheight:20px;\n}\n<\/style>\n<div  class='hr av-kxae6q1d-8b6a2cb8177943cd75e68d0ee6202e1c hr-invisible  avia-builder-el-11  el_after_av_one_half  el_before_av_one_half '><span class='hr-inner '><span class=\"hr-inner-style\"><\/span><\/span><\/div>\n<div class='av-column-wrapper-individual av-mobile-columns-flex av-columns-reverse'><div  class='flex_column av-1p3j45-a8d809fa3a9bfe66a68c37d39d343e9b av_one_half  avia-builder-el-12  el_after_av_hr  el_before_av_one_half  first flex_column_div  '     ><\/div><div  class='flex_column av-18iez1-2bbb86e438c481d9b1a715b196454fc4 av_one_half  avia-builder-el-13  el_after_av_one_half  el_before_av_hr  flex_column_div  '     ><p>\n<style type=\"text\/css\" data-created_by=\"avia_inline_auto\" id=\"style-css-av-kxae32ot-c75c0749e9303a55cf69a5d811c22c3a\">\n#top .av-special-heading.av-kxae32ot-c75c0749e9303a55cf69a5d811c22c3a{\npadding-bottom:10px;\n}\nbody .av-special-heading.av-kxae32ot-c75c0749e9303a55cf69a5d811c22c3a .av-special-heading-tag .heading-char{\nfont-size:25px;\n}\n.av-special-heading.av-kxae32ot-c75c0749e9303a55cf69a5d811c22c3a .av-subheading{\nfont-size:15px;\n}\n<\/style>\n<div  class='av-special-heading av-kxae32ot-c75c0749e9303a55cf69a5d811c22c3a av-special-heading-h1 blockquote modern-quote  avia-builder-el-14  el_before_av_textblock  avia-builder-el-first '><h1 class='av-special-heading-tag '  itemprop=\"headline\"  >PAY-PER-USE 24\/7 TRUCK ASSISTANCE<\/h1><div class=\"special-heading-border\"><div class=\"special-heading-inner-border\"><\/div><\/div><\/div><br \/>\n<section  class='av_textblock_section av-kxae3edo-fa332f2e1cf3187832b85297a1ca8ca4 '   itemscope=\"itemscope\" itemtype=\"https:\/\/schema.org\/CreativeWork\" ><div class='avia_textblock'  itemprop=\"text\" ><p>Mit unserem Pay-Per-Use-System arbeiten wir als Verl\u00e4ngerung Ihres Flottenmanagements. So haben Sie keine Verpflichtungen oder Bindungen und bezahlen nur die Assistanceleistungen, die Sie tats\u00e4chlich in Anspruch nehmen. Ihr Unternehmen wird bei uns registriert- Sie bestimmen die Freigabe- und Auftragsprozesse, die in unserem System hinterlegt sind. Als einziger marken- und fahrzeugunabh\u00e4ngiger Dienstleister bieten wir Ihnen den Zugang zu einem Netzwerk von \u00fcber 40.000 Servicepartnern in Europa.<\/p>\n<\/div><\/section><br \/>\n<div  class='avia-button-wrap av-1vldnm-f297b882f502dd0a2c577e2178a1a366-wrap avia-button-left  avia-builder-el-16  el_after_av_textblock  avia-builder-el-last '><a href='https:\/\/24seven-assistance.com\/hu\/beratung-und-kontakt\/'  class='avia-button av-1vldnm-f297b882f502dd0a2c577e2178a1a366 av-link-btn avia-icon_select-yes-left-icon avia-size-small avia-position-left avia-color-theme-color'   aria-label=\"Beratung anfordern\"><span class='avia_button_icon avia_button_icon_left avia-iconfont avia-font-fontello' data-av_icon='\ue800' data-av_iconfont='fontello' ><\/span><span class='avia_iconbox_title' >Beratung anfordern<\/span><\/a><\/div><\/p><\/div><\/div><!--close flex column wrapper. Autoclose: 1 -->\n<style type=\"text\/css\" data-created_by=\"avia_inline_auto\" id=\"style-css-av-kxae74b9-252b386929d11e2141ef97237ffa41e7\">\n#top .hr.hr-invisible.av-kxae74b9-252b386929d11e2141ef97237ffa41e7{\nheight:20px;\n}\n<\/style>\n<div  class='hr av-kxae74b9-252b386929d11e2141ef97237ffa41e7 hr-invisible  avia-builder-el-17  el_after_av_one_half  el_before_av_one_half '><span class='hr-inner '><span class=\"hr-inner-style\"><\/span><\/span><\/div>\n<div  class='flex_column av-1t4or6-3d88985da22ee6934b1892e0d39207bb av_one_half  avia-builder-el-18  el_after_av_hr  el_before_av_hr  first flex_column_div  '     ><p>\n<style type=\"text\/css\" data-created_by=\"avia_inline_auto\" id=\"style-css-av-kya2tagc-75e79504392b199de809f667807fc38b\">\n#top .av-special-heading.av-kya2tagc-75e79504392b199de809f667807fc38b{\npadding-bottom:10px;\n}\nbody .av-special-heading.av-kya2tagc-75e79504392b199de809f667807fc38b .av-special-heading-tag .heading-char{\nfont-size:25px;\n}\n.av-special-heading.av-kya2tagc-75e79504392b199de809f667807fc38b .av-subheading{\nfont-size:15px;\n}\n<\/style>\n<div  class='av-special-heading av-kya2tagc-75e79504392b199de809f667807fc38b av-special-heading-h1 blockquote modern-quote  avia-builder-el-19  el_before_av_textblock  avia-builder-el-first '><h1 class='av-special-heading-tag '  itemprop=\"headline\"  >PAY-PER-YEAR 24\/7 MOBILITY PACKAGES<\/h1><div class=\"special-heading-border\"><div class=\"special-heading-inner-border\"><\/div><\/div><\/div><br \/>\n<section  class='av_textblock_section av-kya2tkd1-7dd2173a42bbf632c33fbd3d05c05b3f '   itemscope=\"itemscope\" itemtype=\"https:\/\/schema.org\/CreativeWork\" ><div class='avia_textblock'  itemprop=\"text\" ><p>Sie m\u00f6chten Sicherheit f\u00fcr Ihre Mobilit\u00e4t und die volle Kostenkontrolle? Dann sind unsere Mobility Packages die geeignete L\u00f6sung f\u00fcr Ihren Fuhrpark. Durch flexibel w\u00e4hl- und kombinierbare Leistungspakete erhalten Sie europaweiten Mobilit\u00e4tsschutz zu Festpreisen.<\/p>\n<\/div><\/section><br \/>\n<div  class='avia-button-wrap av-1in12q-2cdfaf8e97511e490b7090522f9a3e8d-wrap avia-button-left  avia-builder-el-21  el_after_av_textblock  avia-builder-el-last '><a href='https:\/\/24seven-assistance.com\/hu\/beratung-und-kontakt\/'  class='avia-button av-1in12q-2cdfaf8e97511e490b7090522f9a3e8d av-link-btn avia-icon_select-yes-left-icon avia-size-small avia-position-left avia-color-theme-color'   aria-label=\"Beratung anfordern\"><span class='avia_button_icon avia_button_icon_left avia-iconfont avia-font-fontello' data-av_icon='\ue800' data-av_iconfont='fontello' ><\/span><span class='avia_iconbox_title' >Beratung anfordern<\/span><\/a><\/div><\/p><\/div>\n<style type=\"text\/css\" data-created_by=\"avia_inline_auto\" id=\"style-css-av-1fuzzu-1cac58ca904cf68baf7115391b207003\">\n#top .hr.hr-invisible.av-1fuzzu-1cac58ca904cf68baf7115391b207003{\nheight:100px;\n}\n<\/style>\n<div  class='hr av-1fuzzu-1cac58ca904cf68baf7115391b207003 hr-invisible  avia-builder-el-22  el_after_av_one_half  avia-builder-el-last '><span class='hr-inner '><span class=\"hr-inner-style\"><\/span><\/span><\/div>\n\n<\/div><\/div><\/div><!-- close content main div --><\/div><\/div><div id='av_section_4'  class='avia-section av-kya2z54r-5514665f7527d0d57dc3a975f0cb710e main_color avia-section-no-padding avia-no-border-styling  avia-builder-el-23  el_after_av_section  avia-builder-el-last  inner-content packets-wrap avia-bg-style-scroll container_wrap sidebar_right'  ><div class='container av-section-cont-open' ><div class='template-page content  av-content-small alpha units'><div class='post-entry post-entry-type-page post-entry-2684'><div class='entry-content-wrapper clearfix'>\n\n<style type=\"text\/css\" data-created_by=\"avia_inline_auto\" id=\"style-css-av-kya327g0-7d577b7b80e6314ebfe566507991d729\">\n#top .av-special-heading.av-kya327g0-7d577b7b80e6314ebfe566507991d729{\npadding-bottom:10px;\n}\nbody .av-special-heading.av-kya327g0-7d577b7b80e6314ebfe566507991d729 .av-special-heading-tag .heading-char{\nfont-size:25px;\n}\n.av-special-heading.av-kya327g0-7d577b7b80e6314ebfe566507991d729 .av-subheading{\nfont-size:15px;\n}\n<\/style>\n<div  class='av-special-heading av-kya327g0-7d577b7b80e6314ebfe566507991d729 av-special-heading-h2 blockquote modern-quote  avia-builder-el-24  el_before_av_hr  avia-builder-el-first '><h2 class='av-special-heading-tag '  itemprop=\"headline\"  >Produktinformationen und Antragsformulare<\/h2><div class=\"special-heading-border\"><div class=\"special-heading-inner-border\"><\/div><\/div><\/div>\n\n<style type=\"text\/css\" data-created_by=\"avia_inline_auto\" id=\"style-css-av-kye3vn0g-5a3ebf2c9441590facac393c3eecf7b8\">\n#top .hr.hr-invisible.av-kye3vn0g-5a3ebf2c9441590facac393c3eecf7b8{\nheight:50px;\n}\n<\/style>\n<div  class='hr av-kye3vn0g-5a3ebf2c9441590facac393c3eecf7b8 hr-invisible  avia-builder-el-25  el_after_av_heading  el_before_av_one_half  av-desktop-hide av-medium-hide'><span class='hr-inner '><span class=\"hr-inner-style\"><\/span><\/span><\/div>\n<div class='flex_column_table av-kya351lg-51fc62cca2358a5328dfa2b45a02890f sc-av_one_half av-equal-height-column-flextable'>\n<style type=\"text\/css\" data-created_by=\"avia_inline_auto\" id=\"style-css-av-kya351lg-51fc62cca2358a5328dfa2b45a02890f\">\n.flex_column.av-kya351lg-51fc62cca2358a5328dfa2b45a02890f{\npadding:50px 20px 20px 20px;\nbackground-color:#bfbbba;\n}\n<\/style>\n<div  class='flex_column av-kya351lg-51fc62cca2358a5328dfa2b45a02890f av_one_half  avia-builder-el-26  el_after_av_hr  el_before_av_one_half  bg-gray first flex_column_table_cell av-equal-height-column av-align-top  '     ><section  class='av_textblock_section av-1bivmi-f33cd875e97f9c65f09f8c0119e8d55d '   itemscope=\"itemscope\" itemtype=\"https:\/\/schema.org\/CreativeWork\" ><div class='avia_textblock article-date'  itemprop=\"text\" ><div><\/div>\n<div><\/div>\n<\/div><\/section><br \/>\n\n<style type=\"text\/css\" data-created_by=\"avia_inline_auto\" id=\"style-css-av-kya33afu-38948068a44050f5847ba952551dd4eb\">\n#top .av-special-heading.av-kya33afu-38948068a44050f5847ba952551dd4eb{\npadding-bottom:10px;\n}\nbody .av-special-heading.av-kya33afu-38948068a44050f5847ba952551dd4eb .av-special-heading-tag .heading-char{\nfont-size:25px;\n}\n.av-special-heading.av-kya33afu-38948068a44050f5847ba952551dd4eb .av-subheading{\nfont-size:15px;\n}\n<\/style>\n<div  class='av-special-heading av-kya33afu-38948068a44050f5847ba952551dd4eb av-special-heading-h5 blockquote modern-quote  avia-builder-el-28  el_after_av_textblock  el_before_av_textblock '><h5 class='av-special-heading-tag '  itemprop=\"headline\"  >24\/7 Truck Assistance<\/h5><div class=\"special-heading-border\"><div class=\"special-heading-inner-border\"><\/div><\/div><\/div><br \/>\n\n<style type=\"text\/css\" data-created_by=\"avia_inline_auto\" id=\"style-css-av-lh64vght-e73185c30a4bfc7c85dee0a6d896299d\">\n#top .hr.hr-invisible.av-lh64vght-e73185c30a4bfc7c85dee0a6d896299d{\nheight:20px;\n}\n<\/style>\n<div  class='hr av-lh64vght-e73185c30a4bfc7c85dee0a6d896299d hr-invisible'><span class='hr-inner '><span class=\"hr-inner-style\"><\/span><\/span><\/div><br \/>\n<section  class='av_textblock_section av-kya33gko-f0ebeb9ffd15c1b52a0d02d78b377b55 '   itemscope=\"itemscope\" itemtype=\"https:\/\/schema.org\/CreativeWork\" ><div class='av-desktop-hide av-medium-hide av-small-hide av-mini-hide avia_textblock'  itemprop=\"text\" ><p>Das Paket beinhaltet s\u00e4mtliche Organisationskosten f\u00fcr alle Assistanceleistungen in Europa \u2013 Sie bezahlen nur die Dienstleisterrechnungen.<\/p>\n<\/div><\/section><br \/>\n<div  class='avia-button-wrap av-lh64hozy-498e922b1f3117f4b479dd32a1bd64c7-wrap avia-button-left  packages-btn'><a href='\/wp-content\/uploads\/2023\/05\/flyer-247-Mobility-PPU-DE_2304_PRINT.pdf'  class='avia-button av-lh64hozy-498e922b1f3117f4b479dd32a1bd64c7 av-link-btn avia-icon_select-yes-left-icon avia-size-small avia-position-left avia-color-theme-color'  target=\"_blank\"  rel=\"noopener noreferrer\"  aria-label=\"Download Produktflyer\"><span class='avia_button_icon avia_button_icon_left avia-iconfont avia-font-fontello' data-av_icon='\ue800' data-av_iconfont='fontello' ><\/span><span class='avia_iconbox_title' >Download Produktflyer<\/span><\/a><\/div><br \/>\n<div  class='avia-button-wrap av-lh6478pz-5ea332274a7e933f20c4b637bbbb7d02-wrap avia-button-left  packages-btn'><a href='https:\/\/24seven-assistance.com\/wp-content\/uploads\/2025\/05\/24seven_Registration_TruckAssistance_DE_25-3.pdf'  class='avia-button av-lh6478pz-5ea332274a7e933f20c4b637bbbb7d02 av-link-btn avia-icon_select-yes-left-icon avia-size-small avia-position-left avia-color-theme-color'  target=\"_blank\"  rel=\"noopener noreferrer\"  aria-label=\"Download Registrierungsformular\"><span class='avia_button_icon avia_button_icon_left avia-iconfont avia-font-fontello' data-av_icon='\ue800' data-av_iconfont='fontello' ><\/span><span class='avia_iconbox_title' >Download Registrierungsformular<\/span><\/a><\/div><\/p><\/div><div class='av-flex-placeholder'><\/div>\n<style type=\"text\/css\" data-created_by=\"avia_inline_auto\" id=\"style-css-av-1519wi-600c20f6ab9ada73779b690584330813\">\n.flex_column.av-1519wi-600c20f6ab9ada73779b690584330813{\npadding:50px 20px 20px 20px;\nbackground-color:#bfbbba;\n}\n<\/style>\n<div  class='flex_column av-1519wi-600c20f6ab9ada73779b690584330813 av_one_half  avia-builder-el-30  el_after_av_one_half  el_before_av_one_half  bg-gray flex_column_table_cell av-equal-height-column av-align-top  '     ><section  class='av_textblock_section av-3iore-1b7d53999aacef27bfc647efe613b2a5 '   itemscope=\"itemscope\" itemtype=\"https:\/\/schema.org\/CreativeWork\" ><div class='avia_textblock article-date'  itemprop=\"text\" ><div><\/div>\n<div><\/div>\n<\/div><\/section><br \/>\n\n<style type=\"text\/css\" data-created_by=\"avia_inline_auto\" id=\"style-css-av-kya33qlv-63d337cd878f7a5c292add56a0f32a23\">\n#top .av-special-heading.av-kya33qlv-63d337cd878f7a5c292add56a0f32a23{\npadding-bottom:10px;\n}\nbody .av-special-heading.av-kya33qlv-63d337cd878f7a5c292add56a0f32a23 .av-special-heading-tag .heading-char{\nfont-size:25px;\n}\n.av-special-heading.av-kya33qlv-63d337cd878f7a5c292add56a0f32a23 .av-subheading{\nfont-size:15px;\n}\n<\/style>\n<div  class='av-special-heading av-kya33qlv-63d337cd878f7a5c292add56a0f32a23 av-special-heading-h5 blockquote modern-quote  avia-builder-el-32  el_after_av_textblock  el_before_av_textblock '><h5 class='av-special-heading-tag '  itemprop=\"headline\"  >24\/7 Mobility Packages<\/h5><div class=\"special-heading-border\"><div class=\"special-heading-inner-border\"><\/div><\/div><\/div><br \/>\n\n<style type=\"text\/css\" data-created_by=\"avia_inline_auto\" id=\"style-css-av-osju-7ed0b3e26c824b95f58c2f7d2d4f2407\">\n#top .hr.hr-invisible.av-osju-7ed0b3e26c824b95f58c2f7d2d4f2407{\nheight:20px;\n}\n<\/style>\n<div  class='hr av-osju-7ed0b3e26c824b95f58c2f7d2d4f2407 hr-invisible'><span class='hr-inner '><span class=\"hr-inner-style\"><\/span><\/span><\/div><br \/>\n<section  class='av_textblock_section av-kya33ur9-9ba7f1d173bb6a7bec58f91d82da0683 '   itemscope=\"itemscope\" itemtype=\"https:\/\/schema.org\/CreativeWork\" ><div class='av-desktop-hide av-medium-hide av-small-hide av-mini-hide avia_textblock'  itemprop=\"text\" ><p>Zus\u00e4tzlich zum 24\/7 Truck Assistance-Paket werden zus\u00e4tzlich Leistungskosten bei Pannenf\u00e4llen \u00fcbernommen. Diese Leistungen sind modular aufgebaut. Details erl\u00e4utern Ihnen unsere Kolleginnen und Kollegen gerne in einem pers\u00f6nlichen Gespr\u00e4ch.<\/p>\n<\/div><\/section><br \/>\n<div  class='avia-button-wrap av-lh64ji6w-a7f135f7f2f112d03d54f02a4b225954-wrap avia-button-left  packages-btn'><a href='\/wp-content\/uploads\/2023\/05\/flyer-247-Mobility-PPY-DE_2304_PRINT.pdf'  class='avia-button av-lh64ji6w-a7f135f7f2f112d03d54f02a4b225954 av-link-btn avia-icon_select-yes-left-icon avia-size-small avia-position-left avia-color-theme-color'  target=\"_blank\"  rel=\"noopener noreferrer\"  aria-label=\"Download Produktflyer\"><span class='avia_button_icon avia_button_icon_left avia-iconfont avia-font-fontello' data-av_icon='\ue800' data-av_iconfont='fontello' ><\/span><span class='avia_iconbox_title' >Download Produktflyer<\/span><\/a><\/div><br \/>\n<section  class='av_textblock_section av-lha87k6q-4ffa91c5e3419eddd7487bc22153be28 '   itemscope=\"itemscope\" itemtype=\"https:\/\/schema.org\/CreativeWork\" ><div class='avia_textblock'  itemprop=\"text\" ><p>Hier finden Sie in K\u00fcrze den Link zu unserem Onlineantrag<\/p>\n<\/div><\/section><\/p><\/div><\/div><!--close column table wrapper. Autoclose: 1 -->\n<style type=\"text\/css\" data-created_by=\"avia_inline_auto\" id=\"style-css-av-bpocy-1ac9fca4c29b739874d3b62a92b5e40d\">\n#top .hr.hr-invisible.av-bpocy-1ac9fca4c29b739874d3b62a92b5e40d{\nheight:100px;\n}\n<\/style>\n<div  class='hr av-bpocy-1ac9fca4c29b739874d3b62a92b5e40d hr-invisible'><span class='hr-inner '><span class=\"hr-inner-style\"><\/span><\/span><\/div>\n<\/div><\/div><\/div><!-- close content main div --><\/div><\/div><div id='after_section_4'  class='main_color av_default_container_wrap container_wrap sidebar_right'  ><div class='container av-section-cont-open' ><div class='template-page content  av-content-small alpha units'><div class='post-entry post-entry-type-page post-entry-2684'><div class='entry-content-wrapper clearfix'>\n","protected":false},"excerpt":{"rendered":"","protected":false},"author":1,"featured_media":0,"parent":2677,"menu_order":3,"comment_status":"closed","ping_status":"closed","template":"","meta":{"inline_featured_image":false,"footnotes":""},"class_list":["post-2684","page","type-page","status-publish","hentry"],"_links":{"self":[{"href":"https:\/\/24seven-assistance.com\/hu\/wp-json\/wp\/v2\/pages\/2684","targetHints":{"allow":["GET"]}}],"collection":[{"href":"https:\/\/24seven-assistance.com\/hu\/wp-json\/wp\/v2\/pages"}],"about":[{"href":"https:\/\/24seven-assistance.com\/hu\/wp-json\/wp\/v2\/types\/page"}],"author":[{"embeddable":true,"href":"https:\/\/24seven-assistance.com\/hu\/wp-json\/wp\/v2\/users\/1"}],"replies":[{"embeddable":true,"href":"https:\/\/24seven-assistance.com\/hu\/wp-json\/wp\/v2\/comments?post=2684"}],"version-history":[{"count":0,"href":"https:\/\/24seven-assistance.com\/hu\/wp-json\/wp\/v2\/pages\/2684\/revisions"}],"up":[{"embeddable":true,"href":"https:\/\/24seven-assistance.com\/hu\/wp-json\/wp\/v2\/pages\/2677"}],"wp:attachment":[{"href":"https:\/\/24seven-assistance.com\/hu\/wp-json\/wp\/v2\/media?parent=2684"}],"curies":[{"name":"wp","href":"https:\/\/api.w.org\/{rel}","templated":true}]}}