{"id":2694,"date":"2022-01-12T11:55:45","date_gmt":"2022-01-12T10:55:45","guid":{"rendered":"https:\/\/24seven-assistance.com\/beratung-und-kontakt\/"},"modified":"2023-04-03T11:26:49","modified_gmt":"2023-04-03T09:26:49","slug":"beratung-und-kontakt","status":"publish","type":"page","link":"https:\/\/24seven-assistance.com\/hu\/beratung-und-kontakt\/","title":{"rendered":"Beratung und Kontakt"},"content":{"rendered":"\n<style type=\"text\/css\" data-created_by=\"avia_inline_auto\" id=\"style-css-av-av_section-02002ee0674171410fac64ec896211b7\">\n.avia-section.av-av_section-02002ee0674171410fac64ec896211b7{\nbackground-repeat:no-repeat;\nbackground-image:url(https:\/\/24seven-assistance.com\/wp-content\/uploads\/2022\/01\/Beratung-Kontakt-24-7-Assistance.jpg);\nbackground-position:50% 50%;\nbackground-attachment:scroll;\n}\n<\/style>\n<div id='av_section_1'  class='avia-section av-av_section-02002ee0674171410fac64ec896211b7 main_color avia-section-default avia-no-border-styling  avia-builder-el-0  el_before_av_section  avia-builder-el-first  avia-full-stretch avia-bg-style-scroll av-minimum-height av-minimum-height-40 av-height-percent  container_wrap sidebar_right'  data-section-bg-repeat='stretch' data-av_minimum_height_pc='40' data-av_min_height_opt='percent'><div class='container av-section-cont-open' ><main  role=\"main\" itemprop=\"mainContentOfPage\"  class='template-page content  av-content-small alpha units'><div class='post-entry post-entry-type-page post-entry-2694'><div class='entry-content-wrapper clearfix'>\n<div  class='flex_column av-av_one_full-ccb67bcd0da84a288c303541be94b69b av_one_full  avia-builder-el-1  avia-builder-el-no-sibling  hl-over-img first flex_column_div  '     ><style type=\"text\/css\" data-created_by=\"avia_inline_auto\" id=\"style-css-av-av_heading-de68377141a2df24c3f0c5c50ee8f56b\">\n#top .av-special-heading.av-av_heading-de68377141a2df24c3f0c5c50ee8f56b{\npadding-bottom:10px;\n}\nbody .av-special-heading.av-av_heading-de68377141a2df24c3f0c5c50ee8f56b .av-special-heading-tag .heading-char{\nfont-size:25px;\n}\n.av-special-heading.av-av_heading-de68377141a2df24c3f0c5c50ee8f56b .av-subheading{\nfont-size:15px;\n}\n<\/style>\n<div  class='av-special-heading av-av_heading-de68377141a2df24c3f0c5c50ee8f56b av-special-heading-h3 blockquote modern-quote modern-centered  avia-builder-el-2  avia-builder-el-no-sibling '><h3 class='av-special-heading-tag '  itemprop=\"headline\"  >24\/7. Daf\u00fcr stehen wir.<\/h3><div class=\"special-heading-border\"><div class=\"special-heading-inner-border\"><\/div><\/div><\/div><\/div>\n\n<\/div><\/div><\/main><!-- close content main element --><\/div><\/div><div id='av_section_2'  class='avia-section av-av_section-8e06021da93ddec65d8a0615561901f0 main_color avia-section-no-padding avia-no-border-styling  avia-builder-el-3  el_after_av_section  avia-builder-el-last  inner-content first-content-overlay avia-bg-style-scroll container_wrap sidebar_right'  ><div class='container av-section-cont-open' ><div class='template-page content  av-content-small alpha units'><div class='post-entry post-entry-type-page post-entry-2694'><div class='entry-content-wrapper clearfix'>\n\n<style type=\"text\/css\" data-created_by=\"avia_inline_auto\" id=\"style-css-av-av_hr-d3263c5dfa39133114bfa8bc21d51001\">\n#top .hr.av-av_hr-d3263c5dfa39133114bfa8bc21d51001{\nmargin-top:57px;\nmargin-bottom:18px;\n}\n.hr.av-av_hr-d3263c5dfa39133114bfa8bc21d51001 .hr-inner{\nwidth:100%;\nborder-color:#bfbbba;\n}\n<\/style>\n<div  class='hr av-av_hr-d3263c5dfa39133114bfa8bc21d51001 hr-custom  avia-builder-el-4  el_before_av_textblock  avia-builder-el-first  hr-center hr-icon-no'><span class='hr-inner inner-border-av-border-thin'><span class=\"hr-inner-style\"><\/span><\/span><\/div>\n<section  class='av_textblock_section av-av_textblock-ae6c8fdfe17f47e0b03674d7b714388d '   itemscope=\"itemscope\" itemtype=\"https:\/\/schema.org\/CreativeWork\" ><div class='avia_textblock text-large'  itemprop=\"text\" ><h6>Beratung &#038; Kontakt<\/h6>\n<h2>Digital, per Post und pers\u00f6nlich.<\/h2>\n<p>Sie haben einen Pannenfall oder eine Schadensmeldung?<\/p>\n<\/div><\/section>\n\n<style type=\"text\/css\" data-created_by=\"avia_inline_auto\" id=\"style-css-av-av_hr-82f5be0ae0af6a64fe3091010b237709\">\n#top .hr.hr-invisible.av-av_hr-82f5be0ae0af6a64fe3091010b237709{\nheight:20px;\n}\n<\/style>\n<div  class='hr av-av_hr-82f5be0ae0af6a64fe3091010b237709 hr-invisible  avia-builder-el-6  el_after_av_textblock  el_before_av_textblock '><span class='hr-inner '><span class=\"hr-inner-style\"><\/span><\/span><\/div>\n<section  class='av_textblock_section av-av_textblock-32af9c344aeda5838e62bcf702809feb '   itemscope=\"itemscope\" itemtype=\"https:\/\/schema.org\/CreativeWork\" ><div class='avia_textblock'  itemprop=\"text\" ><h5>Hotline Notruf \/ Pannenhilfe<\/h5>\n<p>T <a href=\"tel:00435050247365\">+43 505 024 7 365<\/a><br \/>\n<a href=\"mailto:operations@24seven-assistance.com\">assistance@24seven-assistance.com<\/a><\/p>\n<\/div><\/section>\n\n<style type=\"text\/css\" data-created_by=\"avia_inline_auto\" id=\"style-css-av-av_hr-65bd92347fddc685eba247be6d5a9a45\">\n#top .hr.hr-invisible.av-av_hr-65bd92347fddc685eba247be6d5a9a45{\nheight:40px;\n}\n<\/style>\n<div  class='hr av-av_hr-65bd92347fddc685eba247be6d5a9a45 hr-invisible  avia-builder-el-8  el_after_av_textblock  el_before_av_textblock '><span class='hr-inner '><span class=\"hr-inner-style\"><\/span><\/span><\/div>\n<section  class='av_textblock_section av-av_textblock-ae6c8fdfe17f47e0b03674d7b714388d '   itemscope=\"itemscope\" itemtype=\"https:\/\/schema.org\/CreativeWork\" ><div class='avia_textblock text-large'  itemprop=\"text\" ><p>Sie m\u00f6chten die Dienstleistungen der 24\/7 GmbH in Anspruch nehmen, haben eine Frage oder w\u00fcnschen eine pers\u00f6nliche Beratung? Wir nehmen uns jederzeit gerne Zeit f\u00fcr ihr Anliegen.<\/p>\n<\/div><\/section>\n\n<style type=\"text\/css\" data-created_by=\"avia_inline_auto\" id=\"style-css-av-av_hr-82f5be0ae0af6a64fe3091010b237709\">\n#top .hr.hr-invisible.av-av_hr-82f5be0ae0af6a64fe3091010b237709{\nheight:20px;\n}\n<\/style>\n<div  class='hr av-av_hr-82f5be0ae0af6a64fe3091010b237709 hr-invisible  avia-builder-el-10  el_after_av_textblock  el_before_av_textblock '><span class='hr-inner '><span class=\"hr-inner-style\"><\/span><\/span><\/div>\n<section  class='av_textblock_section av-av_textblock-32af9c344aeda5838e62bcf702809feb '   itemscope=\"itemscope\" itemtype=\"https:\/\/schema.org\/CreativeWork\" ><div class='avia_textblock'  itemprop=\"text\" ><h5>Adresse<\/h5>\n<p>24\/7 GmbH<br \/>\nVogelweiderstra\u00dfe 63<br \/>\n5020 Salzburg &#8211; Austria<\/p>\n<p>T <a href=\"tel:00435050247365001\">+43 505 024 7 365 001<\/a><br \/>\n<a href=\"mailto:info@24seven-assistance.com\">info@24seven-assistance.com<\/a><\/p>\n<\/div><\/section>\n\n<style type=\"text\/css\" data-created_by=\"avia_inline_auto\" id=\"style-css-av-av_hr-65bd92347fddc685eba247be6d5a9a45\">\n#top .hr.hr-invisible.av-av_hr-65bd92347fddc685eba247be6d5a9a45{\nheight:40px;\n}\n<\/style>\n<div  class='hr av-av_hr-65bd92347fddc685eba247be6d5a9a45 hr-invisible  avia-builder-el-12  el_after_av_textblock  el_before_av_textblock '><span class='hr-inner '><span class=\"hr-inner-style\"><\/span><\/span><\/div>\n<section  class='av_textblock_section av-lg0mmvey-1786d2552005ad309742557fde13bb36 '   itemscope=\"itemscope\" itemtype=\"https:\/\/schema.org\/CreativeWork\" ><div class='avia_textblock'  itemprop=\"text\" ><h5>Online-Formular<\/h5>\n<p>F\u00fcr eine kurze und schnelle Kontaktaufnahme f\u00fcllen Sie ganz bequem das folgende Kontaktformular aus.<\/p>\n\n<div class=\"wpcf7 no-js\" id=\"wpcf7-f2723-o1\" lang=\"de-DE\" dir=\"ltr\" data-wpcf7-id=\"2723\">\n<div class=\"screen-reader-response\"><p role=\"status\" aria-live=\"polite\" aria-atomic=\"true\"><\/p> <ul><\/ul><\/div>\n<form action=\"\/hu\/wp-json\/wp\/v2\/pages\/2694#wpcf7-f2723-o1\" method=\"post\" class=\"wpcf7-form init\" aria-label=\"Kontaktformular\" novalidate=\"novalidate\" data-status=\"init\">\n<fieldset class=\"hidden-fields-container\"><input type=\"hidden\" name=\"_wpcf7\" value=\"2723\" \/><input type=\"hidden\" name=\"_wpcf7_version\" value=\"6.1.5\" \/><input type=\"hidden\" name=\"_wpcf7_locale\" value=\"de_DE\" \/><input type=\"hidden\" name=\"_wpcf7_unit_tag\" value=\"wpcf7-f2723-o1\" \/><input type=\"hidden\" name=\"_wpcf7_container_post\" value=\"0\" \/><input type=\"hidden\" name=\"_wpcf7_posted_data_hash\" value=\"\" \/>\n<\/fieldset>\n<div id=\"form-wrap\">\n\t<div class=\"form-row form-col\">\n\t\t<p><span class=\"wpcf7-form-control-wrap\" data-name=\"Vorname\"><input size=\"40\" maxlength=\"400\" class=\"wpcf7-form-control wpcf7-text wpcf7-validates-as-required\" aria-required=\"true\" aria-invalid=\"false\" placeholder=\"Keresztn\u00e9v*\" value=\"\" type=\"text\" name=\"Vorname\" \/><\/span><span class=\"wpcf7-form-control-wrap\" data-name=\"Nachname\"><input size=\"40\" maxlength=\"400\" class=\"wpcf7-form-control wpcf7-text wpcf7-validates-as-required\" aria-required=\"true\" aria-invalid=\"false\" placeholder=\"Vezet\u00e9kn\u00e9v*\" value=\"\" type=\"text\" name=\"Nachname\" \/><\/span>\n\t\t<\/p>\n\t<\/div>\n\t<div class=\"form-row form-col\">\n\t\t<p><span class=\"wpcf7-form-control-wrap\" data-name=\"Email\"><input size=\"40\" maxlength=\"400\" class=\"wpcf7-form-control wpcf7-email wpcf7-validates-as-required wpcf7-text wpcf7-validates-as-email\" aria-required=\"true\" aria-invalid=\"false\" placeholder=\"E-Mail c\u00edm*\" value=\"\" type=\"email\" name=\"Email\" \/><\/span><span class=\"wpcf7-form-control-wrap\" data-name=\"Telefon\"><input size=\"40\" maxlength=\"400\" class=\"wpcf7-form-control wpcf7-tel wpcf7-validates-as-required wpcf7-text wpcf7-validates-as-tel\" aria-required=\"true\" aria-invalid=\"false\" placeholder=\"Telefonsz\u00e1m*\" value=\"\" type=\"tel\" name=\"Telefon\" \/><\/span>\n\t\t<\/p>\n\t<\/div>\n\t<div class=\"form-row form-col\">\n\t\t<p><span class=\"wpcf7-form-control-wrap\" data-name=\"Firma\"><input size=\"40\" maxlength=\"400\" class=\"wpcf7-form-control wpcf7-text wpcf7-validates-as-required\" aria-required=\"true\" aria-invalid=\"false\" placeholder=\"C\u00e9gn\u00e9v*\" value=\"\" type=\"text\" name=\"Firma\" \/><\/span><span class=\"wpcf7-form-control-wrap\" data-name=\"Firmenland\"><input size=\"40\" maxlength=\"400\" class=\"wpcf7-form-control wpcf7-text wpcf7-validates-as-required\" aria-required=\"true\" aria-invalid=\"false\" placeholder=\"Orsz\u00e1g*\" value=\"\" type=\"text\" name=\"Firmenland\" \/><\/span>\n\t\t<\/p>\n\t<\/div>\n\t<div class=\"form-row\">\n\t\t<p><span class=\"form-font\">A c\u00e9g f\u0151 tev\u00e9kenys\u00e9ge<\/span><span class=\"wpcf7-form-control-wrap\" data-name=\"Betriebsgegenstand\"><span class=\"wpcf7-form-control wpcf7-checkbox\"><span class=\"wpcf7-list-item first\"><label><input type=\"checkbox\" name=\"Betriebsgegenstand[]\" value=\"Sz\u00e1ll\u00edtm\u00e1nyoz\u00e1s\" \/><span class=\"wpcf7-list-item-label\">Sz\u00e1ll\u00edtm\u00e1nyoz\u00e1s<\/span><\/label><\/span><span class=\"wpcf7-list-item\"><label><input type=\"checkbox\" name=\"Betriebsgegenstand[]\" value=\"G\u00e9pj\u00e1rm\u0171 jav\u00edt\u00e1s, szerv\u00edz\" \/><span class=\"wpcf7-list-item-label\">G\u00e9pj\u00e1rm\u0171 jav\u00edt\u00e1s, szerv\u00edz<\/span><\/label><\/span><span class=\"wpcf7-list-item\"><label><input type=\"checkbox\" name=\"Betriebsgegenstand[]\" value=\"J\u00e1rm\u0171keresked\u00e9s\" \/><span class=\"wpcf7-list-item-label\">J\u00e1rm\u0171keresked\u00e9s<\/span><\/label><\/span><span class=\"wpcf7-list-item\"><label><input type=\"checkbox\" name=\"Betriebsgegenstand[]\" value=\"Gumiszerv\u00edz\/abroncs \u00e9rt\u00e9kes\u00edt\u00e9s\" \/><span class=\"wpcf7-list-item-label\">Gumiszerv\u00edz\/abroncs \u00e9rt\u00e9kes\u00edt\u00e9s<\/span><\/label><\/span><span class=\"wpcf7-list-item last\"><label><input type=\"checkbox\" name=\"Betriebsgegenstand[]\" value=\"Sz\u00e1ll\u00edt\u00e1s\/vontat\u00e1s \u00e9s\/vagy m\u0171szaki ment\u00e9s\" \/><span class=\"wpcf7-list-item-label\">Sz\u00e1ll\u00edt\u00e1s\/vontat\u00e1s \u00e9s\/vagy m\u0171szaki ment\u00e9s<\/span><\/label><\/span><\/span><\/span>\n\t\t<\/p>\n\t<\/div>\n\t<div class=\"form-row\">\n\t\t<p><span class=\"form-font\">Mely szolg\u00e1ltat\u00e1saink \u00e9rdeklik?<\/span><span class=\"wpcf7-form-control-wrap\" data-name=\"Leistungen\"><span class=\"wpcf7-form-control wpcf7-checkbox\"><span class=\"wpcf7-list-item first\"><label><input type=\"checkbox\" name=\"Leistungen[]\" value=\"G\u00e9pj\u00e1rm\u0171 mobilit\u00e1s\" \/><span class=\"wpcf7-list-item-label\">G\u00e9pj\u00e1rm\u0171 mobilit\u00e1s<\/span><\/label><\/span><span class=\"wpcf7-list-item\"><label><input type=\"checkbox\" name=\"Leistungen[]\" value=\"Azonnali fizet\u00e9s bonyol\u00edt\u00e1sa\" \/><span class=\"wpcf7-list-item-label\">Azonnali fizet\u00e9s bonyol\u00edt\u00e1sa<\/span><\/label><\/span><span class=\"wpcf7-list-item\"><label><input type=\"checkbox\" name=\"Leistungen[]\" value=\"Szem\u00e9lyre szabott egyedi szolg\u00e1ltat\u00e1s\" \/><span class=\"wpcf7-list-item-label\">Szem\u00e9lyre szabott egyedi szolg\u00e1ltat\u00e1s<\/span><\/label><\/span><span class=\"wpcf7-list-item last\"><label><input type=\"checkbox\" name=\"Leistungen[]\" value=\"Non-stop telefonos \u00fcgyf\u00e9lszolg\u00e1lati tev\u00e9kenys\u00e9g\" \/><span class=\"wpcf7-list-item-label\">Non-stop telefonos \u00fcgyf\u00e9lszolg\u00e1lati tev\u00e9kenys\u00e9g<\/span><\/label><\/span><\/span><\/span>\n\t\t<\/p>\n\t<\/div>\n\t<div class=\"form-row\">\n\t\t<p><span class=\"wpcf7-form-control-wrap\" data-name=\"Nachricht\"><textarea cols=\"40\" rows=\"10\" maxlength=\"2000\" class=\"wpcf7-form-control wpcf7-textarea\" aria-invalid=\"false\" placeholder=\"\u00dczenet\" name=\"Nachricht\"><\/textarea><\/span>\n\t\t<\/p>\n\t<\/div>\n\t<div class=\"form-row\">\n\t\t<p><span class=\"wpcf7-form-control-wrap\" data-name=\"datenschutz\"><span class=\"wpcf7-form-control wpcf7-checkbox wpcf7-validates-as-required\"><span class=\"wpcf7-list-item first last\"><label><input type=\"checkbox\" name=\"datenschutz[]\" value=\"Elolvastam \u00e9s elfogadom az adatv\u00e9delmi szab\u00e1lyzatban foglaltakat. Az adatv\u00e9delmi hozz\u00e1j\u00e1rul\u00e1s e-mailben az info@24seven-assistance.com c\u00edmen jelezve b\u00e1rmikor visszavonhat\u00f3.\" \/><span class=\"wpcf7-list-item-label\">Elolvastam \u00e9s elfogadom az adatv\u00e9delmi szab\u00e1lyzatban foglaltakat. Az adatv\u00e9delmi hozz\u00e1j\u00e1rul\u00e1s e-mailben az info@24seven-assistance.com c\u00edmen jelezve b\u00e1rmikor visszavonhat\u00f3.<\/span><\/label><\/span><\/span><\/span>\n\t\t<\/p>\n\t<\/div>\n\t<div class=\"req\">\n\t\t<p>K\u00f6telez\u0151 adat*\n\t\t<\/p>\n\t<\/div>\n\t<div class=\"submit\">\n\t\t<p><input class=\"wpcf7-form-control wpcf7-submit has-spinner\" type=\"submit\" value=\"K\u00fcld\u00e9s\" \/>\n\t\t<\/p>\n\t<\/div>\n<\/div><div class=\"wpcf7-response-output\" aria-hidden=\"true\"><\/div>\n<\/form>\n<\/div>\n\n<\/div><\/section>\n<\/div><\/div><\/div><!-- close content main div --><\/div><\/div><div id='after_section_2'  class='main_color av_default_container_wrap container_wrap sidebar_right'  ><div class='container av-section-cont-open' ><div class='template-page content  av-content-small alpha units'><div class='post-entry post-entry-type-page post-entry-2694'><div class='entry-content-wrapper clearfix'>\n","protected":false},"excerpt":{"rendered":"","protected":false},"author":1,"featured_media":0,"parent":0,"menu_order":0,"comment_status":"closed","ping_status":"closed","template":"","meta":{"inline_featured_image":false,"footnotes":""},"class_list":["post-2694","page","type-page","status-publish","hentry"],"_links":{"self":[{"href":"https:\/\/24seven-assistance.com\/hu\/wp-json\/wp\/v2\/pages\/2694","targetHints":{"allow":["GET"]}}],"collection":[{"href":"https:\/\/24seven-assistance.com\/hu\/wp-json\/wp\/v2\/pages"}],"about":[{"href":"https:\/\/24seven-assistance.com\/hu\/wp-json\/wp\/v2\/types\/page"}],"author":[{"embeddable":true,"href":"https:\/\/24seven-assistance.com\/hu\/wp-json\/wp\/v2\/users\/1"}],"replies":[{"embeddable":true,"href":"https:\/\/24seven-assistance.com\/hu\/wp-json\/wp\/v2\/comments?post=2694"}],"version-history":[{"count":0,"href":"https:\/\/24seven-assistance.com\/hu\/wp-json\/wp\/v2\/pages\/2694\/revisions"}],"wp:attachment":[{"href":"https:\/\/24seven-assistance.com\/hu\/wp-json\/wp\/v2\/media?parent=2694"}],"curies":[{"name":"wp","href":"https:\/\/api.w.org\/{rel}","templated":true}]}}