{"id":1728,"date":"2021-12-17T09:21:53","date_gmt":"2021-12-17T08:21:53","guid":{"rendered":"https:\/\/24seven-assistance.com\/assistance\/"},"modified":"2022-02-26T19:46:48","modified_gmt":"2022-02-26T18:46:48","slug":"assistance","status":"publish","type":"page","link":"https:\/\/24seven-assistance.com\/pl\/assistance\/","title":{"rendered":"Assistance"},"content":{"rendered":"<\/p>\n<\/p>\n\n<style type=\"text\/css\" data-created_by=\"avia_inline_auto\" id=\"style-css-av-kxa4r9c3-e153b595fcb1d96eca3e9383670cae3f\">\n.avia-section.av-kxa4r9c3-e153b595fcb1d96eca3e9383670cae3f{\nbackground-repeat:no-repeat;\nbackground-image:url(https:\/\/24seven-assistance.com\/wp-content\/uploads\/2022\/01\/Assistance-Netzwerk-Europa.jpg);\nbackground-position:50% 50%;\nbackground-attachment:scroll;\n}\n<\/style>\n<div id='av_section_1'  class='avia-section av-kxa4r9c3-e153b595fcb1d96eca3e9383670cae3f main_color avia-section-default avia-no-border-styling  avia-builder-el-0  el_before_av_section  avia-builder-el-first  avia-full-stretch avia-bg-style-scroll av-minimum-height av-minimum-height-40 av-height-percent  container_wrap sidebar_right'  data-section-bg-repeat='stretch' data-av_minimum_height_pc='40' data-av_min_height_opt='percent'><div class='container av-section-cont-open' ><main  role=\"main\" itemprop=\"mainContentOfPage\"  class='template-page content  av-content-small alpha units'><div class='post-entry post-entry-type-page post-entry-1728'><div class='entry-content-wrapper clearfix'>\n<div  class='flex_column av-kxej89kt-893680486796c402e306e7a3de25f9bc av_one_full  avia-builder-el-1  avia-builder-el-no-sibling  hl-over-img first flex_column_div  '     ><style type=\"text\/css\" data-created_by=\"avia_inline_auto\" id=\"style-css-av-kxac6u6f-b56952a5572b0b02588e5ca4906d561f\">\n#top .av-special-heading.av-kxac6u6f-b56952a5572b0b02588e5ca4906d561f{\npadding-bottom:10px;\n}\nbody .av-special-heading.av-kxac6u6f-b56952a5572b0b02588e5ca4906d561f .av-special-heading-tag .heading-char{\nfont-size:25px;\n}\n.av-special-heading.av-kxac6u6f-b56952a5572b0b02588e5ca4906d561f .av-subheading{\nfont-size:15px;\n}\n<\/style>\n<div  class='av-special-heading av-kxac6u6f-b56952a5572b0b02588e5ca4906d561f av-special-heading-h3 blockquote modern-quote modern-centered  avia-builder-el-2  avia-builder-el-no-sibling '><h3 class='av-special-heading-tag '  itemprop=\"headline\"  >Mi\u0119dzynarodowy zasi\u0119g i specjalizacje<\/h3><div class=\"special-heading-border\"><div class=\"special-heading-inner-border\"><\/div><\/div><\/div><\/div><\/div><\/div><\/main><!-- close content main element --><\/div><\/div><div id='av_section_2'  class='avia-section av-kxa8o8jg-6c536374e34c3585c7457f0f52227458 main_color avia-section-no-padding avia-no-border-styling  avia-builder-el-3  el_after_av_section  el_before_av_section  inner-content first-content-overlay avia-bg-style-scroll container_wrap sidebar_right'  ><div class='container av-section-cont-open' ><div class='template-page content  av-content-small alpha units'><div class='post-entry post-entry-type-page post-entry-1728'><div class='entry-content-wrapper clearfix'>\n\n<style type=\"text\/css\" data-created_by=\"avia_inline_auto\" id=\"style-css-av-ky4a1pb8-ebb0db7d64c9973de7aee1deaff476db\">\n#top .hr.av-ky4a1pb8-ebb0db7d64c9973de7aee1deaff476db{\nmargin-top:57px;\nmargin-bottom:18px;\n}\n.hr.av-ky4a1pb8-ebb0db7d64c9973de7aee1deaff476db .hr-inner{\nwidth:100%;\nborder-color:#bfbbba;\n}\n<\/style>\n<div  class='hr av-ky4a1pb8-ebb0db7d64c9973de7aee1deaff476db hr-custom  avia-builder-el-4  el_before_av_textblock  avia-builder-el-first  hr-center hr-icon-no'><span class='hr-inner inner-border-av-border-thin'><span class=\"hr-inner-style\"><\/span><\/span><\/div>\n<section  class='av_textblock_section av-kxaccxwc-29c9ccbaa3e24e23e7ea339f9b034995 '   itemscope=\"itemscope\" itemtype=\"https:\/\/schema.org\/CreativeWork\" ><div class='avia_textblock text-large'  itemprop=\"text\" ><h6>Assistance<\/h6>\n<h2>Sie\u0107 40.000 autoryzowanych warsztat\u00f3w w Europie.<\/h2>\n<p>Sercem naszych us\u0142ug assistance jest ca\u0142odobowa pomoc w nag\u0142ych wypadkach w ca\u0142ej Europie dla samochod\u00f3w ci\u0119\u017carowych, przyczep, autobus\u00f3w, lekkich pojazd\u00f3w u\u017cytkowych, pojazd\u00f3w rolniczych i maszyn budowlanych.<\/p>\n<p>Ofert\u0119 uzupe\u0142niaj\u0105 pakiety ochronne pojazd\u00f3w i pakiety mobilno\u015bci, a tak\u017ce rozwi\u0105zania w zakresie p\u0142atno\u015bci (przedp\u0142aty) oraz rozwi\u0105zania w zakresie bezpiecze\u0144stwa p\u0142atno\u015bci dla producent\u00f3w pojazd\u00f3w (OEM) i operator\u00f3w flot.<\/p>\n<p>24\/7 ASSISTANCE posiada sie\u0107 40 000 autoryzowanych warsztat\u00f3w w Europie i, jako zorientowany na rozw\u00f3j dostawca us\u0142ug mobilno\u015bci, nap\u0119dza jako\u015bciow\u0105 ekspansj\u0119 swoich sieci serwisowych &#8211; mi\u0119dzynarodowych, wyspecjalizowanych, zr\u00f3wnowa\u017conych i wydajnych.<\/p>\n<\/div><\/section>\n<\/div><\/div><\/div><!-- close content main div --><\/div><\/div><div id='av_section_3'  class='avia-section av-26jdql-8b0904dfa9ce26a8697934be1e639cfa main_color avia-section-no-padding avia-no-border-styling  avia-builder-el-6  el_after_av_section  avia-builder-el-last  inner-content avia-bg-style-scroll container_wrap sidebar_right'  ><div class='container av-section-cont-open' ><div class='template-page content  av-content-small alpha units'><div class='post-entry post-entry-type-page post-entry-1728'><div class='entry-content-wrapper clearfix'>\n<div  class='flex_column av-21hhwd-92155ef776703401ee4412c7ec7cc288 av_one_half  avia-builder-el-7  el_before_av_one_half  avia-builder-el-first  first av-break-at-tablet flex_column_div  '     ><style type=\"text\/css\" data-created_by=\"avia_inline_auto\" id=\"style-css-av-kxad24eq-ee1a21d0b2b3963747574285f153d8d2\">\n.avia-image-container.av-kxad24eq-ee1a21d0b2b3963747574285f153d8d2 img.avia_image{\nbox-shadow:none;\n}\n.avia-image-container.av-kxad24eq-ee1a21d0b2b3963747574285f153d8d2 .av-image-caption-overlay-center{\ncolor:#ffffff;\n}\n<\/style>\n<div  class='avia-image-container av-kxad24eq-ee1a21d0b2b3963747574285f153d8d2 av-styling-no-styling avia-align-center  avia-builder-el-8  avia-builder-el-no-sibling  img-border'   itemprop=\"image\" itemscope=\"itemscope\" itemtype=\"https:\/\/schema.org\/ImageObject\" ><div class=\"avia-image-container-inner\"><div class=\"avia-image-overlay-wrap\"><img decoding=\"async\" fetchpriority=\"high\" class='wp-image-1696 avia-img-lazy-loading-not-1696 avia_image ' src=\"https:\/\/24seven-assistance.com\/wp-content\/uploads\/2021\/12\/Mobility-Pannenhilfe.jpg\" alt='' title='Mobility-Pannenhilfe'  height=\"550\" width=\"550\"  itemprop=\"thumbnailUrl\" srcset=\"https:\/\/24seven-assistance.com\/wp-content\/uploads\/2021\/12\/Mobility-Pannenhilfe.jpg 550w, https:\/\/24seven-assistance.com\/wp-content\/uploads\/2021\/12\/Mobility-Pannenhilfe-300x300.jpg 300w, https:\/\/24seven-assistance.com\/wp-content\/uploads\/2021\/12\/Mobility-Pannenhilfe-80x80.jpg 80w, https:\/\/24seven-assistance.com\/wp-content\/uploads\/2021\/12\/Mobility-Pannenhilfe-36x36.jpg 36w, https:\/\/24seven-assistance.com\/wp-content\/uploads\/2021\/12\/Mobility-Pannenhilfe-180x180.jpg 180w\" sizes=\"(max-width: 550px) 100vw, 550px\" \/><\/div><\/div><\/div><\/div><div  class='flex_column av-1vet7p-3307d7c27ff1290d34d441069bd345fd av_one_half  avia-builder-el-9  el_after_av_one_half  el_before_av_hr  mob-center av-break-at-tablet flex_column_div  '     ><p>\n<style type=\"text\/css\" data-created_by=\"avia_inline_auto\" id=\"style-css-av-kxadzr3u-f434f3269c26c73122e96387b22410c9\">\n#top .hr.hr-invisible.av-kxadzr3u-f434f3269c26c73122e96387b22410c9{\nheight:50px;\n}\n<\/style>\n<div  class='hr av-kxadzr3u-f434f3269c26c73122e96387b22410c9 hr-invisible  avia-builder-el-10  el_before_av_heading  avia-builder-el-first  av-small-hide av-mini-hide'><span class='hr-inner '><span class=\"hr-inner-style\"><\/span><\/span><\/div><br \/>\n\n<style type=\"text\/css\" data-created_by=\"avia_inline_auto\" id=\"style-css-av-kxad3bxq-ef3fc58e9e79c1c0fd7482deeb65b644\">\n#top .av-special-heading.av-kxad3bxq-ef3fc58e9e79c1c0fd7482deeb65b644{\npadding-bottom:10px;\n}\nbody .av-special-heading.av-kxad3bxq-ef3fc58e9e79c1c0fd7482deeb65b644 .av-special-heading-tag .heading-char{\nfont-size:25px;\n}\n.av-special-heading.av-kxad3bxq-ef3fc58e9e79c1c0fd7482deeb65b644 .av-subheading{\nfont-size:15px;\n}\n<\/style>\n<div  class='av-special-heading av-kxad3bxq-ef3fc58e9e79c1c0fd7482deeb65b644 av-special-heading-h5 blockquote modern-quote  avia-builder-el-11  el_after_av_hr  el_before_av_textblock '><h5 class='av-special-heading-tag '  itemprop=\"headline\"  >Mobilno\u015b\u0107<\/h5><div class=\"special-heading-border\"><div class=\"special-heading-inner-border\"><\/div><\/div><\/div><br \/>\n<section  class='av_textblock_section av-kxad3m7u-4898a9a92116759f8b1e3e54f6625e45 '   itemscope=\"itemscope\" itemtype=\"https:\/\/schema.org\/CreativeWork\" ><div class='avia_textblock'  itemprop=\"text\" ><p>\u015awiadczymy us\u0142ugi pomocy drogowej OEM i u\u017cytkownikom ko\u0144cowym, us\u0142ugi assistance dla firm leasingowych i ubezpieczeniowych oraz us\u0142ugi assistance dla wystawc\u00f3w kart paliwowych. Dowiedz si\u0119 wi\u0119cej o naszej ofercie.<\/p>\n<\/div><\/section><br \/>\n<div  class='avia-button-wrap av-kxad3s0w-edaf4b48278398b9444139bae38f66f6-wrap avia-button-left  avia-builder-el-13  el_after_av_textblock  avia-builder-el-last '><a href='https:\/\/24seven-assistance.com\/pl\/assistance\/mobility\/'  class='avia-button av-kxad3s0w-edaf4b48278398b9444139bae38f66f6 av-link-btn avia-icon_select-yes-left-icon avia-size-small avia-position-left avia-color-theme-color'   aria-label=\"Szczeg\u00f3\u0142y\"><span class='avia_button_icon avia_button_icon_left avia-iconfont avia-font-fontello' data-av_icon='\ue800' data-av_iconfont='fontello' ><\/span><span class='avia_iconbox_title' >Szczeg\u00f3\u0142y<\/span><\/a><\/div><\/p><\/div>\n<style type=\"text\/css\" data-created_by=\"avia_inline_auto\" id=\"style-css-av-kxae6q1d-0ab193e71af3d8ae0b914b0e60b4ce84\">\n#top .hr.hr-invisible.av-kxae6q1d-0ab193e71af3d8ae0b914b0e60b4ce84{\nheight:100px;\n}\n<\/style>\n<div  class='hr av-kxae6q1d-0ab193e71af3d8ae0b914b0e60b4ce84 hr-invisible  avia-builder-el-14  el_after_av_one_half  el_before_av_one_half '><span class='hr-inner '><span class=\"hr-inner-style\"><\/span><\/span><\/div>\n<div class='av-column-wrapper-individual av-break-at-tablet-flexwrapper av-mobile-columns-flex av-columns-reverse'><div  class='flex_column av-1p3j45-e8476fc1c5cc6f71527815942d934605 av_one_half  avia-builder-el-15  el_after_av_hr  el_before_av_one_half  mob-center first av-break-at-tablet flex_column_div  '     ><p>\n<style type=\"text\/css\" data-created_by=\"avia_inline_auto\" id=\"style-css-av-5xodh-8d5c4ed0f7702c0809f2d4fecac7bcad\">\n#top .hr.hr-invisible.av-5xodh-8d5c4ed0f7702c0809f2d4fecac7bcad{\nheight:50px;\n}\n<\/style>\n<div  class='hr av-5xodh-8d5c4ed0f7702c0809f2d4fecac7bcad hr-invisible  avia-builder-el-16  el_before_av_heading  avia-builder-el-first  av-small-hide av-mini-hide'><span class='hr-inner '><span class=\"hr-inner-style\"><\/span><\/span><\/div><br \/>\n\n<style type=\"text\/css\" data-created_by=\"avia_inline_auto\" id=\"style-css-av-kxae32ot-6a35baef8a528d0c7cb118f6e27956bd\">\n#top .av-special-heading.av-kxae32ot-6a35baef8a528d0c7cb118f6e27956bd{\npadding-bottom:10px;\n}\nbody .av-special-heading.av-kxae32ot-6a35baef8a528d0c7cb118f6e27956bd .av-special-heading-tag .heading-char{\nfont-size:25px;\n}\n.av-special-heading.av-kxae32ot-6a35baef8a528d0c7cb118f6e27956bd .av-subheading{\nfont-size:15px;\n}\n<\/style>\n<div  class='av-special-heading av-kxae32ot-6a35baef8a528d0c7cb118f6e27956bd av-special-heading-h5 blockquote modern-quote  avia-builder-el-17  el_after_av_hr  el_before_av_textblock '><h5 class='av-special-heading-tag '  itemprop=\"headline\"  >P\u0142atno\u015bci natychmiastowe<\/h5><div class=\"special-heading-border\"><div class=\"special-heading-inner-border\"><\/div><\/div><\/div><br \/>\n<section  class='av_textblock_section av-kxae3edo-fa332f2e1cf3187832b85297a1ca8ca4 '   itemscope=\"itemscope\" itemtype=\"https:\/\/schema.org\/CreativeWork\" ><div class='avia_textblock'  itemprop=\"text\" ><p>Dzi\u0119ki naszym metodom p\u0142atno\u015bci 24\/7 nasi klienci mog\u0105 natychmiast ui\u015bci\u0107 op\u0142at\u0119 (awaryjnie) za us\u0142ugi w Europie za pomoc\u0105 \u201eWirtualnego Terminala P\u0142atniczego\u201d. P\u0142atno\u015b\u0107 nast\u0119puje natychmiast. Przekonaj si\u0119 sam o naszej ofercie.<\/p>\n<\/div><\/section><br \/>\n<div  class='avia-button-wrap av-1f14th-f9858a800bdaf68085957803fcd3e9ed-wrap avia-button-left  avia-builder-el-19  el_after_av_textblock  avia-builder-el-last '><a href='https:\/\/24seven-assistance.com\/pl\/assistance\/instant-payment\/'  class='avia-button av-1f14th-f9858a800bdaf68085957803fcd3e9ed av-link-btn avia-icon_select-yes-left-icon avia-size-small avia-position-left avia-color-theme-color'   aria-label=\"Szczeg\u00f3\u0142y\"><span class='avia_button_icon avia_button_icon_left avia-iconfont avia-font-fontello' data-av_icon='\ue800' data-av_iconfont='fontello' ><\/span><span class='avia_iconbox_title' >Szczeg\u00f3\u0142y<\/span><\/a><\/div><\/p><\/div><div  class='flex_column av-18iez1-2bbb86e438c481d9b1a715b196454fc4 av_one_half  avia-builder-el-20  el_after_av_one_half  el_before_av_hr  av-break-at-tablet flex_column_div  '     ><style type=\"text\/css\" data-created_by=\"avia_inline_auto\" id=\"style-css-av-148vyt-4015737cf15f17e0bd3212f12c0c759d\">\n.avia-image-container.av-148vyt-4015737cf15f17e0bd3212f12c0c759d img.avia_image{\nbox-shadow:none;\n}\n.avia-image-container.av-148vyt-4015737cf15f17e0bd3212f12c0c759d .av-image-caption-overlay-center{\ncolor:#ffffff;\n}\n<\/style>\n<div  class='avia-image-container av-148vyt-4015737cf15f17e0bd3212f12c0c759d av-styling-no-styling avia-align-center  avia-builder-el-21  avia-builder-el-no-sibling  img-border'   itemprop=\"image\" itemscope=\"itemscope\" itemtype=\"https:\/\/schema.org\/ImageObject\" ><div class=\"avia-image-container-inner\"><div class=\"avia-image-overlay-wrap\"><img decoding=\"async\" fetchpriority=\"high\" class='wp-image-1702 avia-img-lazy-loading-not-1702 avia_image ' src=\"https:\/\/24seven-assistance.com\/wp-content\/uploads\/2021\/12\/Instant-Payment-1.jpg\" alt='' title='Instant-Payment'  height=\"550\" width=\"550\"  itemprop=\"thumbnailUrl\" srcset=\"https:\/\/24seven-assistance.com\/wp-content\/uploads\/2021\/12\/Instant-Payment-1.jpg 550w, https:\/\/24seven-assistance.com\/wp-content\/uploads\/2021\/12\/Instant-Payment-1-300x300.jpg 300w, https:\/\/24seven-assistance.com\/wp-content\/uploads\/2021\/12\/Instant-Payment-1-80x80.jpg 80w, https:\/\/24seven-assistance.com\/wp-content\/uploads\/2021\/12\/Instant-Payment-1-36x36.jpg 36w, https:\/\/24seven-assistance.com\/wp-content\/uploads\/2021\/12\/Instant-Payment-1-180x180.jpg 180w\" sizes=\"(max-width: 550px) 100vw, 550px\" \/><\/div><\/div><\/div><\/div><\/div><!--close flex column wrapper. Autoclose: 1 -->\n<style type=\"text\/css\" data-created_by=\"avia_inline_auto\" id=\"style-css-av-kxae74b9-15682d2c9d85618e629b521265e1ad38\">\n#top .hr.hr-invisible.av-kxae74b9-15682d2c9d85618e629b521265e1ad38{\nheight:100px;\n}\n<\/style>\n<div  class='hr av-kxae74b9-15682d2c9d85618e629b521265e1ad38 hr-invisible  avia-builder-el-22  el_after_av_one_half  avia-builder-el-last '><span class='hr-inner '><span class=\"hr-inner-style\"><\/span><\/span><\/div>\n<\/div><\/div><\/div><!-- close content main div --><\/div><\/div><div id='after_section_3'  class='main_color av_default_container_wrap container_wrap sidebar_right'  ><div class='container av-section-cont-open' ><div class='template-page content  av-content-small alpha units'><div class='post-entry post-entry-type-page post-entry-1728'><div class='entry-content-wrapper clearfix'><\/p>\n","protected":false},"excerpt":{"rendered":"","protected":false},"author":4,"featured_media":0,"parent":0,"menu_order":0,"comment_status":"closed","ping_status":"closed","template":"","meta":{"inline_featured_image":false,"footnotes":""},"class_list":["post-1728","page","type-page","status-publish","hentry"],"_links":{"self":[{"href":"https:\/\/24seven-assistance.com\/pl\/wp-json\/wp\/v2\/pages\/1728","targetHints":{"allow":["GET"]}}],"collection":[{"href":"https:\/\/24seven-assistance.com\/pl\/wp-json\/wp\/v2\/pages"}],"about":[{"href":"https:\/\/24seven-assistance.com\/pl\/wp-json\/wp\/v2\/types\/page"}],"author":[{"embeddable":true,"href":"https:\/\/24seven-assistance.com\/pl\/wp-json\/wp\/v2\/users\/4"}],"replies":[{"embeddable":true,"href":"https:\/\/24seven-assistance.com\/pl\/wp-json\/wp\/v2\/comments?post=1728"}],"version-history":[{"count":0,"href":"https:\/\/24seven-assistance.com\/pl\/wp-json\/wp\/v2\/pages\/1728\/revisions"}],"wp:attachment":[{"href":"https:\/\/24seven-assistance.com\/pl\/wp-json\/wp\/v2\/media?parent=1728"}],"curies":[{"name":"wp","href":"https:\/\/api.w.org\/{rel}","templated":true}]}}