{"id":1734,"date":"2022-01-11T12:40:49","date_gmt":"2022-01-11T11:40:49","guid":{"rendered":"https:\/\/24seven-assistance.com\/assistance\/mobility\/zahlungsmoeglichkeiten\/"},"modified":"2022-02-14T12:14:57","modified_gmt":"2022-02-14T11:14:57","slug":"zahlungsmoeglichkeiten","status":"publish","type":"page","link":"https:\/\/24seven-assistance.com\/pl\/assistance\/mobility\/zahlungsmoeglichkeiten\/","title":{"rendered":"Metody p\u0142atno\u015bci"},"content":{"rendered":"\n<style type=\"text\/css\" data-created_by=\"avia_inline_auto\" id=\"style-css-av-kxa4r9c3-feb977b7e5be7307ee1f0d7fd433c3ea\">\n.avia-section.av-kxa4r9c3-feb977b7e5be7307ee1f0d7fd433c3ea{\nbackground-repeat:no-repeat;\nbackground-image:url(https:\/\/24seven-assistance.com\/wp-content\/uploads\/2022\/01\/Zahlungsmoeglichkeiten-24-7-Assistance.jpg);\nbackground-position:50% 50%;\nbackground-attachment:scroll;\n}\n<\/style>\n<div id='av_section_1'  class='avia-section av-kxa4r9c3-feb977b7e5be7307ee1f0d7fd433c3ea main_color avia-section-default avia-no-border-styling  avia-builder-el-0  el_before_av_section  avia-builder-el-first  avia-full-stretch avia-bg-style-scroll av-minimum-height av-minimum-height-40 av-height-percent  container_wrap sidebar_right'  data-section-bg-repeat='stretch' data-av_minimum_height_pc='40' data-av_min_height_opt='percent'><div class='container av-section-cont-open' ><main  role=\"main\" itemprop=\"mainContentOfPage\"  class='template-page content  av-content-small alpha units'><div class='post-entry post-entry-type-page post-entry-1734'><div class='entry-content-wrapper clearfix'>\n<div  class='flex_column av-kxej89kt-893680486796c402e306e7a3de25f9bc av_one_full  avia-builder-el-1  avia-builder-el-no-sibling  hl-over-img first flex_column_div  '     ><style type=\"text\/css\" data-created_by=\"avia_inline_auto\" id=\"style-css-av-kxac6u6f-ce944f3f31702b0876b5a6d3617a1b58\">\n#top .av-special-heading.av-kxac6u6f-ce944f3f31702b0876b5a6d3617a1b58{\npadding-bottom:10px;\n}\nbody .av-special-heading.av-kxac6u6f-ce944f3f31702b0876b5a6d3617a1b58 .av-special-heading-tag .heading-char{\nfont-size:25px;\n}\n.av-special-heading.av-kxac6u6f-ce944f3f31702b0876b5a6d3617a1b58 .av-subheading{\nfont-size:15px;\n}\n<\/style>\n<div  class='av-special-heading av-kxac6u6f-ce944f3f31702b0876b5a6d3617a1b58 av-special-heading-h3 blockquote modern-quote modern-centered  avia-builder-el-2  avia-builder-el-no-sibling '><h3 class='av-special-heading-tag '  itemprop=\"headline\"  >Zawsze miej oko na swoje koszty<\/h3><div class=\"special-heading-border\"><div class=\"special-heading-inner-border\"><\/div><\/div><\/div><\/div>\n\n<\/div><\/div><\/main><!-- close content main element --><\/div><\/div><div id='av_section_2'  class='avia-section av-kxa8o8jg-6c536374e34c3585c7457f0f52227458 main_color avia-section-no-padding avia-no-border-styling  avia-builder-el-3  el_after_av_section  el_before_av_section  inner-content first-content-overlay avia-bg-style-scroll container_wrap sidebar_right'  ><div class='container av-section-cont-open' ><div class='template-page content  av-content-small alpha units'><div class='post-entry post-entry-type-page post-entry-1734'><div class='entry-content-wrapper clearfix'>\n\n<style type=\"text\/css\" data-created_by=\"avia_inline_auto\" id=\"style-css-av-aqi4n-0bea63b86c6e892b20e2aa7f16b27088\">\n#top .hr.av-aqi4n-0bea63b86c6e892b20e2aa7f16b27088{\nmargin-top:57px;\nmargin-bottom:18px;\n}\n.hr.av-aqi4n-0bea63b86c6e892b20e2aa7f16b27088 .hr-inner{\nwidth:100%;\nborder-color:#bfbbba;\n}\n<\/style>\n<div  class='hr av-aqi4n-0bea63b86c6e892b20e2aa7f16b27088 hr-custom  avia-builder-el-4  el_before_av_textblock  avia-builder-el-first  hr-center hr-icon-no'><span class='hr-inner inner-border-av-border-thin'><span class=\"hr-inner-style\"><\/span><\/span><\/div>\n<section  class='av_textblock_section av-kxaccxwc-29c9ccbaa3e24e23e7ea339f9b034995 '   itemscope=\"itemscope\" itemtype=\"https:\/\/schema.org\/CreativeWork\" ><div class='avia_textblock text-large'  itemprop=\"text\" ><h6>Mo\u017cliwo\u015bci p\u0142atnicze<\/h6>\n<h2>Dzi\u0119ki 24\/7 ASSISTANCE unikniesz nieprzyjemnych niespodzianek.<\/h2>\n<p>Dzi\u0119ki naszym r\u00f3\u017cnym opcjom p\u0142atno\u015bci klienci mog\u0105 natychmiast p\u0142aci\u0107 ( awaryjnie) za us\u0142ugi w Europie za pomoc\u0105 \u201ewirtualnego terminala p\u0142atniczego\u201d do 24\/7 GmbH, a us\u0142ugodawcy natychmiast otrzymuj\u0105 swoje pieni\u0105dze. W tym celu Klient otrzymuje e-mailem link, za pomoc\u0105 kt\u00f3rego mo\u017ce wybra\u0107 preferowan\u0105 przez siebie metod\u0119 p\u0142atno\u015bci. P\u0142atno\u015b\u0107 nast\u0119puje natychmiast, potwierdzenie zostanie wys\u0142ane niezw\u0142ocznie. Akceptujemy wi\u0119kszo\u015b\u0107 kart paliwowych i kredytowych, ale tak\u017ce metody p\u0142atno\u015bci, takie jak Apple Pay, iDEAL, EPS i inne.<\/p>\n<\/div><\/section>\n\n<\/div><\/div><\/div><!-- close content main div --><\/div><\/div><div id='av_section_3'  class='avia-section av-kxemomxp-a9812d960b9514945823d897ddbbf51e main_color avia-section-no-padding avia-no-border-styling  avia-builder-el-6  el_after_av_section  el_before_av_postcontent  inner-content invalid-custom-class-found avia-bg-style-scroll container_wrap sidebar_right'  ><div class='container av-section-cont-open' ><div class='template-page content  av-content-small alpha units'><div class='post-entry post-entry-type-page post-entry-1734'><div class='entry-content-wrapper clearfix'>\n\n<style type=\"text\/css\" data-created_by=\"avia_inline_auto\" id=\"style-css-av-kxemov4d-72a2f7105faf3848cb6fd7ff9486054d\">\n.flex_column.av-kxemov4d-72a2f7105faf3848cb6fd7ff9486054d{\npadding:50px 20px 20px 20px;\nbackground-color:#bfbbba;\n}\n<\/style>\n<div  class='flex_column av-kxemov4d-72a2f7105faf3848cb6fd7ff9486054d av_one_half  avia-builder-el-7  el_before_av_one_half  avia-builder-el-first  bg-gray first flex_column_div  '     ><section  class='av_textblock_section av-kxemctd4-ccda137bf49ca067587489de623b1caf '   itemscope=\"itemscope\" itemtype=\"https:\/\/schema.org\/CreativeWork\" ><div class='avia_textblock article-date'  itemprop=\"text\" ><div><\/div>\n<div><\/div>\n<\/div><\/section><br \/>\n\n<style type=\"text\/css\" data-created_by=\"avia_inline_auto\" id=\"style-css-av-kxemdrb7-57286fe6de10a9cd3bc09b7c9bdb2f75\">\n#top .av-special-heading.av-kxemdrb7-57286fe6de10a9cd3bc09b7c9bdb2f75{\npadding-bottom:10px;\n}\nbody .av-special-heading.av-kxemdrb7-57286fe6de10a9cd3bc09b7c9bdb2f75 .av-special-heading-tag .heading-char{\nfont-size:25px;\n}\n.av-special-heading.av-kxemdrb7-57286fe6de10a9cd3bc09b7c9bdb2f75 .av-subheading{\nfont-size:15px;\n}\n<\/style>\n<div  class='av-special-heading av-kxemdrb7-57286fe6de10a9cd3bc09b7c9bdb2f75 av-special-heading-h5 blockquote modern-quote  avia-builder-el-9  el_after_av_textblock  el_before_av_textblock '><h5 class='av-special-heading-tag '  itemprop=\"headline\"  >Dodatkowe us\u0142ugi:<\/h5><div class=\"special-heading-border\"><div class=\"special-heading-inner-border\"><\/div><\/div><\/div><br \/>\n<section  class='av_textblock_section av-kxemdxf4-406680323eed6afc1a1cda351d552dbe '   itemscope=\"itemscope\" itemtype=\"https:\/\/schema.org\/CreativeWork\" ><div class='avia_textblock'  itemprop=\"text\" ><p>Ponadto oferujemy kontrol\u0119 koszt\u00f3w napraw w warsztatach, produkty rozszerzonej gwarancji, organizacj\u0119 p\u0142atno\u015bci za koszty nie wynikaj\u0105cymi z us\u0142ug serwisowych oraz rozwi\u0105zania\u00a0 p\u0142atno\u015bci awaryjnych dla klient\u00f3w na zasadzie przedp\u0142aty.<\/p>\n<\/div><\/section><\/p><\/div><div  class='flex_column av-kxeriww3-3dee78f0c99cb07e88871b2e5a036401 av_one_half  avia-builder-el-11  el_after_av_one_half  el_before_av_hr  flex_column_div  '     ><p>\n<style type=\"text\/css\" data-created_by=\"avia_inline_auto\" id=\"style-css-av-kya1ursg-11d3258ab642b141f77e7734f2bf20ae\">\n#top .hr.hr-invisible.av-kya1ursg-11d3258ab642b141f77e7734f2bf20ae{\nheight:50px;\n}\n<\/style>\n<div  class='hr av-kya1ursg-11d3258ab642b141f77e7734f2bf20ae hr-invisible  avia-builder-el-12  el_before_av_button  avia-builder-el-first '><span class='hr-inner '><span class=\"hr-inner-style\"><\/span><\/span><\/div><br \/>\n<div  class='avia-button-wrap av-kya07mhf-cc001585e55c4c4a84f287c770a09559-wrap avia-button-left  avia-builder-el-13  el_after_av_hr  avia-builder-el-last '><a href='https:\/\/24seven-assistance.com\/pl\/assistance\/mobility\/pay-services-pakete\/'  class='avia-button av-kya07mhf-cc001585e55c4c4a84f287c770a09559 av-link-btn avia-icon_select-yes-left-icon avia-size-small avia-position-left avia-color-theme-color-highlight'   aria-label=\"Pakiety p\u0142atnicze\"><span class='avia_button_icon avia_button_icon_left avia-iconfont avia-font-fontello' data-av_icon='\ue800' data-av_iconfont='fontello' ><\/span><span class='avia_iconbox_title' >Pakiety p\u0142atnicze<\/span><\/a><\/div><\/p><\/div>\n<style type=\"text\/css\" data-created_by=\"avia_inline_auto\" id=\"style-css-av-ky9z2q80-e9314f78b51ff86e07393389656908a6\">\n#top .hr.hr-invisible.av-ky9z2q80-e9314f78b51ff86e07393389656908a6{\nheight:80px;\n}\n<\/style>\n<div  class='hr av-ky9z2q80-e9314f78b51ff86e07393389656908a6 hr-invisible  avia-builder-el-14  el_after_av_one_half  avia-builder-el-last '><span class='hr-inner '><span class=\"hr-inner-style\"><\/span><\/span><\/div>\n\n[av_section min_height='' min_height_pc='25' min_height_px='500px' padding='no-padding' custom_margin='0px' custom_margin_sync='true' svg_div_top='' svg_div_top_color='#333333' svg_div_top_width='100' svg_div_top_height='50' svg_div_top_max_height='none' svg_div_top_opacity='' svg_div_bottom='' svg_div_bottom_color='#333333' svg_div_bottom_width='100' svg_div_bottom_height='50' svg_div_bottom_max_height='none' svg_div_bottom_opacity='' color='main_color' background='bg_color' custom_bg='' background_gradient_direction='vertical' background_gradient_color1='#000000' background_gradient_color2='#ffffff' background_gradient_color3='' src='http:\/\/24seven-assistance.com\/wp-content\/uploads\/2022\/01\/Beratung-24-7-Assistance-Europa.jpg' attachment='988' attachment_size='full' attach='scroll' position='center left' repeat='no-repeat' video='' video_ratio='16:9' overlay_opacity='0.8' overlay_color='#fce714' overlay_pattern='' overlay_custom_pattern='' shadow='no-border-styling' bottom_border='no-border-styling' bottom_border_diagonal_color='#333333' bottom_border_diagonal_direction='' bottom_border_style='' custom_arrow_bg='' id='beratung' custom_class='' template_class='' aria_label='' av_element_hidden_in_editor='0' av_uid='av-kxeqeg5s' sc_version='1.0']\n\n[av_hr class='invisible' icon_select='yes' icon='ue808' font='entypo-fontello' position='center' shadow='no-shadow' height='100' custom_border='av-border-thin' custom_width='50px' custom_margin_top='30px' custom_margin_bottom='30px' custom_border_color='' custom_icon_color='' id='' custom_class='' template_class='' av_uid='av-kcmi2' sc_version='1.0' admin_preview_bg='']\n\n[av_one_fifth first min_height='' vertical_alignment='av-align-top' space='no_margin' row_boxshadow_color='' row_boxshadow_width='10' margin='0px' margin_sync='true' mobile_breaking='' mobile_column_order='' min_col_height='' padding='' padding_sync='true' svg_div_top='' svg_div_top_color='#333333' svg_div_top_width='100' svg_div_top_height='50' svg_div_top_max_height='none' svg_div_top_opacity='' svg_div_bottom='' svg_div_bottom_color='#333333' svg_div_bottom_width='100' svg_div_bottom_height='50' svg_div_bottom_max_height='none' svg_div_bottom_opacity='' border='' border_style='solid' border_color='' radius='' radius_sync='true' column_boxshadow_color='' column_boxshadow_width='10' background='bg_color' background_color='' background_gradient_direction='vertical' background_gradient_color1='#000000' background_gradient_color2='#ffffff' background_gradient_color3='' src='' attachment='' attachment_size='' background_position='top left' background_repeat='no-repeat' highlight_size='1.1' animation='' link='' linktarget='' link_hover='' title_attr='' alt_attr='' mobile_display='' mobile_col_pos='0' id='' custom_class='' template_class='' aria_label='' av_uid='av-kxer1fhc' sc_version='1.0']\n\n[\/av_one_fifth][av_three_fifth min_height='' vertical_alignment='av-align-top' space='' row_boxshadow='' row_boxshadow_color='' row_boxshadow_width='10' custom_margin='' margin='0px' mobile_breaking='' mobile_column_order='' min_col_height='' padding='' svg_div_top='' svg_div_top_color='#333333' svg_div_top_width='100' svg_div_top_height='50' svg_div_top_max_height='none' svg_div_top_flip='' svg_div_top_invert='' svg_div_top_front='' svg_div_top_opacity='' svg_div_top_preview='' svg_div_bottom='' svg_div_bottom_color='#333333' svg_div_bottom_width='100' svg_div_bottom_height='50' svg_div_bottom_max_height='none' svg_div_bottom_flip='' svg_div_bottom_invert='' svg_div_bottom_front='' svg_div_bottom_opacity='' svg_div_bottom_preview='' border='' border_style='solid' border_color='' radius='' column_boxshadow='' column_boxshadow_color='' column_boxshadow_width='10' background='bg_color' background_color='' background_gradient_direction='vertical' background_gradient_color1='#000000' background_gradient_color2='#ffffff' background_gradient_color3='' src='' background_position='top left' background_repeat='no-repeat' highlight='' highlight_size='' animation='' link='' linktarget='' link_hover='' title_attr='' alt_attr='' mobile_display='' mobile_col_pos='0' id='' custom_class='' template_class='' aria_label='' av_uid='av-fiyyi' sc_version='1.0']\n\n[av_heading heading='Kontakt z nami' tag='h2' style='blockquote modern-quote modern-centered' subheading_active='' show_icon='' icon='ue800' font='entypo-fontello' size='' av-medium-font-size-title='' av-small-font-size-title='' av-mini-font-size-title='' subheading_size='' av-medium-font-size='' av-small-font-size='' av-mini-font-size='' icon_size='' av-medium-font-size-1='' av-small-font-size-1='' av-mini-font-size-1='' color='' custom_font='' subheading_color='' seperator_color='' icon_color='' margin='' margin_sync='true' padding='10' icon_padding='10' headline_padding='' headline_padding_sync='true' link='' link_target='' id='' custom_class='' template_class='' av_uid='av-kxeqkcun' sc_version='1.0' admin_preview_bg=''][\/av_heading]\n\n[av_textblock size='' av-medium-font-size='' av-small-font-size='' av-mini-font-size='' font_color='custom' color='#000000' id='' custom_class='text-large-black' template_class='' av_uid='av-kxeqksas' sc_version='1.0' admin_preview_bg='']\n<p style=\"text-align: center;\">Chcesz skorzysta\u0107 z us\u0142ug 24\/7 GmbH, masz pytanie lub potrzebujesz porady?\nZawsze ch\u0119tnie po\u015bwi\u0119cimy czas na rozwianie Twoich obaw.<\/p>\n[\/av_textblock]\n\n[av_button label='Zapytanie' icon_select='yes' icon='ue800' font='fontello' link='page,1748' link_target='' size='small' position='center' label_display='' title_attr='' color_options='' color='theme-color-highlight' custom_bg='' custom_font='#000000' btn_color_bg='theme-color' btn_custom_grad_direction='vertical' btn_custom_grad_1='#000000' btn_custom_grad_2='#ffffff' btn_custom_grad_3='' btn_custom_grad_opacity='0.7' btn_custom_bg='#444444' btn_color_bg_hover='theme-color-highlight' btn_custom_bg_hover='#444444' btn_color_font='theme-color' btn_custom_font='#ffffff' btn_color_font_hover='white' btn_custom_font_hover='#ffffff' border='' border_width='' border_width_sync='true' border_color='' border_radius='' border_radius_sync='true' box_shadow='' box_shadow_style='0px,0px,0px,0px' box_shadow_color='' hover_opacity='' sonar_effect_effect='' sonar_effect_color='' sonar_effect_duration='1' sonar_effect_scale='' sonar_effect_opac='0.5' id='' custom_class='' template_class='' av_uid='av-kxeqnuwu' sc_version='1.0' admin_preview_bg='']\n\n[\/av_three_fifth][av_one_fifth min_height='' vertical_alignment='av-align-top' space='' row_boxshadow='' row_boxshadow_color='' row_boxshadow_width='10' custom_margin='' margin='0px' mobile_breaking='' mobile_column_order='' min_col_height='' padding='' svg_div_top='' svg_div_top_color='#333333' svg_div_top_width='100' svg_div_top_height='50' svg_div_top_max_height='none' svg_div_top_flip='' svg_div_top_invert='' svg_div_top_front='' svg_div_top_opacity='' svg_div_top_preview='' svg_div_bottom='' svg_div_bottom_color='#333333' svg_div_bottom_width='100' svg_div_bottom_height='50' svg_div_bottom_max_height='none' svg_div_bottom_flip='' svg_div_bottom_invert='' svg_div_bottom_front='' svg_div_bottom_opacity='' svg_div_bottom_preview='' border='' border_style='solid' border_color='' radius='' column_boxshadow='' column_boxshadow_color='' column_boxshadow_width='10' background='bg_color' background_color='' background_gradient_direction='vertical' background_gradient_color1='#000000' background_gradient_color2='#ffffff' background_gradient_color3='' src='' background_position='top left' background_repeat='no-repeat' highlight='' highlight_size='' animation='' link='' linktarget='' link_hover='' title_attr='' alt_attr='' mobile_display='' mobile_col_pos='0' id='' custom_class='' template_class='' aria_label='' av_uid='av-7yzai' sc_version='1.0']\n\n[\/av_one_fifth][av_hr class='invisible' icon_select='yes' icon='ue808' font='entypo-fontello' position='center' shadow='no-shadow' height='100' custom_border='av-border-thin' custom_width='50px' custom_margin_top='30px' custom_margin_bottom='30px' custom_border_color='' custom_icon_color='' id='' custom_class='' template_class='' av_uid='av-kxeqxq2h' sc_version='1.0' admin_preview_bg='']\n\n[\/av_section]\n<\/p>\n","protected":false},"excerpt":{"rendered":"","protected":false},"author":1,"featured_media":0,"parent":1731,"menu_order":1,"comment_status":"closed","ping_status":"closed","template":"","meta":{"inline_featured_image":false,"footnotes":""},"class_list":["post-1734","page","type-page","status-publish","hentry"],"_links":{"self":[{"href":"https:\/\/24seven-assistance.com\/pl\/wp-json\/wp\/v2\/pages\/1734","targetHints":{"allow":["GET"]}}],"collection":[{"href":"https:\/\/24seven-assistance.com\/pl\/wp-json\/wp\/v2\/pages"}],"about":[{"href":"https:\/\/24seven-assistance.com\/pl\/wp-json\/wp\/v2\/types\/page"}],"author":[{"embeddable":true,"href":"https:\/\/24seven-assistance.com\/pl\/wp-json\/wp\/v2\/users\/1"}],"replies":[{"embeddable":true,"href":"https:\/\/24seven-assistance.com\/pl\/wp-json\/wp\/v2\/comments?post=1734"}],"version-history":[{"count":0,"href":"https:\/\/24seven-assistance.com\/pl\/wp-json\/wp\/v2\/pages\/1734\/revisions"}],"up":[{"embeddable":true,"href":"https:\/\/24seven-assistance.com\/pl\/wp-json\/wp\/v2\/pages\/1731"}],"wp:attachment":[{"href":"https:\/\/24seven-assistance.com\/pl\/wp-json\/wp\/v2\/media?parent=1734"}],"curies":[{"name":"wp","href":"https:\/\/api.w.org\/{rel}","templated":true}]}}