{"id":1740,"date":"2022-01-11T13:00:18","date_gmt":"2022-01-11T12:00:18","guid":{"rendered":"https:\/\/24seven-assistance.com\/assistance\/mobility\/pay-services-pakete\/"},"modified":"2022-02-14T14:33:16","modified_gmt":"2022-02-14T13:33:16","slug":"pay-services-pakete","status":"publish","type":"page","link":"https:\/\/24seven-assistance.com\/pl\/assistance\/mobility\/pay-services-pakete\/","title":{"rendered":"Pakiety platno\u015bci"},"content":{"rendered":"\n<style type=\"text\/css\" data-created_by=\"avia_inline_auto\" id=\"style-css-av-kxa4r9c3-cb454c59524ba52a326ff7164979996c\">\n.avia-section.av-kxa4r9c3-cb454c59524ba52a326ff7164979996c{\nbackground-repeat:no-repeat;\nbackground-image:url(https:\/\/24seven-assistance.com\/wp-content\/uploads\/2022\/01\/Pay-Services-24-7-Assistance.jpg);\nbackground-position:50% 50%;\nbackground-attachment:scroll;\n}\n<\/style>\n<div id='av_section_1'  class='avia-section av-kxa4r9c3-cb454c59524ba52a326ff7164979996c main_color avia-section-default avia-no-border-styling  avia-builder-el-0  el_before_av_section  avia-builder-el-first  avia-full-stretch avia-bg-style-scroll av-minimum-height av-minimum-height-40 av-height-percent  container_wrap sidebar_right'  data-section-bg-repeat='stretch' data-av_minimum_height_pc='40' data-av_min_height_opt='percent'><div class='container av-section-cont-open' ><main  role=\"main\" itemprop=\"mainContentOfPage\"  class='template-page content  av-content-small alpha units'><div class='post-entry post-entry-type-page post-entry-1740'><div class='entry-content-wrapper clearfix'>\n<div  class='flex_column av-kxej89kt-893680486796c402e306e7a3de25f9bc av_one_full  avia-builder-el-1  avia-builder-el-no-sibling  hl-over-img first flex_column_div  '     ><style type=\"text\/css\" data-created_by=\"avia_inline_auto\" id=\"style-css-av-kxac6u6f-edf3ea91d43decc1132cae279aa2171e\">\n#top .av-special-heading.av-kxac6u6f-edf3ea91d43decc1132cae279aa2171e{\npadding-bottom:10px;\n}\nbody .av-special-heading.av-kxac6u6f-edf3ea91d43decc1132cae279aa2171e .av-special-heading-tag .heading-char{\nfont-size:25px;\n}\n.av-special-heading.av-kxac6u6f-edf3ea91d43decc1132cae279aa2171e .av-subheading{\nfont-size:15px;\n}\n<\/style>\n<div  class='av-special-heading av-kxac6u6f-edf3ea91d43decc1132cae279aa2171e av-special-heading-h3 blockquote modern-quote modern-centered  avia-builder-el-2  avia-builder-el-no-sibling '><h3 class='av-special-heading-tag '  itemprop=\"headline\"  >Najpierw mobilno\u015b\u0107.<\/h3><div class=\"special-heading-border\"><div class=\"special-heading-inner-border\"><\/div><\/div><\/div><\/div><\/div><\/div><\/main><!-- close content main element --><\/div><\/div><div id='av_section_2'  class='avia-section av-kxa8o8jg-6c536374e34c3585c7457f0f52227458 main_color avia-section-no-padding avia-no-border-styling  avia-builder-el-3  el_after_av_section  el_before_av_section  inner-content first-content-overlay avia-bg-style-scroll container_wrap sidebar_right'  ><div class='container av-section-cont-open' ><div class='template-page content  av-content-small alpha units'><div class='post-entry post-entry-type-page post-entry-1740'><div class='entry-content-wrapper clearfix'>\n\n<style type=\"text\/css\" data-created_by=\"avia_inline_auto\" id=\"style-css-av-ky4a1pb8-ebb0db7d64c9973de7aee1deaff476db\">\n#top .hr.av-ky4a1pb8-ebb0db7d64c9973de7aee1deaff476db{\nmargin-top:57px;\nmargin-bottom:18px;\n}\n.hr.av-ky4a1pb8-ebb0db7d64c9973de7aee1deaff476db .hr-inner{\nwidth:100%;\nborder-color:#bfbbba;\n}\n<\/style>\n<div  class='hr av-ky4a1pb8-ebb0db7d64c9973de7aee1deaff476db hr-custom  avia-builder-el-4  el_before_av_textblock  avia-builder-el-first  hr-center hr-icon-no'><span class='hr-inner inner-border-av-border-thin'><span class=\"hr-inner-style\"><\/span><\/span><\/div>\n<section  class='av_textblock_section av-kxaccxwc-29c9ccbaa3e24e23e7ea339f9b034995 '   itemscope=\"itemscope\" itemtype=\"https:\/\/schema.org\/CreativeWork\" ><div class='avia_textblock text-large'  itemprop=\"text\" ><h6>Pakiet p\u0142atno\u015bci<\/h6>\n<h2>Wymagasz elastyczno\u015bci.<\/h2>\n<p>Zale\u017cy nam na tym, aby jak najlepiej dotrzyma\u0107 warunk\u00f3w wsp\u00f3\u0142pracy: Tw\u00f3j \u0142adunek powinien dotrze\u0107 do miejsca przeznaczenia tak szybko, jak to mo\u017cliwe \u2013 bez wzgl\u0119du na to, gdzie i kiedy. Dzi\u0119ki naszym r\u00f3\u017cnorodnym pakietom oferujemy maksymaln\u0105 mobilno\u015b\u0107, specjalnie dostosowan\u0105 do Twoich indywidualnych potrzeb.<\/p>\n<\/div><\/section>\n<\/div><\/div><\/div><!-- close content main div --><\/div><\/div><div id='av_section_3'  class='avia-section av-26jdql-8b0904dfa9ce26a8697934be1e639cfa main_color avia-section-no-padding avia-no-border-styling  avia-builder-el-6  el_after_av_section  el_before_av_section  inner-content avia-bg-style-scroll container_wrap sidebar_right'  ><div class='container av-section-cont-open' ><div class='template-page content  av-content-small alpha units'><div class='post-entry post-entry-type-page post-entry-1740'><div class='entry-content-wrapper clearfix'>\n<div  class='flex_column av-1vet7p-87189823909c77ebdef9283d5edebd2a av_one_half  avia-builder-el-7  el_before_av_hr  avia-builder-el-first  first flex_column_div  '     ><p>\n<style type=\"text\/css\" data-created_by=\"avia_inline_auto\" id=\"style-css-av-kxad3bxq-b1d3c283a12c51a852de0703729a9922\">\n#top .av-special-heading.av-kxad3bxq-b1d3c283a12c51a852de0703729a9922{\npadding-bottom:10px;\n}\nbody .av-special-heading.av-kxad3bxq-b1d3c283a12c51a852de0703729a9922 .av-special-heading-tag .heading-char{\nfont-size:25px;\n}\n.av-special-heading.av-kxad3bxq-b1d3c283a12c51a852de0703729a9922 .av-subheading{\nfont-size:15px;\n}\n<\/style>\n<div  class='av-special-heading av-kxad3bxq-b1d3c283a12c51a852de0703729a9922 av-special-heading-h1 blockquote modern-quote  avia-builder-el-8  el_before_av_textblock  avia-builder-el-first '><h1 class='av-special-heading-tag '  itemprop=\"headline\"  >Us\u0142uga &#8211; Pay Per Use<\/h1><div class=\"special-heading-border\"><div class=\"special-heading-inner-border\"><\/div><\/div><\/div><br \/>\n<section  class='av_textblock_section av-kxad3m7u-4898a9a92116759f8b1e3e54f6625e45 '   itemscope=\"itemscope\" itemtype=\"https:\/\/schema.org\/CreativeWork\" ><div class='avia_textblock'  itemprop=\"text\" ><p>Dzi\u0119ki naszemu systemowi pay-per-use pracujemy jako rozszerzenie zarz\u0105dzania Twoj\u0105 flot\u0105. Nie masz \u017cadnych dodatkowych zobowi\u0105za\u0144\u00a0 i p\u0142acisz tylko za te us\u0142ugi, z kt\u00f3rych faktycznie korzystasz.\u00a0 W momencie kiedy Twoja firma zostanie u nas zarejestrowana &#8211; to Ty okre\u015blasz procesy akceptacji oraz procesy zam\u00f3wie\u0144, kt\u00f3re s\u0105 przechowywane w naszym systemie. Jako jedyny w Europie niezale\u017cny od marki i pojazdu dostawca us\u0142ug, oferujemy dost\u0119p do sieci ponad 40 000 us\u0142ugodawc\u00f3w w Europie. Sam decydujesz, z kt\u00f3rego rozwi\u0105zania chcesz skorzysta\u0107.<\/p>\n<\/div><\/section><br \/>\n<div  class='avia-button-wrap av-kxad3s0w-17ca7317f48e80063bcb5634e94427da-wrap avia-button-left  avia-builder-el-10  el_after_av_textblock  avia-builder-el-last '><a href='https:\/\/24seven-assistance.com\/pl\/porady-i-kontakt\/'  class='avia-button av-kxad3s0w-17ca7317f48e80063bcb5634e94427da av-link-btn avia-icon_select-yes-left-icon avia-size-small avia-position-left avia-color-theme-color'   aria-label=\"Formularz kontaktowy\"><span class='avia_button_icon avia_button_icon_left avia-iconfont avia-font-fontello' data-av_icon='\ue800' data-av_iconfont='fontello' ><\/span><span class='avia_iconbox_title' >Formularz kontaktowy<\/span><\/a><\/div><\/p><\/div>\n<style type=\"text\/css\" data-created_by=\"avia_inline_auto\" id=\"style-css-av-kxae6q1d-8b6a2cb8177943cd75e68d0ee6202e1c\">\n#top .hr.hr-invisible.av-kxae6q1d-8b6a2cb8177943cd75e68d0ee6202e1c{\nheight:20px;\n}\n<\/style>\n<div  class='hr av-kxae6q1d-8b6a2cb8177943cd75e68d0ee6202e1c hr-invisible  avia-builder-el-11  el_after_av_one_half  el_before_av_one_half '><span class='hr-inner '><span class=\"hr-inner-style\"><\/span><\/span><\/div>\n<div class='av-column-wrapper-individual av-mobile-columns-flex av-columns-reverse'><div  class='flex_column av-1p3j45-a8d809fa3a9bfe66a68c37d39d343e9b av_one_half  avia-builder-el-12  el_after_av_hr  el_before_av_one_half  first flex_column_div  '     ><\/div><div  class='flex_column av-18iez1-2bbb86e438c481d9b1a715b196454fc4 av_one_half  avia-builder-el-13  el_after_av_one_half  el_before_av_hr  flex_column_div  '     ><p>\n<style type=\"text\/css\" data-created_by=\"avia_inline_auto\" id=\"style-css-av-kxae32ot-922dcaac16d8009ce7092bda86733c34\">\n#top .av-special-heading.av-kxae32ot-922dcaac16d8009ce7092bda86733c34{\npadding-bottom:10px;\n}\nbody .av-special-heading.av-kxae32ot-922dcaac16d8009ce7092bda86733c34 .av-special-heading-tag .heading-char{\nfont-size:25px;\n}\n.av-special-heading.av-kxae32ot-922dcaac16d8009ce7092bda86733c34 .av-subheading{\nfont-size:15px;\n}\n<\/style>\n<div  class='av-special-heading av-kxae32ot-922dcaac16d8009ce7092bda86733c34 av-special-heading-h1 blockquote modern-quote  avia-builder-el-14  el_before_av_textblock  avia-builder-el-first '><h1 class='av-special-heading-tag '  itemprop=\"headline\"  >Pakiet Assistance Pay per Use<\/h1><div class=\"special-heading-border\"><div class=\"special-heading-inner-border\"><\/div><\/div><\/div><br \/>\n<section  class='av_textblock_section av-kxae3edo-fa332f2e1cf3187832b85297a1ca8ca4 '   itemscope=\"itemscope\" itemtype=\"https:\/\/schema.org\/CreativeWork\" ><div class='avia_textblock'  itemprop=\"text\" ><p>Mo\u017cesz wybiera\u0107 mi\u0119dzy ofertami \u201eTruck Assistance BASIC\u201d i \u201eTruck Assistance Europe\u201d. Aby dowiedzie\u0107 si\u0119, jaki pakiet z jakimi us\u0142ugami najlepiej odpowiada Twoim potrzebom, um\u00f3w si\u0119 na konsultacj\u0119.<\/p>\n<\/div><\/section><br \/>\n<div  class='avia-button-wrap av-1vldnm-9011c2f7d7efb6a33493ad8e8b5521d2-wrap avia-button-left  avia-builder-el-16  el_after_av_textblock  avia-builder-el-last '><a href='https:\/\/24seven-assistance.com\/pl\/porady-i-kontakt\/'  class='avia-button av-1vldnm-9011c2f7d7efb6a33493ad8e8b5521d2 av-link-btn avia-icon_select-yes-left-icon avia-size-small avia-position-left avia-color-theme-color'   aria-label=\"Formularz kontaktowy\"><span class='avia_button_icon avia_button_icon_left avia-iconfont avia-font-fontello' data-av_icon='\ue800' data-av_iconfont='fontello' ><\/span><span class='avia_iconbox_title' >Formularz kontaktowy<\/span><\/a><\/div><\/p><\/div><\/div><!--close flex column wrapper. Autoclose: 1 -->\n<style type=\"text\/css\" data-created_by=\"avia_inline_auto\" id=\"style-css-av-kxae74b9-252b386929d11e2141ef97237ffa41e7\">\n#top .hr.hr-invisible.av-kxae74b9-252b386929d11e2141ef97237ffa41e7{\nheight:20px;\n}\n<\/style>\n<div  class='hr av-kxae74b9-252b386929d11e2141ef97237ffa41e7 hr-invisible  avia-builder-el-17  el_after_av_one_half  el_before_av_one_half '><span class='hr-inner '><span class=\"hr-inner-style\"><\/span><\/span><\/div>\n<div  class='flex_column av-1t4or6-3d88985da22ee6934b1892e0d39207bb av_one_half  avia-builder-el-18  el_after_av_hr  el_before_av_hr  first flex_column_div  '     ><p>\n<style type=\"text\/css\" data-created_by=\"avia_inline_auto\" id=\"style-css-av-kya2tagc-cae22710f6d34352dd0e626daf83b0b6\">\n#top .av-special-heading.av-kya2tagc-cae22710f6d34352dd0e626daf83b0b6{\npadding-bottom:10px;\n}\nbody .av-special-heading.av-kya2tagc-cae22710f6d34352dd0e626daf83b0b6 .av-special-heading-tag .heading-char{\nfont-size:25px;\n}\n.av-special-heading.av-kya2tagc-cae22710f6d34352dd0e626daf83b0b6 .av-subheading{\nfont-size:15px;\n}\n<\/style>\n<div  class='av-special-heading av-kya2tagc-cae22710f6d34352dd0e626daf83b0b6 av-special-heading-h1 blockquote modern-quote  avia-builder-el-19  el_before_av_textblock  avia-builder-el-first '><h1 class='av-special-heading-tag '  itemprop=\"headline\"  >Pay-Per-Year <\/h1><div class=\"special-heading-border\"><div class=\"special-heading-inner-border\"><\/div><\/div><\/div><br \/>\n<section  class='av_textblock_section av-kya2tkd1-7dd2173a42bbf632c33fbd3d05c05b3f '   itemscope=\"itemscope\" itemtype=\"https:\/\/schema.org\/CreativeWork\" ><div class='avia_textblock'  itemprop=\"text\" ><p>Czy potrzebujesz ochrony dla swojej mobilno\u015bci i pe\u0142nej kontroli koszt\u00f3w? W takim razie nasze us\u0142uhgi Pay Per Year s\u0105 dla Ciebie stworzone. Mo\u017cesz wybiera\u0107 spo\u015br\u00f3d kilku modu\u0142\u00f3w.<\/p>\n<\/div><\/section><br \/>\n<div  class='avia-button-wrap av-1in12q-0d2c0834ea0595d0d800387f3547c70c-wrap avia-button-left  avia-builder-el-21  el_after_av_textblock  avia-builder-el-last '><a href='https:\/\/24seven-assistance.com\/pl\/porady-i-kontakt\/'  class='avia-button av-1in12q-0d2c0834ea0595d0d800387f3547c70c av-link-btn avia-icon_select-yes-left-icon avia-size-small avia-position-left avia-color-theme-color'   aria-label=\"Formularz kontaktowy\"><span class='avia_button_icon avia_button_icon_left avia-iconfont avia-font-fontello' data-av_icon='\ue800' data-av_iconfont='fontello' ><\/span><span class='avia_iconbox_title' >Formularz kontaktowy<\/span><\/a><\/div><\/p><\/div>\n<style type=\"text\/css\" data-created_by=\"avia_inline_auto\" id=\"style-css-av-1fuzzu-1cac58ca904cf68baf7115391b207003\">\n#top .hr.hr-invisible.av-1fuzzu-1cac58ca904cf68baf7115391b207003{\nheight:100px;\n}\n<\/style>\n<div  class='hr av-1fuzzu-1cac58ca904cf68baf7115391b207003 hr-invisible  avia-builder-el-22  el_after_av_one_half  avia-builder-el-last '><span class='hr-inner '><span class=\"hr-inner-style\"><\/span><\/span><\/div>\n<\/div><\/div><\/div><!-- close content main div --><\/div><\/div><div id='av_section_4'  class='avia-section av-kya2z54r-5514665f7527d0d57dc3a975f0cb710e main_color avia-section-no-padding avia-no-border-styling  avia-builder-el-23  el_after_av_section  avia-builder-el-last  inner-content packets-wrap avia-bg-style-scroll container_wrap sidebar_right'  ><div class='container av-section-cont-open' ><div class='template-page content  av-content-small alpha units'><div class='post-entry post-entry-type-page post-entry-1740'><div class='entry-content-wrapper clearfix'>\n\n<style type=\"text\/css\" data-created_by=\"avia_inline_auto\" id=\"style-css-av-kya327g0-85514bcf8d140706a27dece9bf81d278\">\n#top .av-special-heading.av-kya327g0-85514bcf8d140706a27dece9bf81d278{\npadding-bottom:10px;\n}\nbody .av-special-heading.av-kya327g0-85514bcf8d140706a27dece9bf81d278 .av-special-heading-tag .heading-char{\nfont-size:25px;\n}\n.av-special-heading.av-kya327g0-85514bcf8d140706a27dece9bf81d278 .av-subheading{\nfont-size:15px;\n}\n<\/style>\n<div  class='av-special-heading av-kya327g0-85514bcf8d140706a27dece9bf81d278 av-special-heading-h2 blockquote modern-quote  avia-builder-el-24  el_before_av_hr  avia-builder-el-first '><h2 class='av-special-heading-tag '  itemprop=\"headline\"  >Wszystkie pakiety w szybkim uj\u0119ciu<\/h2><div class=\"special-heading-border\"><div class=\"special-heading-inner-border\"><\/div><\/div><\/div>\n\n<style type=\"text\/css\" data-created_by=\"avia_inline_auto\" id=\"style-css-av-kye3vn0g-5a3ebf2c9441590facac393c3eecf7b8\">\n#top .hr.hr-invisible.av-kye3vn0g-5a3ebf2c9441590facac393c3eecf7b8{\nheight:50px;\n}\n<\/style>\n<div  class='hr av-kye3vn0g-5a3ebf2c9441590facac393c3eecf7b8 hr-invisible  avia-builder-el-25  el_after_av_heading  el_before_av_one_half  av-desktop-hide av-medium-hide'><span class='hr-inner '><span class=\"hr-inner-style\"><\/span><\/span><\/div>\n<div class='flex_column_table av-kya351lg-51fc62cca2358a5328dfa2b45a02890f sc-av_one_half av-equal-height-column-flextable'>\n<style type=\"text\/css\" data-created_by=\"avia_inline_auto\" id=\"style-css-av-kya351lg-51fc62cca2358a5328dfa2b45a02890f\">\n.flex_column.av-kya351lg-51fc62cca2358a5328dfa2b45a02890f{\npadding:50px 20px 20px 20px;\nbackground-color:#bfbbba;\n}\n<\/style>\n<div  class='flex_column av-kya351lg-51fc62cca2358a5328dfa2b45a02890f av_one_half  avia-builder-el-26  el_after_av_hr  el_before_av_one_half  bg-gray first flex_column_table_cell av-equal-height-column av-align-top  '     ><section  class='av_textblock_section av-1bivmi-f33cd875e97f9c65f09f8c0119e8d55d '   itemscope=\"itemscope\" itemtype=\"https:\/\/schema.org\/CreativeWork\" ><div class='avia_textblock article-date'  itemprop=\"text\" ><div><\/div>\n<div><\/div>\n<\/div><\/section><br \/>\n\n<style type=\"text\/css\" data-created_by=\"avia_inline_auto\" id=\"style-css-av-kya33afu-38948068a44050f5847ba952551dd4eb\">\n#top .av-special-heading.av-kya33afu-38948068a44050f5847ba952551dd4eb{\npadding-bottom:10px;\n}\nbody .av-special-heading.av-kya33afu-38948068a44050f5847ba952551dd4eb .av-special-heading-tag .heading-char{\nfont-size:25px;\n}\n.av-special-heading.av-kya33afu-38948068a44050f5847ba952551dd4eb .av-subheading{\nfont-size:15px;\n}\n<\/style>\n<div  class='av-special-heading av-kya33afu-38948068a44050f5847ba952551dd4eb av-special-heading-h5 blockquote modern-quote  avia-builder-el-28  el_after_av_textblock  el_before_av_textblock '><h5 class='av-special-heading-tag '  itemprop=\"headline\"  >24\/7 Truck Assistance<\/h5><div class=\"special-heading-border\"><div class=\"special-heading-inner-border\"><\/div><\/div><\/div><br \/>\n<section  class='av_textblock_section av-kya33gko-e1b6ef8f36d1a3322870c43bb992d893 '   itemscope=\"itemscope\" itemtype=\"https:\/\/schema.org\/CreativeWork\" ><div class='avia_textblock'  itemprop=\"text\" ><p>Pakiet obejmuje wszystkie koszty organizacyjne wszystkich us\u0142ug assistance w Europie &#8211; p\u0142acisz tylko rachunki od dostawcy us\u0142ugi.<\/p>\n<\/div><\/section><\/p><\/div><div class='av-flex-placeholder'><\/div>\n<style type=\"text\/css\" data-created_by=\"avia_inline_auto\" id=\"style-css-av-1519wi-600c20f6ab9ada73779b690584330813\">\n.flex_column.av-1519wi-600c20f6ab9ada73779b690584330813{\npadding:50px 20px 20px 20px;\nbackground-color:#bfbbba;\n}\n<\/style>\n<div  class='flex_column av-1519wi-600c20f6ab9ada73779b690584330813 av_one_half  avia-builder-el-30  el_after_av_one_half  el_before_av_one_half  bg-gray flex_column_table_cell av-equal-height-column av-align-top  '     ><section  class='av_textblock_section av-3iore-1b7d53999aacef27bfc647efe613b2a5 '   itemscope=\"itemscope\" itemtype=\"https:\/\/schema.org\/CreativeWork\" ><div class='avia_textblock article-date'  itemprop=\"text\" ><div><\/div>\n<div><\/div>\n<\/div><\/section><br \/>\n\n<style type=\"text\/css\" data-created_by=\"avia_inline_auto\" id=\"style-css-av-kya33qlv-a82d19c3e30f2e3258506a19b71b77fb\">\n#top .av-special-heading.av-kya33qlv-a82d19c3e30f2e3258506a19b71b77fb{\npadding-bottom:10px;\n}\nbody .av-special-heading.av-kya33qlv-a82d19c3e30f2e3258506a19b71b77fb .av-special-heading-tag .heading-char{\nfont-size:25px;\n}\n.av-special-heading.av-kya33qlv-a82d19c3e30f2e3258506a19b71b77fb .av-subheading{\nfont-size:15px;\n}\n<\/style>\n<div  class='av-special-heading av-kya33qlv-a82d19c3e30f2e3258506a19b71b77fb av-special-heading-h5 blockquote modern-quote  avia-builder-el-32  el_after_av_textblock  el_before_av_textblock '><h5 class='av-special-heading-tag '  itemprop=\"headline\"  >24\/7 Multibrand Assistance<\/h5><div class=\"special-heading-border\"><div class=\"special-heading-inner-border\"><\/div><\/div><\/div><br \/>\n<section  class='av_textblock_section av-kya33ur9-0e4b32f7bf2b57238732322c0df40817 '   itemscope=\"itemscope\" itemtype=\"https:\/\/schema.org\/CreativeWork\" ><div class='avia_textblock'  itemprop=\"text\" ><p>Opr\u00f3cz ca\u0142odobowego pakietu assistance dla ci\u0119\u017car\u00f3wek pokrywane s\u0105 r\u00f3wnie\u017c koszty serwisu w przypadku awarii. Us\u0142ugi te maj\u0105 budow\u0119 modu\u0142ow\u0105. Nasi przedstawiciele ch\u0119tnie wyja\u015bni\u0105 Ci szczeg\u00f3\u0142y na osobistym spotkaniu.<\/p>\n<\/div><\/section><\/p><\/div><\/div><!--close column table wrapper. Autoclose: 1 --><div class='flex_column_table av-kya35678-90c772db51dbdcd75653cf82e72e947a sc-av_one_half av-equal-height-column-flextable'>\n<style type=\"text\/css\" data-created_by=\"avia_inline_auto\" id=\"style-css-av-kya35678-90c772db51dbdcd75653cf82e72e947a\">\n.flex_column.av-kya35678-90c772db51dbdcd75653cf82e72e947a{\npadding:50px 20px 20px 20px;\nbackground-color:#bfbbba;\n}\n<\/style>\n<div  class='flex_column av-kya35678-90c772db51dbdcd75653cf82e72e947a av_one_half  avia-builder-el-34  el_after_av_one_half  el_before_av_one_half  bg-gray first flex_column_table_cell av-equal-height-column av-align-top  column-top-margin'     ><section  class='av_textblock_section av-tm1w2-7391ff2631be795b710503c6f7af416e '   itemscope=\"itemscope\" itemtype=\"https:\/\/schema.org\/CreativeWork\" ><div class='avia_textblock article-date'  itemprop=\"text\" ><div><\/div>\n<div><\/div>\n<\/div><\/section><br \/>\n\n<style type=\"text\/css\" data-created_by=\"avia_inline_auto\" id=\"style-css-av-kya342fu-89d1d11c34174c4fb30ecb2ea0a0725e\">\n#top .av-special-heading.av-kya342fu-89d1d11c34174c4fb30ecb2ea0a0725e{\npadding-bottom:10px;\n}\nbody .av-special-heading.av-kya342fu-89d1d11c34174c4fb30ecb2ea0a0725e .av-special-heading-tag .heading-char{\nfont-size:25px;\n}\n.av-special-heading.av-kya342fu-89d1d11c34174c4fb30ecb2ea0a0725e .av-subheading{\nfont-size:15px;\n}\n<\/style>\n<div  class='av-special-heading av-kya342fu-89d1d11c34174c4fb30ecb2ea0a0725e av-special-heading-h5 blockquote modern-quote  avia-builder-el-36  el_after_av_textblock  el_before_av_textblock '><h5 class='av-special-heading-tag '  itemprop=\"headline\"  >24\/7 M&#038;R Assistance<\/h5><div class=\"special-heading-border\"><div class=\"special-heading-inner-border\"><\/div><\/div><\/div><br \/>\n<section  class='av_textblock_section av-kya347so-db76827c47221dab8fc43846ad9050e4 '   itemscope=\"itemscope\" itemtype=\"https:\/\/schema.org\/CreativeWork\" ><div class='avia_textblock'  itemprop=\"text\" ><p>W Multibrand-Assistance-Produkt znajdziemy pakiet zar\u00f3wno naprawczy oraz\u00a0 mobilno\u015bci. W zale\u017cno\u015bci od wielko\u015bci pakietu uwzgl\u0119dniane s\u0105 r\u00f3wnie\u017c koszty us\u0142ugi oraz cz\u0119\u015bci zamiennych.<\/p>\n<\/div><\/section><\/p><\/div><div class='av-flex-placeholder'><\/div>\n<style type=\"text\/css\" data-created_by=\"avia_inline_auto\" id=\"style-css-av-lxaxe-a7f8fcf7756d37de58b87b706d2f98eb\">\n.flex_column.av-lxaxe-a7f8fcf7756d37de58b87b706d2f98eb{\npadding:50px 20px 20px 20px;\nbackground-color:#bfbbba;\n}\n<\/style>\n<div  class='flex_column av-lxaxe-a7f8fcf7756d37de58b87b706d2f98eb av_one_half  avia-builder-el-38  el_after_av_one_half  el_before_av_hr  bg-gray flex_column_table_cell av-equal-height-column av-align-top  column-top-margin'     ><section  class='av_textblock_section av-fvh3u-e31db724e90dce743796caf4c01bcb7f '   itemscope=\"itemscope\" itemtype=\"https:\/\/schema.org\/CreativeWork\" ><div class='avia_textblock article-date'  itemprop=\"text\" ><div><\/div>\n<div><\/div>\n<\/div><\/section><br \/>\n\n<style type=\"text\/css\" data-created_by=\"avia_inline_auto\" id=\"style-css-av-kya34dfh-57d0514915204ab4a8f959ec90ff45af\">\n#top .av-special-heading.av-kya34dfh-57d0514915204ab4a8f959ec90ff45af{\npadding-bottom:10px;\n}\nbody .av-special-heading.av-kya34dfh-57d0514915204ab4a8f959ec90ff45af .av-special-heading-tag .heading-char{\nfont-size:25px;\n}\n.av-special-heading.av-kya34dfh-57d0514915204ab4a8f959ec90ff45af .av-subheading{\nfont-size:15px;\n}\n<\/style>\n<div  class='av-special-heading av-kya34dfh-57d0514915204ab4a8f959ec90ff45af av-special-heading-h5 blockquote modern-quote  avia-builder-el-40  el_after_av_textblock  el_before_av_textblock '><h5 class='av-special-heading-tag '  itemprop=\"headline\"  >24\/7 Driver Care Assistance<\/h5><div class=\"special-heading-border\"><div class=\"special-heading-inner-border\"><\/div><\/div><\/div><br \/>\n<section  class='av_textblock_section av-kya34kdf-e24a84ad189f31aec62c9c53d5894b7c '   itemscope=\"itemscope\" itemtype=\"https:\/\/schema.org\/CreativeWork\" ><div class='avia_textblock'  itemprop=\"text\" ><p>Dbamy o opiek\u0119 medyczn\u0105 Twoich kierowc\u00f3w &#8211; bez wzgl\u0119du na to, gdzie w Europie si\u0119 znajduj\u0105.<\/p>\n<\/div><\/section><\/p><\/div><\/div><!--close column table wrapper. Autoclose: 1 -->\n<style type=\"text\/css\" data-created_by=\"avia_inline_auto\" id=\"style-css-av-bpocy-1ac9fca4c29b739874d3b62a92b5e40d\">\n#top .hr.hr-invisible.av-bpocy-1ac9fca4c29b739874d3b62a92b5e40d{\nheight:100px;\n}\n<\/style>\n<div  class='hr av-bpocy-1ac9fca4c29b739874d3b62a92b5e40d hr-invisible  avia-builder-el-42  el_after_av_one_half  avia-builder-el-last '><span class='hr-inner '><span class=\"hr-inner-style\"><\/span><\/span><\/div>\n<\/div><\/div><\/div><!-- close content main div --><\/div><\/div><div id='after_section_4'  class='main_color av_default_container_wrap container_wrap sidebar_right'  ><div class='container av-section-cont-open' ><div class='template-page content  av-content-small alpha units'><div class='post-entry post-entry-type-page post-entry-1740'><div class='entry-content-wrapper clearfix'><\/p>\n","protected":false},"excerpt":{"rendered":"","protected":false},"author":1,"featured_media":0,"parent":1731,"menu_order":3,"comment_status":"closed","ping_status":"closed","template":"","meta":{"inline_featured_image":false,"footnotes":""},"class_list":["post-1740","page","type-page","status-publish","hentry"],"_links":{"self":[{"href":"https:\/\/24seven-assistance.com\/pl\/wp-json\/wp\/v2\/pages\/1740","targetHints":{"allow":["GET"]}}],"collection":[{"href":"https:\/\/24seven-assistance.com\/pl\/wp-json\/wp\/v2\/pages"}],"about":[{"href":"https:\/\/24seven-assistance.com\/pl\/wp-json\/wp\/v2\/types\/page"}],"author":[{"embeddable":true,"href":"https:\/\/24seven-assistance.com\/pl\/wp-json\/wp\/v2\/users\/1"}],"replies":[{"embeddable":true,"href":"https:\/\/24seven-assistance.com\/pl\/wp-json\/wp\/v2\/comments?post=1740"}],"version-history":[{"count":0,"href":"https:\/\/24seven-assistance.com\/pl\/wp-json\/wp\/v2\/pages\/1740\/revisions"}],"up":[{"embeddable":true,"href":"https:\/\/24seven-assistance.com\/pl\/wp-json\/wp\/v2\/pages\/1731"}],"wp:attachment":[{"href":"https:\/\/24seven-assistance.com\/pl\/wp-json\/wp\/v2\/media?parent=1740"}],"curies":[{"name":"wp","href":"https:\/\/api.w.org\/{rel}","templated":true}]}}