{"id":1760,"date":"2022-01-07T12:55:55","date_gmt":"2022-01-07T11:55:55","guid":{"rendered":"https:\/\/24seven-assistance.com\/services\/"},"modified":"2022-02-22T13:04:07","modified_gmt":"2022-02-22T12:04:07","slug":"services","status":"publish","type":"page","link":"https:\/\/24seven-assistance.com\/pl\/services\/","title":{"rendered":"Us\u0142ugi"},"content":{"rendered":"\n<style type=\"text\/css\" data-created_by=\"avia_inline_auto\" id=\"style-css-av-kxa4r9c3-e153b595fcb1d96eca3e9383670cae3f\">\n.avia-section.av-kxa4r9c3-e153b595fcb1d96eca3e9383670cae3f{\nbackground-repeat:no-repeat;\nbackground-image:url(https:\/\/24seven-assistance.com\/wp-content\/uploads\/2022\/01\/Assistance-Netzwerk-Europa.jpg);\nbackground-position:50% 50%;\nbackground-attachment:scroll;\n}\n<\/style>\n<div id='av_section_1'  class='avia-section av-kxa4r9c3-e153b595fcb1d96eca3e9383670cae3f main_color avia-section-default avia-no-border-styling  avia-builder-el-0  el_before_av_section  avia-builder-el-first  avia-full-stretch avia-bg-style-scroll av-minimum-height av-minimum-height-40 av-height-percent  container_wrap sidebar_right'  data-section-bg-repeat='stretch' data-av_minimum_height_pc='40' data-av_min_height_opt='percent'><div class='container av-section-cont-open' ><main  role=\"main\" itemprop=\"mainContentOfPage\"  class='template-page content  av-content-small alpha units'><div class='post-entry post-entry-type-page post-entry-1760'><div class='entry-content-wrapper clearfix'>\n<div  class='flex_column av-kxej89kt-893680486796c402e306e7a3de25f9bc av_one_full  avia-builder-el-1  avia-builder-el-no-sibling  hl-over-img first flex_column_div  '     ><style type=\"text\/css\" data-created_by=\"avia_inline_auto\" id=\"style-css-av-kxac6u6f-9506a09bc7d30c8e818272d2e0d71564\">\n#top .av-special-heading.av-kxac6u6f-9506a09bc7d30c8e818272d2e0d71564{\npadding-bottom:10px;\n}\nbody .av-special-heading.av-kxac6u6f-9506a09bc7d30c8e818272d2e0d71564 .av-special-heading-tag .heading-char{\nfont-size:25px;\n}\n.av-special-heading.av-kxac6u6f-9506a09bc7d30c8e818272d2e0d71564 .av-subheading{\nfont-size:15px;\n}\n<\/style>\n<div  class='av-special-heading av-kxac6u6f-9506a09bc7d30c8e818272d2e0d71564 av-special-heading-h3 blockquote modern-quote modern-centered  avia-builder-el-2  avia-builder-el-no-sibling '><h3 class='av-special-heading-tag '  itemprop=\"headline\"  >Indywidualna i profesjoonana<\/h3><div class=\"special-heading-border\"><div class=\"special-heading-inner-border\"><\/div><\/div><\/div><\/div><\/div><\/div><\/main><!-- close content main element --><\/div><\/div><div id='av_section_2'  class='avia-section av-kxa8o8jg-6c536374e34c3585c7457f0f52227458 main_color avia-section-no-padding avia-no-border-styling  avia-builder-el-3  el_after_av_section  el_before_av_section  inner-content first-content-overlay avia-bg-style-scroll container_wrap sidebar_right'  ><div class='container av-section-cont-open' ><div class='template-page content  av-content-small alpha units'><div class='post-entry post-entry-type-page post-entry-1760'><div class='entry-content-wrapper clearfix'>\n\n<style type=\"text\/css\" data-created_by=\"avia_inline_auto\" id=\"style-css-av-ky4a1pb8-ebb0db7d64c9973de7aee1deaff476db\">\n#top .hr.av-ky4a1pb8-ebb0db7d64c9973de7aee1deaff476db{\nmargin-top:57px;\nmargin-bottom:18px;\n}\n.hr.av-ky4a1pb8-ebb0db7d64c9973de7aee1deaff476db .hr-inner{\nwidth:100%;\nborder-color:#bfbbba;\n}\n<\/style>\n<div  class='hr av-ky4a1pb8-ebb0db7d64c9973de7aee1deaff476db hr-custom  avia-builder-el-4  el_before_av_textblock  avia-builder-el-first  hr-center hr-icon-no'><span class='hr-inner inner-border-av-border-thin'><span class=\"hr-inner-style\"><\/span><\/span><\/div>\n<section  class='av_textblock_section av-kxaccxwc-29c9ccbaa3e24e23e7ea339f9b034995 '   itemscope=\"itemscope\" itemtype=\"https:\/\/schema.org\/CreativeWork\" ><div class='avia_textblock text-large'  itemprop=\"text\" ><h6>Nasze us\u0142ugi<\/h6>\n<h2>Dopasowane oferty dla najlepszego wsparcia klienta<\/h2>\n<p>Niezale\u017cnie od tego, czy chodzi o zarz\u0105dzanie umowami, czy kompleksowymi pakietami obejmuj\u0105ce wszystko, co ma zwi\u0105zek z obs\u0142ug\u0105 klienta \u2013 us\u0142ugi Assistance 24\/7 wykraczaj\u0105 daleko poza sam\u0105 pomoc drogow\u0105 w razie awarii. Wspieramy Swoich klient\u00f3w przez ca\u0142\u0105 dob\u0119 we wszystkich obszarach biznesowych i j\u0119zykach, a tak\u017ce zapewniamy, \u017ce nie zgubisz si\u0119 w ba\u0142aganie um\u00f3w.<\/p>\n<\/div><\/section>\n<\/div><\/div><\/div><!-- close content main div --><\/div><\/div><div id='av_section_3'  class='avia-section av-26jdql-8b0904dfa9ce26a8697934be1e639cfa main_color avia-section-no-padding avia-no-border-styling  avia-builder-el-6  el_after_av_section  avia-builder-el-last  inner-content avia-bg-style-scroll container_wrap sidebar_right'  ><div class='container av-section-cont-open' ><div class='template-page content  av-content-small alpha units'><div class='post-entry post-entry-type-page post-entry-1760'><div class='entry-content-wrapper clearfix'>\n<div  class='flex_column av-21hhwd-92155ef776703401ee4412c7ec7cc288 av_one_half  avia-builder-el-7  el_before_av_one_half  avia-builder-el-first  first av-break-at-tablet flex_column_div  '     ><style type=\"text\/css\" data-created_by=\"avia_inline_auto\" id=\"style-css-av-kxad24eq-78d48985c7e05911c731551b9a66cc8a\">\n.avia-image-container.av-kxad24eq-78d48985c7e05911c731551b9a66cc8a img.avia_image{\nbox-shadow:none;\n}\n.avia-image-container.av-kxad24eq-78d48985c7e05911c731551b9a66cc8a .av-image-caption-overlay-center{\ncolor:#ffffff;\n}\n<\/style>\n<div  class='avia-image-container av-kxad24eq-78d48985c7e05911c731551b9a66cc8a av-styling-no-styling avia-align-center  avia-builder-el-8  avia-builder-el-no-sibling  img-border'   itemprop=\"image\" itemscope=\"itemscope\" itemtype=\"https:\/\/schema.org\/ImageObject\" ><div class=\"avia-image-container-inner\"><div class=\"avia-image-overlay-wrap\"><img decoding=\"async\" fetchpriority=\"high\" class='wp-image-1703 avia-img-lazy-loading-not-1703 avia_image ' src=\"https:\/\/24seven-assistance.com\/wp-content\/uploads\/2021\/12\/Contract-Management-1.jpg\" alt='' title='Contract-Management'  height=\"550\" width=\"550\"  itemprop=\"thumbnailUrl\" srcset=\"https:\/\/24seven-assistance.com\/wp-content\/uploads\/2021\/12\/Contract-Management-1.jpg 550w, https:\/\/24seven-assistance.com\/wp-content\/uploads\/2021\/12\/Contract-Management-1-300x300.jpg 300w, https:\/\/24seven-assistance.com\/wp-content\/uploads\/2021\/12\/Contract-Management-1-80x80.jpg 80w, https:\/\/24seven-assistance.com\/wp-content\/uploads\/2021\/12\/Contract-Management-1-36x36.jpg 36w, https:\/\/24seven-assistance.com\/wp-content\/uploads\/2021\/12\/Contract-Management-1-180x180.jpg 180w\" sizes=\"(max-width: 550px) 100vw, 550px\" \/><\/div><\/div><\/div><\/div><div  class='flex_column av-1vet7p-3307d7c27ff1290d34d441069bd345fd av_one_half  avia-builder-el-9  el_after_av_one_half  el_before_av_hr  mob-center av-break-at-tablet flex_column_div  '     ><p>\n<style type=\"text\/css\" data-created_by=\"avia_inline_auto\" id=\"style-css-av-kxadzr3u-f434f3269c26c73122e96387b22410c9\">\n#top .hr.hr-invisible.av-kxadzr3u-f434f3269c26c73122e96387b22410c9{\nheight:50px;\n}\n<\/style>\n<div  class='hr av-kxadzr3u-f434f3269c26c73122e96387b22410c9 hr-invisible  avia-builder-el-10  el_before_av_heading  avia-builder-el-first  av-small-hide av-mini-hide'><span class='hr-inner '><span class=\"hr-inner-style\"><\/span><\/span><\/div><br \/>\n\n<style type=\"text\/css\" data-created_by=\"avia_inline_auto\" id=\"style-css-av-kxae1ogw-651cb072ebec3e628a3e25e10d3ea66f\">\n#top .av-special-heading.av-kxae1ogw-651cb072ebec3e628a3e25e10d3ea66f{\npadding-bottom:10px;\n}\nbody .av-special-heading.av-kxae1ogw-651cb072ebec3e628a3e25e10d3ea66f .av-special-heading-tag .heading-char{\nfont-size:25px;\n}\n.av-special-heading.av-kxae1ogw-651cb072ebec3e628a3e25e10d3ea66f .av-subheading{\nfont-size:15px;\n}\n<\/style>\n<div  class='av-special-heading av-kxae1ogw-651cb072ebec3e628a3e25e10d3ea66f av-special-heading-h5 blockquote modern-quote  avia-builder-el-11  el_after_av_hr  el_before_av_textblock '><h5 class='av-special-heading-tag '  itemprop=\"headline\"  >Contract Management<\/h5><div class=\"special-heading-border\"><div class=\"special-heading-inner-border\"><\/div><\/div><\/div><br \/>\n<section  class='av_textblock_section av-kxae2adq-de6ad649fea973a68a4e8e5ac8a3e83f '   itemscope=\"itemscope\" itemtype=\"https:\/\/schema.org\/CreativeWork\" ><div class='avia_textblock'  itemprop=\"text\" ><p>Dzi\u0119ki naszym indywidualnym rozwi\u0105zaniom Contract Managment powierzasz w nasze r\u0119ce zarz\u0105dzanie swoimi umowami. Zawsze masz pe\u0142ny podgl\u0105d wszystkich praw, obowi\u0105zk\u00f3w i termin\u00f3w, a tak\u017ce warunk\u00f3w i klauzul. Tworzymy Tw\u00f3j osobisty pakiet us\u0142ug na podstawie Twoich preferencji. Wszystkie pakiety mo\u017cna w ka\u017cdej chwili rozszerzy\u0107.<\/p>\n<\/div><\/section><br \/>\n<div  class='avia-button-wrap av-kxad3s0w-6dd6ab18581dca4cadc13a94c9d34f91-wrap avia-button-left  avia-builder-el-13  el_after_av_textblock  avia-builder-el-last '><a href='https:\/\/24seven-assistance.com\/pl\/services\/contract-management\/'  class='avia-button av-kxad3s0w-6dd6ab18581dca4cadc13a94c9d34f91 av-link-btn avia-icon_select-yes-left-icon avia-size-small avia-position-left avia-color-theme-color'   aria-label=\"Szczeg\u00f3\u0142y\"><span class='avia_button_icon avia_button_icon_left avia-iconfont avia-font-fontello' data-av_icon='\ue800' data-av_iconfont='fontello' ><\/span><span class='avia_iconbox_title' >Szczeg\u00f3\u0142y<\/span><\/a><\/div><\/p><\/div>\n<style type=\"text\/css\" data-created_by=\"avia_inline_auto\" id=\"style-css-av-kxae6q1d-0ab193e71af3d8ae0b914b0e60b4ce84\">\n#top .hr.hr-invisible.av-kxae6q1d-0ab193e71af3d8ae0b914b0e60b4ce84{\nheight:100px;\n}\n<\/style>\n<div  class='hr av-kxae6q1d-0ab193e71af3d8ae0b914b0e60b4ce84 hr-invisible  avia-builder-el-14  el_after_av_one_half  el_before_av_one_half '><span class='hr-inner '><span class=\"hr-inner-style\"><\/span><\/span><\/div>\n<div class='av-column-wrapper-individual av-break-at-tablet-flexwrapper av-mobile-columns-flex av-columns-reverse'><div  class='flex_column av-1p3j45-e8476fc1c5cc6f71527815942d934605 av_one_half  avia-builder-el-15  el_after_av_hr  el_before_av_one_half  mob-center first av-break-at-tablet flex_column_div  '     ><p>\n<style type=\"text\/css\" data-created_by=\"avia_inline_auto\" id=\"style-css-av-5xodh-8d5c4ed0f7702c0809f2d4fecac7bcad\">\n#top .hr.hr-invisible.av-5xodh-8d5c4ed0f7702c0809f2d4fecac7bcad{\nheight:50px;\n}\n<\/style>\n<div  class='hr av-5xodh-8d5c4ed0f7702c0809f2d4fecac7bcad hr-invisible  avia-builder-el-16  el_before_av_heading  avia-builder-el-first  av-small-hide av-mini-hide'><span class='hr-inner '><span class=\"hr-inner-style\"><\/span><\/span><\/div><br \/>\n\n<style type=\"text\/css\" data-created_by=\"avia_inline_auto\" id=\"style-css-av-kxae32ot-a1eb1bc7fee24c1c27d43fe54e9ef867\">\n#top .av-special-heading.av-kxae32ot-a1eb1bc7fee24c1c27d43fe54e9ef867{\npadding-bottom:10px;\n}\nbody .av-special-heading.av-kxae32ot-a1eb1bc7fee24c1c27d43fe54e9ef867 .av-special-heading-tag .heading-char{\nfont-size:25px;\n}\n.av-special-heading.av-kxae32ot-a1eb1bc7fee24c1c27d43fe54e9ef867 .av-subheading{\nfont-size:15px;\n}\n<\/style>\n<div  class='av-special-heading av-kxae32ot-a1eb1bc7fee24c1c27d43fe54e9ef867 av-special-heading-h5 blockquote modern-quote  avia-builder-el-17  el_after_av_hr  el_before_av_textblock '><h5 class='av-special-heading-tag '  itemprop=\"headline\"  >24\/7 Customer Service<\/h5><div class=\"special-heading-border\"><div class=\"special-heading-inner-border\"><\/div><\/div><\/div><br \/>\n<section  class='av_textblock_section av-kxae3edo-fa332f2e1cf3187832b85297a1ca8ca4 '   itemscope=\"itemscope\" itemtype=\"https:\/\/schema.org\/CreativeWork\" ><div class='avia_textblock'  itemprop=\"text\" ><p>Zadowolenie Twoich klient\u00f3w to nasz priorytet! Dzi\u0119ki naszej ca\u0142odobowej obs\u0142udze klienta we wszystkich obszarach biznesowych i w ponad 20 j\u0119zykach, jeste\u015bmy do dyspozycji Twoich klient\u00f3w przez 365 dni w roku. Nasza europejska sie\u0107 zapewnia najwy\u017cszy poziom us\u0142ug.<\/p>\n<\/div><\/section><br \/>\n<div  class='avia-button-wrap av-1f14th-4b30ada5fd92e02cbf50cf1e05737654-wrap avia-button-left  avia-builder-el-19  el_after_av_textblock  avia-builder-el-last '><a href='https:\/\/24seven-assistance.com\/pl\/services\/customer-service\/'  class='avia-button av-1f14th-4b30ada5fd92e02cbf50cf1e05737654 av-link-btn avia-icon_select-yes-left-icon avia-size-small avia-position-left avia-color-theme-color'   aria-label=\"Szczeg\u00f3\u0142y\"><span class='avia_button_icon avia_button_icon_left avia-iconfont avia-font-fontello' data-av_icon='\ue800' data-av_iconfont='fontello' ><\/span><span class='avia_iconbox_title' >Szczeg\u00f3\u0142y<\/span><\/a><\/div><\/p><\/div><div  class='flex_column av-18iez1-2bbb86e438c481d9b1a715b196454fc4 av_one_half  avia-builder-el-20  el_after_av_one_half  el_before_av_hr  av-break-at-tablet flex_column_div  '     ><style type=\"text\/css\" data-created_by=\"avia_inline_auto\" id=\"style-css-av-148vyt-dbef7863b75d83932a74555e6fc5e70f\">\n.avia-image-container.av-148vyt-dbef7863b75d83932a74555e6fc5e70f img.avia_image{\nbox-shadow:none;\n}\n.avia-image-container.av-148vyt-dbef7863b75d83932a74555e6fc5e70f .av-image-caption-overlay-center{\ncolor:#ffffff;\n}\n<\/style>\n<div  class='avia-image-container av-148vyt-dbef7863b75d83932a74555e6fc5e70f av-styling-no-styling avia-align-center  avia-builder-el-21  avia-builder-el-no-sibling  img-border'   itemprop=\"image\" itemscope=\"itemscope\" itemtype=\"https:\/\/schema.org\/ImageObject\" ><div class=\"avia-image-container-inner\"><div class=\"avia-image-overlay-wrap\"><img decoding=\"async\" fetchpriority=\"high\" class='wp-image-1704 avia-img-lazy-loading-not-1704 avia_image ' src=\"https:\/\/24seven-assistance.com\/wp-content\/uploads\/2022\/01\/Customer-Service-24-7-Assistance.jpg\" alt='' title='Customer-Service-24-7-Assistance'  height=\"550\" width=\"550\"  itemprop=\"thumbnailUrl\" srcset=\"https:\/\/24seven-assistance.com\/wp-content\/uploads\/2022\/01\/Customer-Service-24-7-Assistance.jpg 550w, https:\/\/24seven-assistance.com\/wp-content\/uploads\/2022\/01\/Customer-Service-24-7-Assistance-300x300.jpg 300w, https:\/\/24seven-assistance.com\/wp-content\/uploads\/2022\/01\/Customer-Service-24-7-Assistance-80x80.jpg 80w, https:\/\/24seven-assistance.com\/wp-content\/uploads\/2022\/01\/Customer-Service-24-7-Assistance-36x36.jpg 36w, https:\/\/24seven-assistance.com\/wp-content\/uploads\/2022\/01\/Customer-Service-24-7-Assistance-180x180.jpg 180w\" sizes=\"(max-width: 550px) 100vw, 550px\" \/><\/div><\/div><\/div><\/div><\/div><!--close flex column wrapper. Autoclose: 1 -->\n<style type=\"text\/css\" data-created_by=\"avia_inline_auto\" id=\"style-css-av-kxae74b9-15682d2c9d85618e629b521265e1ad38\">\n#top .hr.hr-invisible.av-kxae74b9-15682d2c9d85618e629b521265e1ad38{\nheight:100px;\n}\n<\/style>\n<div  class='hr av-kxae74b9-15682d2c9d85618e629b521265e1ad38 hr-invisible  avia-builder-el-22  el_after_av_one_half  avia-builder-el-last '><span class='hr-inner '><span class=\"hr-inner-style\"><\/span><\/span><\/div>\n<\/div><\/div><\/div><!-- close content main div --><\/div><\/div><div id='after_section_3'  class='main_color av_default_container_wrap container_wrap sidebar_right'  ><div class='container av-section-cont-open' ><div class='template-page content  av-content-small alpha units'><div class='post-entry post-entry-type-page post-entry-1760'><div class='entry-content-wrapper clearfix'><\/p>\n","protected":false},"excerpt":{"rendered":"","protected":false},"author":1,"featured_media":0,"parent":0,"menu_order":0,"comment_status":"closed","ping_status":"closed","template":"","meta":{"inline_featured_image":false,"footnotes":""},"class_list":["post-1760","page","type-page","status-publish","hentry"],"_links":{"self":[{"href":"https:\/\/24seven-assistance.com\/pl\/wp-json\/wp\/v2\/pages\/1760","targetHints":{"allow":["GET"]}}],"collection":[{"href":"https:\/\/24seven-assistance.com\/pl\/wp-json\/wp\/v2\/pages"}],"about":[{"href":"https:\/\/24seven-assistance.com\/pl\/wp-json\/wp\/v2\/types\/page"}],"author":[{"embeddable":true,"href":"https:\/\/24seven-assistance.com\/pl\/wp-json\/wp\/v2\/users\/1"}],"replies":[{"embeddable":true,"href":"https:\/\/24seven-assistance.com\/pl\/wp-json\/wp\/v2\/comments?post=1760"}],"version-history":[{"count":0,"href":"https:\/\/24seven-assistance.com\/pl\/wp-json\/wp\/v2\/pages\/1760\/revisions"}],"wp:attachment":[{"href":"https:\/\/24seven-assistance.com\/pl\/wp-json\/wp\/v2\/media?parent=1760"}],"curies":[{"name":"wp","href":"https:\/\/api.w.org\/{rel}","templated":true}]}}