{"id":1775,"date":"2022-01-11T14:45:01","date_gmt":"2022-01-11T13:45:01","guid":{"rendered":"https:\/\/24seven-assistance.com\/unternehmen\/karriere\/"},"modified":"2022-03-03T14:16:29","modified_gmt":"2022-03-03T13:16:29","slug":"kariera","status":"publish","type":"page","link":"https:\/\/24seven-assistance.com\/pl\/unternehmen\/kariera\/","title":{"rendered":"Kariera"},"content":{"rendered":"\n<style type=\"text\/css\" data-created_by=\"avia_inline_auto\" id=\"style-css-av-kxa4r9c3-ffedfad267db46917980ea63b3b06e71\">\n.avia-section.av-kxa4r9c3-ffedfad267db46917980ea63b3b06e71{\nbackground-repeat:no-repeat;\nbackground-image:url(https:\/\/24seven-assistance.com\/wp-content\/uploads\/2022\/01\/Karriere-Career-Assistance-Europe.jpg);\nbackground-position:50% 50%;\nbackground-attachment:scroll;\n}\n<\/style>\n<div id='av_section_1'  class='avia-section av-kxa4r9c3-ffedfad267db46917980ea63b3b06e71 main_color avia-section-default avia-no-border-styling  avia-builder-el-0  el_before_av_section  avia-builder-el-first  avia-full-stretch avia-bg-style-scroll av-minimum-height av-minimum-height-40 av-height-percent  container_wrap sidebar_right'  data-section-bg-repeat='stretch' data-av_minimum_height_pc='40' data-av_min_height_opt='percent'><div class='container av-section-cont-open' ><main  role=\"main\" itemprop=\"mainContentOfPage\"  class='template-page content  av-content-small alpha units'><div class='post-entry post-entry-type-page post-entry-1775'><div class='entry-content-wrapper clearfix'>\n<div  class='flex_column av-kxej89kt-893680486796c402e306e7a3de25f9bc av_one_full  avia-builder-el-1  avia-builder-el-no-sibling  hl-over-img first flex_column_div  '     ><style type=\"text\/css\" data-created_by=\"avia_inline_auto\" id=\"style-css-av-kxac6u6f-a19d162ea54a838249fca4828626bc24\">\n#top .av-special-heading.av-kxac6u6f-a19d162ea54a838249fca4828626bc24{\npadding-bottom:10px;\n}\nbody .av-special-heading.av-kxac6u6f-a19d162ea54a838249fca4828626bc24 .av-special-heading-tag .heading-char{\nfont-size:25px;\n}\n.av-special-heading.av-kxac6u6f-a19d162ea54a838249fca4828626bc24 .av-subheading{\nfont-size:15px;\n}\n<\/style>\n<div  class='av-special-heading av-kxac6u6f-a19d162ea54a838249fca4828626bc24 av-special-heading-h3 blockquote modern-quote modern-centered  avia-builder-el-2  avia-builder-el-no-sibling '><h3 class='av-special-heading-tag '  itemprop=\"headline\"  >Razem ud\u017awigniemy wi\u0119cej<\/h3><div class=\"special-heading-border\"><div class=\"special-heading-inner-border\"><\/div><\/div><\/div><\/div>\n\n<\/div><\/div><\/main><!-- close content main element --><\/div><\/div><div id='av_section_2'  class='avia-section av-kxa8o8jg-6c536374e34c3585c7457f0f52227458 main_color avia-section-no-padding avia-no-border-styling  avia-builder-el-3  el_after_av_section  el_before_av_section  inner-content first-content-overlay avia-bg-style-scroll container_wrap sidebar_right'  ><div class='container av-section-cont-open' ><div class='template-page content  av-content-small alpha units'><div class='post-entry post-entry-type-page post-entry-1775'><div class='entry-content-wrapper clearfix'>\n\n<style type=\"text\/css\" data-created_by=\"avia_inline_auto\" id=\"style-css-av-ky4a1pb8-ebb0db7d64c9973de7aee1deaff476db\">\n#top .hr.av-ky4a1pb8-ebb0db7d64c9973de7aee1deaff476db{\nmargin-top:57px;\nmargin-bottom:18px;\n}\n.hr.av-ky4a1pb8-ebb0db7d64c9973de7aee1deaff476db .hr-inner{\nwidth:100%;\nborder-color:#bfbbba;\n}\n<\/style>\n<div  class='hr av-ky4a1pb8-ebb0db7d64c9973de7aee1deaff476db hr-custom  avia-builder-el-4  el_before_av_textblock  avia-builder-el-first  hr-center hr-icon-no'><span class='hr-inner inner-border-av-border-thin'><span class=\"hr-inner-style\"><\/span><\/span><\/div>\n<section  class='av_textblock_section av-kxaccxwc-29c9ccbaa3e24e23e7ea339f9b034995 '   itemscope=\"itemscope\" itemtype=\"https:\/\/schema.org\/CreativeWork\" ><div class='avia_textblock text-large'  itemprop=\"text\" ><h6>Kariera<\/h6>\n<h2>Zosta\u0144 cz\u0119\u015bci\u0105 naszego zespo\u0142u.<\/h2>\n<p>Jako aspiruj\u0105ca i stale rozwijaj\u0105ca si\u0119 firma zawsze poszukujemy kompetentnych pracownik\u00f3w do pracy w r\u00f3\u017cnych obszarach. Czy masz podej\u015bcie zorientowane na cel i uwa\u017casz, \u017ce dobrze pasowa\u0142by\u015b do naszego zespo\u0142u? Aplikuj do nas!<\/p>\n<\/div><\/section>\n\n<\/div><\/div><\/div><!-- close content main div --><\/div><\/div><div id='av_section_3'  class='avia-section av-kya630o8-0ea340c32839f7e36bf068d9c28d8669 alternate_color avia-section-default avia-no-border-styling  avia-builder-el-6  el_after_av_section  el_before_av_section  inner-content job av-desktop-hide av-medium-hide av-small-hide av-mini-hide avia-bg-style-scroll container_wrap sidebar_right'  ><div class='container av-section-cont-open' ><div class='template-page content  av-content-small alpha units'><div class='post-entry post-entry-type-page post-entry-1775'><div class='entry-content-wrapper clearfix'>\n\n<style type=\"text\/css\" data-created_by=\"avia_inline_auto\" id=\"style-css-av-kya6oior-9505211bcc54663014abd477ea6c4f0d\">\n#top .av-special-heading.av-kya6oior-9505211bcc54663014abd477ea6c4f0d{\npadding-bottom:10px;\ncolor:#ffffff;\n}\nbody .av-special-heading.av-kya6oior-9505211bcc54663014abd477ea6c4f0d .av-special-heading-tag .heading-char{\nfont-size:25px;\n}\n.av-special-heading.av-kya6oior-9505211bcc54663014abd477ea6c4f0d .special-heading-inner-border{\nborder-color:#ffffff;\n}\n.av-special-heading.av-kya6oior-9505211bcc54663014abd477ea6c4f0d .av-subheading{\nfont-size:15px;\n}\n<\/style>\n<div  class='av-special-heading av-kya6oior-9505211bcc54663014abd477ea6c4f0d av-special-heading-h5 custom-color-heading blockquote modern-quote  avia-builder-el-7  el_before_av_hr  avia-builder-el-first '><h5 class='av-special-heading-tag '  itemprop=\"headline\"  >Obecnie poszukujemy wsparcia w nast\u0119puj\u0105cych obszarach:<\/h5><div class=\"special-heading-border\"><div class=\"special-heading-inner-border\"><\/div><\/div><\/div>\n\n<style type=\"text\/css\" data-created_by=\"avia_inline_auto\" id=\"style-css-av-kya7vxwo-e709bceb1c5034f090d9327b3ec8648d\">\n#top .hr.hr-invisible.av-kya7vxwo-e709bceb1c5034f090d9327b3ec8648d{\nheight:30px;\n}\n<\/style>\n<div  class='hr av-kya7vxwo-e709bceb1c5034f090d9327b3ec8648d hr-invisible  avia-builder-el-8  el_after_av_heading  el_before_av_one_full '><span class='hr-inner '><span class=\"hr-inner-style\"><\/span><\/span><\/div>\n<div  class='flex_column av-kya7fbg1-acd750f64f344ffe44819b45aa68cdbd av_one_full  avia-builder-el-9  el_after_av_hr  el_before_av_one_full  first flex_column_div  '     ><p>\n<style type=\"text\/css\" data-created_by=\"avia_inline_auto\" id=\"style-css-av-kya6s1sy-c6ec38c3a84e55eb5f6b947386bfbc16\">\n#top .av-special-heading.av-kya6s1sy-c6ec38c3a84e55eb5f6b947386bfbc16{\npadding-bottom:0;\n}\nbody .av-special-heading.av-kya6s1sy-c6ec38c3a84e55eb5f6b947386bfbc16 .av-special-heading-tag .heading-char{\nfont-size:25px;\n}\n.av-special-heading.av-kya6s1sy-c6ec38c3a84e55eb5f6b947386bfbc16 .av-subheading{\nfont-size:15px;\n}\n<\/style>\n<div  class='av-special-heading av-kya6s1sy-c6ec38c3a84e55eb5f6b947386bfbc16 av-special-heading-h2 blockquote modern-quote  avia-builder-el-10  el_before_av_hr  avia-builder-el-first '><h2 class='av-special-heading-tag '  itemprop=\"headline\"  >Team Assistant (m\/w\/d)<\/h2><div class=\"special-heading-border\"><div class=\"special-heading-inner-border\"><\/div><\/div><\/div><br \/>\n\n<style type=\"text\/css\" data-created_by=\"avia_inline_auto\" id=\"style-css-av-kya6sx1p-35fd91f751feda6c7e21fa61b9b05b17\">\n#top .hr.av-kya6sx1p-35fd91f751feda6c7e21fa61b9b05b17{\nmargin-top:0;\nmargin-bottom:15px;\n}\n.hr.av-kya6sx1p-35fd91f751feda6c7e21fa61b9b05b17 .hr-inner{\nwidth:100%;\nborder-color:#ffffff;\n}\n<\/style>\n<div  class='hr av-kya6sx1p-35fd91f751feda6c7e21fa61b9b05b17 hr-custom  avia-builder-el-11  el_after_av_heading  el_before_av_textblock  hr-left hr-icon-no'><span class='hr-inner inner-border-av-border-thin'><span class=\"hr-inner-style\"><\/span><\/span><\/div><br \/>\n<section  class='av_textblock_section av-kya6sbfn-7c0ac3a38a458f69837d6d047f8eb08d '   itemscope=\"itemscope\" itemtype=\"https:\/\/schema.org\/CreativeWork\" ><div class='avia_textblock'  itemprop=\"text\" ><p>Sie unterst\u00fctzen das gesamte Team in der Meetingorganisation (Erstellung von Agenden und Meeting Protokollen) unter anderem von &#8230;<\/p>\n<\/div><\/section><br \/>\n<div  class='avia-button-wrap av-kya6rf4u-e85bb1ec69f980b5b7c3994e949bdb34-wrap avia-button-left  avia-builder-el-13  el_after_av_textblock  avia-builder-el-last '>\n<style type=\"text\/css\" data-created_by=\"avia_inline_auto\" id=\"style-css-av-kya6rf4u-e85bb1ec69f980b5b7c3994e949bdb34\">\n#top #wrap_all .avia-button.av-kya6rf4u-e85bb1ec69f980b5b7c3994e949bdb34:hover{\ncolor:white;\ntransition:all 0.4s ease-in-out;\n}\n#top #wrap_all .avia-button.av-kya6rf4u-e85bb1ec69f980b5b7c3994e949bdb34:hover .avia-svg-icon svg:first-child{\nfill:white;\nstroke:white;\n}\n<\/style>\n<a href=''  class='avia-button av-kya6rf4u-e85bb1ec69f980b5b7c3994e949bdb34 av-link-btn avia-icon_select-yes-left-icon avia-size-small avia-position-left avia-color-theme-color avia-font-color-black'   aria-label=\"szceg\u00f3\u0142y\"><span class='avia_button_icon avia_button_icon_left avia-iconfont avia-font-fontello' data-av_icon='\ue800' data-av_iconfont='fontello' ><\/span><span class='avia_iconbox_title' >szceg\u00f3\u0142y<\/span><span class='avia_button_background avia-button avia-color-theme-color' ><\/span><\/a><\/div><\/p><\/div><div  class='flex_column av-1m067h-fc8e87398582b89326e457629234304d av_one_full  avia-builder-el-14  el_after_av_one_full  el_before_av_one_full  first flex_column_div  column-top-margin'     ><p>\n<style type=\"text\/css\" data-created_by=\"avia_inline_auto\" id=\"style-css-av-kya7wa9d-d35f85a85a872da90b144ab2d405e983\">\n#top .av-special-heading.av-kya7wa9d-d35f85a85a872da90b144ab2d405e983{\npadding-bottom:0;\n}\nbody .av-special-heading.av-kya7wa9d-d35f85a85a872da90b144ab2d405e983 .av-special-heading-tag .heading-char{\nfont-size:25px;\n}\n.av-special-heading.av-kya7wa9d-d35f85a85a872da90b144ab2d405e983 .av-subheading{\nfont-size:15px;\n}\n<\/style>\n<div  class='av-special-heading av-kya7wa9d-d35f85a85a872da90b144ab2d405e983 av-special-heading-h2 blockquote modern-quote  avia-builder-el-15  el_before_av_hr  avia-builder-el-first '><h2 class='av-special-heading-tag '  itemprop=\"headline\"  >Stelle 2 (m\/w\/d)<\/h2><div class=\"special-heading-border\"><div class=\"special-heading-inner-border\"><\/div><\/div><\/div><br \/>\n\n<style type=\"text\/css\" data-created_by=\"avia_inline_auto\" id=\"style-css-av-1exqhh-1c8cba9b401a820ee1cc9ed29a6dec88\">\n#top .hr.av-1exqhh-1c8cba9b401a820ee1cc9ed29a6dec88{\nmargin-top:0;\nmargin-bottom:15px;\n}\n.hr.av-1exqhh-1c8cba9b401a820ee1cc9ed29a6dec88 .hr-inner{\nwidth:100%;\nborder-color:#ffffff;\n}\n<\/style>\n<div  class='hr av-1exqhh-1c8cba9b401a820ee1cc9ed29a6dec88 hr-custom  avia-builder-el-16  el_after_av_heading  el_before_av_textblock  hr-left hr-icon-no'><span class='hr-inner inner-border-av-border-thin'><span class=\"hr-inner-style\"><\/span><\/span><\/div><br \/>\n<section  class='av_textblock_section av-4qmkl-fc955a8f77af09e3f4c19902e40e5baf '   itemscope=\"itemscope\" itemtype=\"https:\/\/schema.org\/CreativeWork\" ><div class='avia_textblock'  itemprop=\"text\" ><p>Sie unterst\u00fctzen das gesamte Team in der Meetingorganisation (Erstellung von Agenden und Meeting Protokollen) unter anderem von &#8230;<\/p>\n<\/div><\/section><br \/>\n<div  class='avia-button-wrap av-15g0sd-3e8483c722884487450f1eeabc007341-wrap avia-button-left  avia-builder-el-18  el_after_av_textblock  avia-builder-el-last '>\n<style type=\"text\/css\" data-created_by=\"avia_inline_auto\" id=\"style-css-av-15g0sd-3e8483c722884487450f1eeabc007341\">\n#top #wrap_all .avia-button.av-15g0sd-3e8483c722884487450f1eeabc007341:hover{\ncolor:white;\ntransition:all 0.4s ease-in-out;\n}\n#top #wrap_all .avia-button.av-15g0sd-3e8483c722884487450f1eeabc007341:hover .avia-svg-icon svg:first-child{\nfill:white;\nstroke:white;\n}\n<\/style>\n<a href=''  class='avia-button av-15g0sd-3e8483c722884487450f1eeabc007341 av-link-btn avia-icon_select-yes-left-icon avia-size-small avia-position-left avia-color-theme-color avia-font-color-black'   aria-label=\"szczeg\u00f3\u0142y\"><span class='avia_button_icon avia_button_icon_left avia-iconfont avia-font-fontello' data-av_icon='\ue800' data-av_iconfont='fontello' ><\/span><span class='avia_iconbox_title' >szczeg\u00f3\u0142y<\/span><span class='avia_button_background avia-button avia-color-theme-color' ><\/span><\/a><\/div><\/p><\/div><div  class='flex_column av-vaa4d-1104af5635661aa8d7ab2c66f0a523cc av_one_full  avia-builder-el-19  el_after_av_one_full  avia-builder-el-last  first flex_column_div  column-top-margin'     ><p>\n<style type=\"text\/css\" data-created_by=\"avia_inline_auto\" id=\"style-css-av-kya811ey-018f0fcb9f60ee55e796b51468e33b39\">\n#top .av-special-heading.av-kya811ey-018f0fcb9f60ee55e796b51468e33b39{\npadding-bottom:0;\n}\nbody .av-special-heading.av-kya811ey-018f0fcb9f60ee55e796b51468e33b39 .av-special-heading-tag .heading-char{\nfont-size:25px;\n}\n.av-special-heading.av-kya811ey-018f0fcb9f60ee55e796b51468e33b39 .av-subheading{\nfont-size:15px;\n}\n<\/style>\n<div  class='av-special-heading av-kya811ey-018f0fcb9f60ee55e796b51468e33b39 av-special-heading-h2 blockquote modern-quote  avia-builder-el-20  el_before_av_hr  avia-builder-el-first '><h2 class='av-special-heading-tag '  itemprop=\"headline\"  >Stelle 3 (m\/w\/d)<\/h2><div class=\"special-heading-border\"><div class=\"special-heading-inner-border\"><\/div><\/div><\/div><br \/>\n\n<style type=\"text\/css\" data-created_by=\"avia_inline_auto\" id=\"style-css-av-s2rxx-d046b65ac99f96574c855a66c16ad2a3\">\n#top .hr.av-s2rxx-d046b65ac99f96574c855a66c16ad2a3{\nmargin-top:0;\nmargin-bottom:15px;\n}\n.hr.av-s2rxx-d046b65ac99f96574c855a66c16ad2a3 .hr-inner{\nwidth:100%;\nborder-color:#ffffff;\n}\n<\/style>\n<div  class='hr av-s2rxx-d046b65ac99f96574c855a66c16ad2a3 hr-custom  avia-builder-el-21  el_after_av_heading  el_before_av_textblock  hr-left hr-icon-no'><span class='hr-inner inner-border-av-border-thin'><span class=\"hr-inner-style\"><\/span><\/span><\/div><br \/>\n<section  class='av_textblock_section av-lack5-3c2ccacdc06f140dac4d48fa0ebc6e3b '   itemscope=\"itemscope\" itemtype=\"https:\/\/schema.org\/CreativeWork\" ><div class='avia_textblock'  itemprop=\"text\" ><p>Sie unterst\u00fctzen das gesamte Team in der Meetingorganisation (Erstellung von Agenden und Meeting Protokollen) unter anderem von &#8230;<\/p>\n<\/div><\/section><br \/>\n<div  class='avia-button-wrap av-ezvs5-3132e0df2dca52e592b8281188ee5d80-wrap avia-button-left  avia-builder-el-23  el_after_av_textblock  avia-builder-el-last '>\n<style type=\"text\/css\" data-created_by=\"avia_inline_auto\" id=\"style-css-av-ezvs5-3132e0df2dca52e592b8281188ee5d80\">\n#top #wrap_all .avia-button.av-ezvs5-3132e0df2dca52e592b8281188ee5d80:hover{\ncolor:white;\ntransition:all 0.4s ease-in-out;\n}\n#top #wrap_all .avia-button.av-ezvs5-3132e0df2dca52e592b8281188ee5d80:hover .avia-svg-icon svg:first-child{\nfill:white;\nstroke:white;\n}\n<\/style>\n<a href=''  class='avia-button av-ezvs5-3132e0df2dca52e592b8281188ee5d80 av-link-btn avia-icon_select-yes-left-icon avia-size-small avia-position-left avia-color-theme-color avia-font-color-black'   aria-label=\"szczeg\u00f3\u0142y\"><span class='avia_button_icon avia_button_icon_left avia-iconfont avia-font-fontello' data-av_icon='\ue800' data-av_iconfont='fontello' ><\/span><span class='avia_iconbox_title' >szczeg\u00f3\u0142y<\/span><span class='avia_button_background avia-button avia-color-theme-color' ><\/span><\/a><\/div><\/p><\/div>\n\n<\/div><\/div><\/div><!-- close content main div --><\/div><\/div><div id='av_section_4'  class='avia-section av-kya8j471-80fbd76f28c92bfa376304f5e3bec9d1 main_color avia-section-no-padding avia-no-border-styling  avia-builder-el-24  el_after_av_section  avia-builder-el-last  inner-content avia-bg-style-scroll container_wrap sidebar_right'  ><div class='container av-section-cont-open' ><div class='template-page content  av-content-small alpha units'><div class='post-entry post-entry-type-page post-entry-1775'><div class='entry-content-wrapper clearfix'>\n\n<style type=\"text\/css\" data-created_by=\"avia_inline_auto\" id=\"style-css-av-kya7ujqv-ab2cc78f779751f8181ff18e43ee1ad9\">\n#top .hr.hr-invisible.av-kya7ujqv-ab2cc78f779751f8181ff18e43ee1ad9{\nheight:80px;\n}\n<\/style>\n<div  class='hr av-kya7ujqv-ab2cc78f779751f8181ff18e43ee1ad9 hr-invisible  avia-builder-el-25  el_before_av_textblock  avia-builder-el-first  av-desktop-hide av-medium-hide av-small-hide av-mini-hide'><span class='hr-inner '><span class=\"hr-inner-style\"><\/span><\/span><\/div>\n<section  class='av_textblock_section av-kya8jqba-f32a09eb1667a0fb1983722e7b1dfbe8 '   itemscope=\"itemscope\" itemtype=\"https:\/\/schema.org\/CreativeWork\" ><div class='avia_textblock'  itemprop=\"text\" ><p>Zainteresowany? Po prostu prze\u015blij nam swoj\u0105 aplikacj\u0119 za pomoc\u0105 poni\u017cszego formularza.<\/p>\n<h5>Obecnie nie ma dla Ciebie odpowiedniego stanowiska?<\/h5>\n<p>W takim razie po prostu wy\u015blij nam Swoje, CV lub z\u0142\u00f3\u017c aplikacj\u0119 on-line!<\/p>\n<\/div><\/section>\n<section  class='av_textblock_section av-kyb8pbj4-77f404bd9c1baf2e9a5028c353d31a6d '   itemscope=\"itemscope\" itemtype=\"https:\/\/schema.org\/CreativeWork\" ><div class='avia_textblock'  itemprop=\"text\" >\n<div class=\"wpcf7 no-js\" id=\"wpcf7-f2014-o1\" lang=\"de-DE\" dir=\"ltr\" data-wpcf7-id=\"2014\">\n<div class=\"screen-reader-response\"><p role=\"status\" aria-live=\"polite\" aria-atomic=\"true\"><\/p> <ul><\/ul><\/div>\n<form action=\"\/pl\/wp-json\/wp\/v2\/pages\/1775#wpcf7-f2014-o1\" method=\"post\" class=\"wpcf7-form init\" aria-label=\"Kontaktformular\" enctype=\"multipart\/form-data\" novalidate=\"novalidate\" data-status=\"init\">\n<fieldset class=\"hidden-fields-container\"><input type=\"hidden\" name=\"_wpcf7\" value=\"2014\" \/><input type=\"hidden\" name=\"_wpcf7_version\" value=\"6.1.5\" \/><input type=\"hidden\" name=\"_wpcf7_locale\" value=\"de_DE\" \/><input type=\"hidden\" name=\"_wpcf7_unit_tag\" value=\"wpcf7-f2014-o1\" \/><input type=\"hidden\" name=\"_wpcf7_container_post\" value=\"0\" \/><input type=\"hidden\" name=\"_wpcf7_posted_data_hash\" value=\"\" \/>\n<\/fieldset>\n<div id=\"form-wrap\">\n\t<div class=\"form-row form-col\">\n\t\t<p><span class=\"wpcf7-form-control-wrap\" data-name=\"Vorname\"><input size=\"40\" maxlength=\"400\" class=\"wpcf7-form-control wpcf7-text wpcf7-validates-as-required\" aria-required=\"true\" aria-invalid=\"false\" placeholder=\"Imi\u0119*\" value=\"\" type=\"text\" name=\"Vorname\" \/><\/span><span class=\"wpcf7-form-control-wrap\" data-name=\"Nachname\"><input size=\"40\" maxlength=\"400\" class=\"wpcf7-form-control wpcf7-text wpcf7-validates-as-required\" aria-required=\"true\" aria-invalid=\"false\" placeholder=\"Nazwisko*\" value=\"\" type=\"text\" name=\"Nachname\" \/><\/span>\n\t\t<\/p>\n\t<\/div>\n\t<div class=\"form-row form-col\">\n\t\t<p><span class=\"wpcf7-form-control-wrap\" data-name=\"Email\"><input size=\"40\" maxlength=\"400\" class=\"wpcf7-form-control wpcf7-email wpcf7-validates-as-required wpcf7-text wpcf7-validates-as-email\" aria-required=\"true\" aria-invalid=\"false\" placeholder=\"E-Mail*\" value=\"\" type=\"email\" name=\"Email\" \/><\/span><span class=\"wpcf7-form-control-wrap\" data-name=\"Telefon\"><input size=\"40\" maxlength=\"400\" class=\"wpcf7-form-control wpcf7-tel wpcf7-validates-as-required wpcf7-text wpcf7-validates-as-tel\" aria-required=\"true\" aria-invalid=\"false\" placeholder=\"Telefon*\" value=\"\" type=\"tel\" name=\"Telefon\" \/><\/span>\n\t\t<\/p>\n\t<\/div>\n\t<div class=\"form-row\">\n\t\t<p><span class=\"form-font\">Tw\u00f3j list motywacyjny (w formacie PDF, maks. 10 MB)<\/span><span class=\"wpcf7-form-control-wrap\" data-name=\"dateiupload1\"><input size=\"40\" class=\"wpcf7-form-control wpcf7-file\" accept=\".pdf\" aria-invalid=\"false\" type=\"file\" name=\"dateiupload1\" \/><\/span>\n\t\t<\/p>\n\t<\/div>\n\t<div class=\"form-row\">\n\t\t<p><span class=\"form-font\">Twoje Curriculum Vitae (C.V.) (w formacie PDF, max 10MB)<\/span><span class=\"wpcf7-form-control-wrap\" data-name=\"dateiupload2\"><input size=\"40\" class=\"wpcf7-form-control wpcf7-file\" accept=\".pdf\" aria-invalid=\"false\" type=\"file\" name=\"dateiupload2\" \/><\/span>\n\t\t<\/p>\n\t<\/div>\n\t<div class=\"form-row\">\n\t\t<p><span class=\"wpcf7-form-control-wrap\" data-name=\"datenschutz\"><span class=\"wpcf7-form-control wpcf7-checkbox wpcf7-validates-as-required\"><span class=\"wpcf7-list-item first last\"><label><input type=\"checkbox\" name=\"datenschutz[]\" value=\"Zapozna\u0142em si\u0119 i akceptuj\u0119 polityk\u0119 prywatno\u015bci. Zgod\u0119 mo\u017cna usun\u0105\u0107 w dowolnym momencie, wysy\u0142aj\u0105c wiadomo\u015b\u0107 e-mail na adres info@24seven-assistance.com.\" \/><span class=\"wpcf7-list-item-label\">Zapozna\u0142em si\u0119 i akceptuj\u0119 polityk\u0119 prywatno\u015bci. Zgod\u0119 mo\u017cna usun\u0105\u0107 w dowolnym momencie, wysy\u0142aj\u0105c wiadomo\u015b\u0107 e-mail na adres info@24seven-assistance.com.<\/span><\/label><\/span><\/span><\/span>\n\t\t<\/p>\n\t<\/div>\n\t<div class=\"req\">\n\t\t<p>Pole obowi\u0105zkowe*\n\t\t<\/p>\n\t<\/div>\n\t<div class=\"submit\">\n\t\t<p><input class=\"wpcf7-form-control wpcf7-submit has-spinner\" type=\"submit\" value=\"Wy\u015blij aplikacje\" \/>\n\t\t<\/p>\n\t<\/div>\n<\/div><div class=\"wpcf7-response-output\" aria-hidden=\"true\"><\/div>\n<\/form>\n<\/div>\n\n<\/div><\/section>\n\n<style type=\"text\/css\" data-created_by=\"avia_inline_auto\" id=\"style-css-av-850fp-439e18e5042125f75a1ccd3733bf7b41\">\n#top .hr.hr-invisible.av-850fp-439e18e5042125f75a1ccd3733bf7b41{\nheight:50px;\n}\n<\/style>\n<div  class='hr av-850fp-439e18e5042125f75a1ccd3733bf7b41 hr-invisible  avia-builder-el-28  el_after_av_textblock  avia-builder-el-last '><span class='hr-inner '><span class=\"hr-inner-style\"><\/span><\/span><\/div>\n<\/div><\/div><\/div><!-- close content main div --><\/div><\/div><div id='after_section_4'  class='main_color av_default_container_wrap container_wrap sidebar_right'  ><div class='container av-section-cont-open' ><div class='template-page content  av-content-small alpha units'><div class='post-entry post-entry-type-page post-entry-1775'><div class='entry-content-wrapper clearfix'>\n","protected":false},"excerpt":{"rendered":"","protected":false},"author":1,"featured_media":0,"parent":1772,"menu_order":1,"comment_status":"closed","ping_status":"closed","template":"","meta":{"inline_featured_image":false,"footnotes":""},"class_list":["post-1775","page","type-page","status-publish","hentry"],"_links":{"self":[{"href":"https:\/\/24seven-assistance.com\/pl\/wp-json\/wp\/v2\/pages\/1775","targetHints":{"allow":["GET"]}}],"collection":[{"href":"https:\/\/24seven-assistance.com\/pl\/wp-json\/wp\/v2\/pages"}],"about":[{"href":"https:\/\/24seven-assistance.com\/pl\/wp-json\/wp\/v2\/types\/page"}],"author":[{"embeddable":true,"href":"https:\/\/24seven-assistance.com\/pl\/wp-json\/wp\/v2\/users\/1"}],"replies":[{"embeddable":true,"href":"https:\/\/24seven-assistance.com\/pl\/wp-json\/wp\/v2\/comments?post=1775"}],"version-history":[{"count":0,"href":"https:\/\/24seven-assistance.com\/pl\/wp-json\/wp\/v2\/pages\/1775\/revisions"}],"up":[{"embeddable":true,"href":"https:\/\/24seven-assistance.com\/pl\/wp-json\/wp\/v2\/pages\/1772"}],"wp:attachment":[{"href":"https:\/\/24seven-assistance.com\/pl\/wp-json\/wp\/v2\/media?parent=1775"}],"curies":[{"name":"wp","href":"https:\/\/api.w.org\/{rel}","templated":true}]}}