{"id":1778,"date":"2022-02-03T08:01:50","date_gmt":"2022-02-03T07:01:50","guid":{"rendered":"https:\/\/24seven-assistance.com\/unternehmen\/presse\/"},"modified":"2022-02-25T15:13:41","modified_gmt":"2022-02-25T14:13:41","slug":"presse","status":"publish","type":"page","link":"https:\/\/24seven-assistance.com\/pl\/unternehmen\/presse\/","title":{"rendered":"Prasa"},"content":{"rendered":"\n<style type=\"text\/css\" data-created_by=\"avia_inline_auto\" id=\"style-css-av-kxa4r9c3-8884e82bf9910e9a95839ee6b2cbab4b\">\n.avia-section.av-kxa4r9c3-8884e82bf9910e9a95839ee6b2cbab4b{\nbackground-repeat:no-repeat;\nbackground-image:url(https:\/\/24seven-assistance.com\/wp-content\/uploads\/2022\/01\/Beratung-Kontakt-24-7-Assistance.jpg);\nbackground-position:50% 50%;\nbackground-attachment:scroll;\n}\n<\/style>\n<div id='av_section_1'  class='avia-section av-kxa4r9c3-8884e82bf9910e9a95839ee6b2cbab4b main_color avia-section-default avia-no-border-styling  avia-builder-el-0  el_before_av_section  avia-builder-el-first  avia-full-stretch avia-bg-style-scroll av-minimum-height av-minimum-height-40 av-height-percent  container_wrap sidebar_right'  data-section-bg-repeat='stretch' data-av_minimum_height_pc='40' data-av_min_height_opt='percent'><div class='container av-section-cont-open' ><main  role=\"main\" itemprop=\"mainContentOfPage\"  class='template-page content  av-content-small alpha units'><div class='post-entry post-entry-type-page post-entry-1778'><div class='entry-content-wrapper clearfix'>\n<div  class='flex_column av-kxej89kt-893680486796c402e306e7a3de25f9bc av_one_full  avia-builder-el-1  avia-builder-el-no-sibling  hl-over-img first flex_column_div  '     ><style type=\"text\/css\" data-created_by=\"avia_inline_auto\" id=\"style-css-av-kxac6u6f-ff752dc8dffe425d623ac49ccf82397a\">\n#top .av-special-heading.av-kxac6u6f-ff752dc8dffe425d623ac49ccf82397a{\npadding-bottom:10px;\n}\nbody .av-special-heading.av-kxac6u6f-ff752dc8dffe425d623ac49ccf82397a .av-special-heading-tag .heading-char{\nfont-size:25px;\n}\n.av-special-heading.av-kxac6u6f-ff752dc8dffe425d623ac49ccf82397a .av-subheading{\nfont-size:15px;\n}\n<\/style>\n<div  class='av-special-heading av-kxac6u6f-ff752dc8dffe425d623ac49ccf82397a av-special-heading-h3 blockquote modern-quote modern-centered  avia-builder-el-2  avia-builder-el-no-sibling '><h3 class='av-special-heading-tag '  itemprop=\"headline\"  >24\/7. To jest to, za czym si\u0119 opowiadamy.<\/h3><div class=\"special-heading-border\"><div class=\"special-heading-inner-border\"><\/div><\/div><\/div><\/div>\n\n<\/div><\/div><\/main><!-- close content main element --><\/div><\/div><div id='av_section_2'  class='avia-section av-kxa8o8jg-6c536374e34c3585c7457f0f52227458 main_color avia-section-no-padding avia-no-border-styling  avia-builder-el-3  el_after_av_section  el_before_av_layout_row  inner-content first-content-overlay avia-bg-style-scroll container_wrap sidebar_right'  ><div class='container av-section-cont-open' ><div class='template-page content  av-content-small alpha units'><div class='post-entry post-entry-type-page post-entry-1778'><div class='entry-content-wrapper clearfix'>\n\n<style type=\"text\/css\" data-created_by=\"avia_inline_auto\" id=\"style-css-av-ky4a1pb8-ebb0db7d64c9973de7aee1deaff476db\">\n#top .hr.av-ky4a1pb8-ebb0db7d64c9973de7aee1deaff476db{\nmargin-top:57px;\nmargin-bottom:18px;\n}\n.hr.av-ky4a1pb8-ebb0db7d64c9973de7aee1deaff476db .hr-inner{\nwidth:100%;\nborder-color:#bfbbba;\n}\n<\/style>\n<div  class='hr av-ky4a1pb8-ebb0db7d64c9973de7aee1deaff476db hr-custom  avia-builder-el-4  avia-builder-el-no-sibling  hr-center hr-icon-no'><span class='hr-inner inner-border-av-border-thin'><span class=\"hr-inner-style\"><\/span><\/span><\/div>\n\n<\/div><\/div><\/div><!-- close content main div --><\/div><\/div><div id='av-layout-grid-1'  class='av-layout-grid-container av-kz6ojyb1-09f109012f0169d68cbb8aea460e320d entry-content-wrapper main_color av-flex-cells av-break-at-tablet  avia-builder-el-5  el_after_av_section  el_before_av_section  press-entry grid-row-not-first  container_wrap sidebar_right'  >\n\n<style type=\"text\/css\" data-created_by=\"avia_inline_auto\" id=\"style-css-av-kz6oih38-b73b39915ed1ffd5f9d342e5e9f37f07\">\n.flex_cell.av-kz6oih38-b73b39915ed1ffd5f9d342e5e9f37f07{\nvertical-align:middle;\n}\n.responsive #top #wrap_all .flex_cell.av-kz6oih38-b73b39915ed1ffd5f9d342e5e9f37f07{\npadding:0px 0px 0px 0px !important;\n}\n<\/style>\n<div class='flex_cell av-kz6oih38-b73b39915ed1ffd5f9d342e5e9f37f07 av-gridrow-cell av_one_fifth no_margin  avia-builder-el-6  el_before_av_cell_three_fifth  avia-builder-el-first  content-align-middle av-zero-padding'  ><div class='flex_cell_inner'>\n<style type=\"text\/css\" data-created_by=\"avia_inline_auto\" id=\"style-css-av-kz6ofxuv-20cd85a66e594b3542441d131a67e410\">\n#top .av_textblock_section.av-kz6ofxuv-20cd85a66e594b3542441d131a67e410 .avia_textblock{\ncolor:#000000;\n}\n<\/style>\n<section  class='av_textblock_section av-kz6ofxuv-20cd85a66e594b3542441d131a67e410 '   itemscope=\"itemscope\" itemtype=\"https:\/\/schema.org\/CreativeWork\" ><div class='avia_textblock av_inherit_color'  itemprop=\"text\" ><p>19. Juli 2021<\/p>\n<\/div><\/section>\n<\/div><\/div>\n<style type=\"text\/css\" data-created_by=\"avia_inline_auto\" id=\"style-css-av-kz6oonfk-483a58eaf2ad198936bc471a6b2503b8\">\n.flex_cell.av-kz6oonfk-483a58eaf2ad198936bc471a6b2503b8{\nvertical-align:middle;\n}\n.responsive #top #wrap_all .flex_cell.av-kz6oonfk-483a58eaf2ad198936bc471a6b2503b8{\npadding:0px 0px 0px 0px !important;\n}\n<\/style>\n<div class='flex_cell av-kz6oonfk-483a58eaf2ad198936bc471a6b2503b8 av-gridrow-cell av_three_fifth no_margin  avia-builder-el-8  el_after_av_cell_one_fifth  el_before_av_cell_one_fifth  content-align-middle av-zero-padding'  ><div class='flex_cell_inner'>\n<style type=\"text\/css\" data-created_by=\"avia_inline_auto\" id=\"style-css-av-kz6ogffs-45ac9f9d7c2cd0ae89a7221ce4e574bb\">\n#top .av-special-heading.av-kz6ogffs-45ac9f9d7c2cd0ae89a7221ce4e574bb{\npadding-bottom:10px;\ncolor:#000000;\n}\nbody .av-special-heading.av-kz6ogffs-45ac9f9d7c2cd0ae89a7221ce4e574bb .av-special-heading-tag .heading-char{\nfont-size:25px;\n}\n.av-special-heading.av-kz6ogffs-45ac9f9d7c2cd0ae89a7221ce4e574bb .special-heading-inner-border{\nborder-color:#000000;\n}\n.av-special-heading.av-kz6ogffs-45ac9f9d7c2cd0ae89a7221ce4e574bb .av-subheading{\nfont-size:15px;\n}\n<\/style>\n<div  class='av-special-heading av-kz6ogffs-45ac9f9d7c2cd0ae89a7221ce4e574bb av-special-heading-h6 custom-color-heading blockquote modern-quote  avia-builder-el-9  avia-builder-el-no-sibling  av-linked-heading'><h6 class='av-special-heading-tag '  itemprop=\"headline\"  ><a class=\"av-heading-link\" href=\"https:\/\/24seven-assistance.com\/pl\/24-7-assistance-geburt-eines-europ%e2%80%80ischen-mobilit%e2%80%80tsriesen-fu%cc%88r-nutzfahrzeuge\/\" > 24\/7 ASSISTANCE: Narodziny europejskiego giganta mobilno\u015bci dla pojazd\u00f3w u\u017cytkowych<\/a><\/h6><div class=\"special-heading-border\"><div class=\"special-heading-inner-border\"><\/div><\/div><\/div>\n<\/div><\/div>\n<style type=\"text\/css\" data-created_by=\"avia_inline_auto\" id=\"style-css-av-kz6oown5-d3152273d75100721398a5add46cab77\">\n.flex_cell.av-kz6oown5-d3152273d75100721398a5add46cab77{\nvertical-align:middle;\n}\n.responsive #top #wrap_all .flex_cell.av-kz6oown5-d3152273d75100721398a5add46cab77{\npadding:0px 0px 0px 0px !important;\n}\n<\/style>\n<div class='flex_cell av-kz6oown5-d3152273d75100721398a5add46cab77 av-gridrow-cell av_one_fifth no_margin  avia-builder-el-10  el_after_av_cell_three_fifth  avia-builder-el-last  content-align-middle av-zero-padding'  ><div class='flex_cell_inner'><div  class='avia-button-wrap av-kz6ohh1c-304b0eccc2b9283b6b64990a52dd4458-wrap avia-button-left  avia-builder-el-11  avia-builder-el-no-sibling '><a href='https:\/\/24seven-assistance.com\/pl\/24-7-assistance-geburt-eines-europ%e2%80%80ischen-mobilit%e2%80%80tsriesen-fu%cc%88r-nutzfahrzeuge\/'  class='avia-button av-kz6ohh1c-304b0eccc2b9283b6b64990a52dd4458 av-link-btn avia-icon_select-yes-left-icon avia-size-small avia-position-left avia-color-theme-color-highlight'   aria-label=\"do artyku\u0142u\"><span class='avia_button_icon avia_button_icon_left avia-iconfont avia-font-fontello' data-av_icon='\ue800' data-av_iconfont='fontello' ><\/span><span class='avia_iconbox_title' >do artyku\u0142u<\/span><\/a><\/div>\n<\/div><\/div><\/div><div id='av_section_3'  class='avia-section av-kz6tyaf6-e33b4f77ff991ce025f8399bb00df112 main_color avia-section-no-padding avia-no-border-styling  avia-builder-el-12  el_after_av_layout_row  el_before_av_hr  inner-content avia-bg-style-scroll container_wrap sidebar_right'  ><div class='container av-section-cont-open' ><div class='template-page content  av-content-small alpha units'><div class='post-entry post-entry-type-page post-entry-1778'><div class='entry-content-wrapper clearfix'>\n\n<style type=\"text\/css\" data-created_by=\"avia_inline_auto\" id=\"style-css-av-kz6tyzsy-b9d200915d69fb131d7a1e5c8df761e7\">\n#top .hr.hr-invisible.av-kz6tyzsy-b9d200915d69fb131d7a1e5c8df761e7{\nheight:50px;\n}\n<\/style>\n<div  class='hr av-kz6tyzsy-b9d200915d69fb131d7a1e5c8df761e7 hr-invisible  avia-builder-el-13  el_before_av_textblock  avia-builder-el-first '><span class='hr-inner '><span class=\"hr-inner-style\"><\/span><\/span><\/div>\n<section  class='av_textblock_section av-25igdx-a12539549e475e694d3876f92c8aaefd '   itemscope=\"itemscope\" itemtype=\"https:\/\/schema.org\/CreativeWork\" ><div class='avia_textblock text-large'  itemprop=\"text\" ><h6>Kontakt do biura prasowego:<\/h6>\n<h2>ADAC Truckservice<\/h2>\n<p>Carl-Benz-Stra\u00dfe 14<br \/>\n89150 Laichingen<\/p>\n<p>T <a href=\"tel:0049897676853\">+49 89 76 76 853<\/a><br \/>\n<a href=\"https:\/\/presse.adac.de\" target=\"_blank\" rel=\"noopener\">presse.adac.de<\/a><\/p>\n<\/div><\/section>\n<\/div><\/div><\/div><!-- close content main div --><\/div><\/div><div id='after_section_3'  class='main_color av_default_container_wrap container_wrap sidebar_right'  ><div class='container av-section-cont-open' ><div class='template-page content  av-content-small alpha units'><div class='post-entry post-entry-type-page post-entry-1778'><div class='entry-content-wrapper clearfix'><\/p>\n\n<style type=\"text\/css\" data-created_by=\"avia_inline_auto\" id=\"style-css-av-kz6qgm5w-a9742dac70c669583c864f213e53b428\">\n#top .hr.hr-invisible.av-kz6qgm5w-a9742dac70c669583c864f213e53b428{\nheight:10px;\n}\n<\/style>\n<div  class='hr av-kz6qgm5w-a9742dac70c669583c864f213e53b428 hr-invisible  avia-builder-el-15  el_after_av_section  avia-builder-el-no-sibling '><span class='hr-inner '><span class=\"hr-inner-style\"><\/span><\/span><\/div>\n","protected":false},"excerpt":{"rendered":"","protected":false},"author":1,"featured_media":0,"parent":1772,"menu_order":2,"comment_status":"closed","ping_status":"closed","template":"","meta":{"inline_featured_image":false,"footnotes":""},"class_list":["post-1778","page","type-page","status-publish","hentry"],"_links":{"self":[{"href":"https:\/\/24seven-assistance.com\/pl\/wp-json\/wp\/v2\/pages\/1778","targetHints":{"allow":["GET"]}}],"collection":[{"href":"https:\/\/24seven-assistance.com\/pl\/wp-json\/wp\/v2\/pages"}],"about":[{"href":"https:\/\/24seven-assistance.com\/pl\/wp-json\/wp\/v2\/types\/page"}],"author":[{"embeddable":true,"href":"https:\/\/24seven-assistance.com\/pl\/wp-json\/wp\/v2\/users\/1"}],"replies":[{"embeddable":true,"href":"https:\/\/24seven-assistance.com\/pl\/wp-json\/wp\/v2\/comments?post=1778"}],"version-history":[{"count":0,"href":"https:\/\/24seven-assistance.com\/pl\/wp-json\/wp\/v2\/pages\/1778\/revisions"}],"up":[{"embeddable":true,"href":"https:\/\/24seven-assistance.com\/pl\/wp-json\/wp\/v2\/pages\/1772"}],"wp:attachment":[{"href":"https:\/\/24seven-assistance.com\/pl\/wp-json\/wp\/v2\/media?parent=1778"}],"curies":[{"name":"wp","href":"https:\/\/api.w.org\/{rel}","templated":true}]}}